{"id":10,"date":"2024-06-21T17:54:31","date_gmt":"2024-06-21T15:54:31","guid":{"rendered":"http:\/\/rueducosmetic.fr\/?page_id=10"},"modified":"2024-06-21T18:02:45","modified_gmt":"2024-06-21T16:02:45","slug":"politique-en-matiere-de-remboursements-et-de-retours","status":"publish","type":"page","link":"https:\/\/rueducosmetic.fr\/index.php\/politique-en-matiere-de-remboursements-et-de-retours\/","title":{"rendered":"Politique  de retours"},"content":{"rendered":"\t\t<div data-elementor-type=\"wp-page\" data-elementor-id=\"10\" class=\"elementor elementor-10\">\n\t\t\t\t\t\t<section class=\"elementor-section elementor-top-section elementor-element elementor-element-2bcc8f0d elementor-section-boxed elementor-section-height-default elementor-section-height-default\" data-id=\"2bcc8f0d\" data-element_type=\"section\">\n\t\t\t\t\t\t<div class=\"elementor-container elementor-column-gap-default\">\n\t\t\t\t\t<div class=\"elementor-column elementor-col-100 elementor-top-column elementor-element elementor-element-3ab6905c\" data-id=\"3ab6905c\" data-element_type=\"column\">\n\t\t\t<div class=\"elementor-widget-wrap elementor-element-populated\">\n\t\t\t\t\t\t<div class=\"elementor-element elementor-element-5d57e20 elementor-widget elementor-widget-heading\" data-id=\"5d57e20\" data-element_type=\"widget\" data-widget_type=\"heading.default\">\n\t\t\t\t<div class=\"elementor-widget-container\">\n\t\t\t\t\t<h2 class=\"elementor-heading-title elementor-size-default\">Politique de retour<\/h2>\t\t\t\t<\/div>\n\t\t\t\t<\/div>\n\t\t\t\t<div class=\"elementor-element elementor-element-9c73e77 elementor-widget elementor-widget-text-editor\" data-id=\"9c73e77\" data-element_type=\"widget\" data-widget_type=\"text-editor.default\">\n\t\t\t\t<div class=\"elementor-widget-container\">\n\t\t\t\t\t\t\t\t\t<p>RETOURS<\/p><p>\u00a0<\/p><p>\u2014-<\/p><p>\u00a0<\/p><p>Notre politique dure 30\u00a0jours. Si plus de 30\u00a0jours se sont \u00e9coul\u00e9s depuis votre achat, nous ne pouvons malheureusement offrir ni remboursement ni \u00e9change.<\/p><p>\u00a0<\/p><p>Pour pouvoir \u00eatre retourn\u00e9, votre article doit \u00eatre inutilis\u00e9 et dans l\u2019\u00e9tat o\u00f9 vous l\u2019avez re\u00e7u. Il doit aussi \u00eatre dans son emballage d\u2019origine.<\/p><p>\u00a0<\/p><p>Le retour de certains types de marchandises n\u2019est pas autoris\u00e9. Ainsi, les denr\u00e9es p\u00e9rissables, telles que les aliments, les fleurs, les journaux ou les magazines, ne peuvent pas \u00eatre retourn\u00e9es. De m\u00eame, nous n\u2019acceptons pas les produits intimes ou sanitaires, les mati\u00e8res ou substances dangereuses, ni les liquides ou les gaz inflammables.<\/p><p>\u00a0<\/p><p>Autres articles dont le retour n\u2019est pas autoris\u00e9\u00a0:<\/p><p>*\u00a0Cartes-cadeaux<\/p><p>*\u00a0Logiciels t\u00e9l\u00e9chargeables<\/p><p>*\u00a0Certains produits de sant\u00e9 et de soin personnel<\/p><p>\u00a0<\/p><p>Pour compl\u00e9ter votre retour, nous exigeons un re\u00e7u ou une preuve d\u2019achat.<\/p><p>Ne retournez pas votre achat au fabricant.<\/p><p>\u00a0<\/p><p>Dans certains cas, seuls des remboursements partiels sont accord\u00e9s\u00a0: (le cas \u00e9ch\u00e9ant)<\/p><p>*\u00a0Livres montrant des signes d\u2019utilisation \u00e9vidents<\/p><p>*\u00a0CD, DVD, cassettes VHS, logiciels, jeux vid\u00e9o, cassettes audio ou disques en vinyle ayant \u00e9t\u00e9 ouverts.<\/p><p>*\u00a0Tout article qui n\u2019est pas dans son \u00e9tat d\u2019origine, qui est endommag\u00e9 ou auquel il manque des pi\u00e8ces pour une raison non due \u00e0 une erreur de notre part.<\/p><p>*\u00a0Tout article retourn\u00e9 plus de 30\u00a0jours apr\u00e8s sa livraison<\/p><p>Remboursements (le cas \u00e9ch\u00e9ant)<\/p><p>Une fois votre retour re\u00e7u et inspect\u00e9, nous vous adresserons un e-mail pour vous indiquer que nous avons re\u00e7u l\u2019article retourn\u00e9. Nous vous pr\u00e9ciserons \u00e9galement si votre remboursement est approuv\u00e9 ou refus\u00e9.<\/p><p>S\u2019il est approuv\u00e9, votre remboursement est alors trait\u00e9 et votre carte de cr\u00e9dit ou moyen de paiement initial se voit cr\u00e9dit\u00e9(e) automatiquement dans un d\u00e9lai de quelques jours.<\/p><p>\u00a0<\/p><p>Remboursements retard\u00e9s ou manquants (le cas \u00e9ch\u00e9ant)<\/p><p>Si vous n\u2019avez pas encore re\u00e7u de remboursement, rev\u00e9rifiez d\u2019abord votre compte bancaire.<\/p><p>Puis contactez la soci\u00e9t\u00e9 \u00e9mettrice de votre carte de cr\u00e9dit, car il se peut que l\u2019affichage officiel de votre remboursement prenne un peu de temps.<\/p><p>Ensuite, contactez votre banque. L\u2019affichage d\u2019un remboursement est souvent pr\u00e9c\u00e9d\u00e9 d\u2019un d\u00e9lai de traitement.<\/p><p>Si vous avez effectu\u00e9 toutes ces d\u00e9marches et que vous n\u2019avez toujours pas re\u00e7u votre remboursement, contactez-nous \u00e0 l\u2019adresse suivante\u00a0: californiasun95@yahoo.fr.<\/p><p>Articles sold\u00e9s ou en promotion (le cas \u00e9ch\u00e9ant)<\/p><p>Seuls les articles \u00e0 prix normal sont remboursables. Malheureusement, les articles sold\u00e9s ou en promotion ne le sont pas.<\/p><p>\u00a0<\/p><p>\u00c9changes (le cas \u00e9ch\u00e9ant)<\/p><p>Nous ne rempla\u00e7ons que les articles initialement d\u00e9fectueux ou endommag\u00e9s.\u00a0 Si vous devez remplacer le v\u00f4tre par le m\u00eame article, adressez-nous un e-mail \u00e0\u00a0californiasun95@yahoo.fr\u00a0et nous vous indiquerons la marche \u00e0 suivre.<\/p><p>\u00a0<\/p><p>Cadeaux<\/p><p>Si l\u2019article a \u00e9t\u00e9 marqu\u00e9 comme cadeau au moment de l\u2019achat et s\u2019il vous a \u00e9t\u00e9 exp\u00e9di\u00e9 directement, vous recevrez un cr\u00e9dit cadeau d\u2019une valeur \u00e9quivalente \u00e0 celle de l\u2019article retourn\u00e9. Une fois l\u2019article retourn\u00e9 re\u00e7u, un bon cadeau vous sera envoy\u00e9 par voie postale.<\/p><p>\u00a0<\/p><p>Si l\u2019article n\u2019a pas \u00e9t\u00e9 marqu\u00e9 comme cadeau au moment de l\u2019achat, ou si la personne \u00e0 l\u2019origine du cadeau s\u2019est fait envoyer la commande dans le but de vous la remettre plus tard, c\u2019est \u00e0 elle que nous adresserons le remboursement et elle saura donc que vous avez retourn\u00e9 son cadeau.<\/p><p>Exp\u00e9dition<\/p><p>Pour retourner votre produit, envoyez nous un mail \u00e0 l\u2019adresse suivante\u00a0:\u00a0contact@halloween-show.fr, nous vous indiquerons ensuite la marche \u00e0 suivre.<\/p><p>\u00a0<\/p><p>Les co\u00fbts d\u2019exp\u00e9dition li\u00e9s au retour de votre article sont \u00e0 votre charge. Ils ne sont pas remboursables. Si vous recevez un remboursement, le co\u00fbt d\u2019exp\u00e9dition du retour en sera d\u00e9duit.<\/p><p>\u00a0<\/p><p>Selon l\u2019endroit o\u00f9 vous vivez, le d\u00e9lai de r\u00e9ception de votre produit \u00e9chang\u00e9 peut varier.<\/p><p>\u00a0<\/p><p>Si vous exp\u00e9diez un article d\u2019une valeur sup\u00e9rieure \u00e0 75\u00a0\u20ac, nous vous recommandons d\u2019utiliser un service de suivi d\u2019exp\u00e9dition ou de faire assurer votre envoi. Nous ne garantissons pas que nous recevrons l\u2019article retourn\u00e9.<\/p>\t\t\t\t\t\t\t\t<\/div>\n\t\t\t\t<\/div>\n\t\t\t\t\t<\/div>\n\t\t<\/div>\n\t\t\t\t\t<\/div>\n\t\t<\/section>\n\t\t\t\t<\/div>\n\t\t","protected":false},"excerpt":{"rendered":"<p>Politique de retour RETOURS \u00a0 \u2014- \u00a0 Notre politique dure 30\u00a0jours. Si plus de 30\u00a0jours se sont \u00e9coul\u00e9s depuis votre achat, nous ne pouvons malheureusement offrir ni remboursement ni \u00e9change. \u00a0 Pour pouvoir \u00eatre retourn\u00e9, votre article doit \u00eatre inutilis\u00e9 et dans l\u2019\u00e9tat o\u00f9 vous l\u2019avez re\u00e7u. Il doit aussi \u00eatre dans son emballage d\u2019origine. &hellip;<\/p>\n<p class=\"read-more\"> <a class=\"\" href=\"https:\/\/rueducosmetic.fr\/index.php\/politique-en-matiere-de-remboursements-et-de-retours\/\"> <span class=\"screen-reader-text\">Politique  de retours<\/span> Lire la suite\u00a0\u00bb<\/a><\/p>\n","protected":false},"author":1,"featured_media":0,"parent":0,"menu_order":0,"comment_status":"closed","ping_status":"closed","template":"elementor_header_footer","meta":{"site-sidebar-layout":"","site-content-layout":"","ast-main-header-display":"","ast-hfb-above-header-display":"","ast-hfb-below-header-display":"","ast-hfb-mobile-header-display":"","site-post-title":"","ast-breadcrumbs-content":"","ast-featured-img":"","footer-sml-layout":"","theme-transparent-header-meta":"","adv-header-id-meta":"","stick-header-meta":"","header-above-stick-meta":"","header-main-stick-meta":"","header-below-stick-meta":"","spay_email":"","footnotes":""},"yoast_head":"<!-- This site is optimized with the Yoast SEO plugin v24.5 - https:\/\/yoast.com\/wordpress\/plugins\/seo\/ -->\n<title>Politique de retours - RueduCosmetic<\/title>\n<meta name=\"robots\" content=\"index, follow, max-snippet:-1, max-image-preview:large, max-video-preview:-1\" \/>\n<link rel=\"canonical\" href=\"https:\/\/rueducosmetic.fr\/index.php\/politique-en-matiere-de-remboursements-et-de-retours\/\" \/>\n<meta property=\"og:locale\" content=\"fr_FR\" \/>\n<meta property=\"og:type\" content=\"article\" \/>\n<meta property=\"og:title\" content=\"Politique de retours - RueduCosmetic\" \/>\n<meta property=\"og:description\" content=\"Politique de retour RETOURS \u00a0 \u2014- \u00a0 Notre politique dure 30\u00a0jours. Si plus de 30\u00a0jours se sont \u00e9coul\u00e9s depuis votre achat, nous ne pouvons malheureusement offrir ni remboursement ni \u00e9change. \u00a0 Pour pouvoir \u00eatre retourn\u00e9, votre article doit \u00eatre inutilis\u00e9 et dans l\u2019\u00e9tat o\u00f9 vous l\u2019avez re\u00e7u. Il doit aussi \u00eatre dans son emballage d\u2019origine. &hellip; Politique de retours Lire la suite\u00a0\u00bb\" \/>\n<meta property=\"og:url\" content=\"https:\/\/rueducosmetic.fr\/index.php\/politique-en-matiere-de-remboursements-et-de-retours\/\" \/>\n<meta property=\"og:site_name\" content=\"RueduCosmetic\" \/>\n<meta property=\"article:modified_time\" content=\"2024-06-21T16:02:45+00:00\" \/>\n<meta name=\"twitter:card\" content=\"summary_large_image\" \/>\n<meta name=\"twitter:label1\" content=\"Dur\u00e9e de lecture estim\u00e9e\" \/>\n\t<meta name=\"twitter:data1\" content=\"4 minutes\" \/>\n<script type=\"application\/ld+json\" class=\"yoast-schema-graph\">{\"@context\":\"https:\/\/schema.org\",\"@graph\":[{\"@type\":\"WebPage\",\"@id\":\"https:\/\/rueducosmetic.fr\/index.php\/politique-en-matiere-de-remboursements-et-de-retours\/\",\"url\":\"https:\/\/rueducosmetic.fr\/index.php\/politique-en-matiere-de-remboursements-et-de-retours\/\",\"name\":\"Politique de retours - RueduCosmetic\",\"isPartOf\":{\"@id\":\"https:\/\/rueducosmetic.fr\/#website\"},\"datePublished\":\"2024-06-21T15:54:31+00:00\",\"dateModified\":\"2024-06-21T16:02:45+00:00\",\"breadcrumb\":{\"@id\":\"https:\/\/rueducosmetic.fr\/index.php\/politique-en-matiere-de-remboursements-et-de-retours\/#breadcrumb\"},\"inLanguage\":\"fr-FR\",\"potentialAction\":[{\"@type\":\"ReadAction\",\"target\":[\"https:\/\/rueducosmetic.fr\/index.php\/politique-en-matiere-de-remboursements-et-de-retours\/\"]}]},{\"@type\":\"BreadcrumbList\",\"@id\":\"https:\/\/rueducosmetic.fr\/index.php\/politique-en-matiere-de-remboursements-et-de-retours\/#breadcrumb\",\"itemListElement\":[{\"@type\":\"ListItem\",\"position\":1,\"name\":\"Accueil\",\"item\":\"https:\/\/rueducosmetic.fr\/\"},{\"@type\":\"ListItem\",\"position\":2,\"name\":\"Politique de retours\"}]},{\"@type\":\"WebSite\",\"@id\":\"https:\/\/rueducosmetic.fr\/#website\",\"url\":\"https:\/\/rueducosmetic.fr\/\",\"name\":\"RueduCosmetic\",\"description\":\"Just another Fashion Designer Template\",\"potentialAction\":[{\"@type\":\"SearchAction\",\"target\":{\"@type\":\"EntryPoint\",\"urlTemplate\":\"https:\/\/rueducosmetic.fr\/?s={search_term_string}\"},\"query-input\":{\"@type\":\"PropertyValueSpecification\",\"valueRequired\":true,\"valueName\":\"search_term_string\"}}],\"inLanguage\":\"fr-FR\"}]}<\/script>\n<!-- \/ Yoast SEO plugin. -->","yoast_head_json":{"title":"Politique de retours - RueduCosmetic","robots":{"index":"index","follow":"follow","max-snippet":"max-snippet:-1","max-image-preview":"max-image-preview:large","max-video-preview":"max-video-preview:-1"},"canonical":"https:\/\/rueducosmetic.fr\/index.php\/politique-en-matiere-de-remboursements-et-de-retours\/","og_locale":"fr_FR","og_type":"article","og_title":"Politique de retours - RueduCosmetic","og_description":"Politique de retour RETOURS \u00a0 \u2014- \u00a0 Notre politique dure 30\u00a0jours. Si plus de 30\u00a0jours se sont \u00e9coul\u00e9s depuis votre achat, nous ne pouvons malheureusement offrir ni remboursement ni \u00e9change. \u00a0 Pour pouvoir \u00eatre retourn\u00e9, votre article doit \u00eatre inutilis\u00e9 et dans l\u2019\u00e9tat o\u00f9 vous l\u2019avez re\u00e7u. Il doit aussi \u00eatre dans son emballage d\u2019origine. &hellip; Politique de retours Lire la suite\u00a0\u00bb","og_url":"https:\/\/rueducosmetic.fr\/index.php\/politique-en-matiere-de-remboursements-et-de-retours\/","og_site_name":"RueduCosmetic","article_modified_time":"2024-06-21T16:02:45+00:00","twitter_card":"summary_large_image","twitter_misc":{"Dur\u00e9e de lecture estim\u00e9e":"4 minutes"},"schema":{"@context":"https:\/\/schema.org","@graph":[{"@type":"WebPage","@id":"https:\/\/rueducosmetic.fr\/index.php\/politique-en-matiere-de-remboursements-et-de-retours\/","url":"https:\/\/rueducosmetic.fr\/index.php\/politique-en-matiere-de-remboursements-et-de-retours\/","name":"Politique de retours - RueduCosmetic","isPartOf":{"@id":"https:\/\/rueducosmetic.fr\/#website"},"datePublished":"2024-06-21T15:54:31+00:00","dateModified":"2024-06-21T16:02:45+00:00","breadcrumb":{"@id":"https:\/\/rueducosmetic.fr\/index.php\/politique-en-matiere-de-remboursements-et-de-retours\/#breadcrumb"},"inLanguage":"fr-FR","potentialAction":[{"@type":"ReadAction","target":["https:\/\/rueducosmetic.fr\/index.php\/politique-en-matiere-de-remboursements-et-de-retours\/"]}]},{"@type":"BreadcrumbList","@id":"https:\/\/rueducosmetic.fr\/index.php\/politique-en-matiere-de-remboursements-et-de-retours\/#breadcrumb","itemListElement":[{"@type":"ListItem","position":1,"name":"Accueil","item":"https:\/\/rueducosmetic.fr\/"},{"@type":"ListItem","position":2,"name":"Politique de retours"}]},{"@type":"WebSite","@id":"https:\/\/rueducosmetic.fr\/#website","url":"https:\/\/rueducosmetic.fr\/","name":"RueduCosmetic","description":"Just another Fashion Designer Template","potentialAction":[{"@type":"SearchAction","target":{"@type":"EntryPoint","urlTemplate":"https:\/\/rueducosmetic.fr\/?s={search_term_string}"},"query-input":{"@type":"PropertyValueSpecification","valueRequired":true,"valueName":"search_term_string"}}],"inLanguage":"fr-FR"}]}},"_links":{"self":[{"href":"https:\/\/rueducosmetic.fr\/index.php\/wp-json\/wp\/v2\/pages\/10"}],"collection":[{"href":"https:\/\/rueducosmetic.fr\/index.php\/wp-json\/wp\/v2\/pages"}],"about":[{"href":"https:\/\/rueducosmetic.fr\/index.php\/wp-json\/wp\/v2\/types\/page"}],"author":[{"embeddable":true,"href":"https:\/\/rueducosmetic.fr\/index.php\/wp-json\/wp\/v2\/users\/1"}],"replies":[{"embeddable":true,"href":"https:\/\/rueducosmetic.fr\/index.php\/wp-json\/wp\/v2\/comments?post=10"}],"version-history":[{"count":18,"href":"https:\/\/rueducosmetic.fr\/index.php\/wp-json\/wp\/v2\/pages\/10\/revisions"}],"predecessor-version":[{"id":1669,"href":"https:\/\/rueducosmetic.fr\/index.php\/wp-json\/wp\/v2\/pages\/10\/revisions\/1669"}],"wp:attachment":[{"href":"https:\/\/rueducosmetic.fr\/index.php\/wp-json\/wp\/v2\/media?parent=10"}],"curies":[{"name":"wp","href":"https:\/\/api.w.org\/{rel}","templated":true}]}}