{"id":1679,"date":"2024-06-21T18:41:46","date_gmt":"2024-06-21T16:41:46","guid":{"rendered":"https:\/\/rueducosmetic.fr\/?page_id=1679"},"modified":"2024-06-21T18:45:27","modified_gmt":"2024-06-21T16:45:27","slug":"mentions-legales","status":"publish","type":"page","link":"https:\/\/rueducosmetic.fr\/index.php\/mentions-legales\/","title":{"rendered":"Mentions l\u00e9gales"},"content":{"rendered":"\t\t<div data-elementor-type=\"wp-page\" data-elementor-id=\"1679\" class=\"elementor elementor-1679\">\n\t\t\t\t\t\t<section class=\"elementor-section elementor-top-section elementor-element elementor-element-c5c677b elementor-section-boxed elementor-section-height-default elementor-section-height-default\" data-id=\"c5c677b\" data-element_type=\"section\">\n\t\t\t\t\t\t<div class=\"elementor-container elementor-column-gap-default\">\n\t\t\t\t\t<div class=\"elementor-column elementor-col-100 elementor-top-column elementor-element elementor-element-298a25a\" data-id=\"298a25a\" data-element_type=\"column\">\n\t\t\t<div class=\"elementor-widget-wrap elementor-element-populated\">\n\t\t\t\t\t\t<div class=\"elementor-element elementor-element-d7dba36 elementor-widget elementor-widget-heading\" data-id=\"d7dba36\" data-element_type=\"widget\" data-widget_type=\"heading.default\">\n\t\t\t\t<div class=\"elementor-widget-container\">\n\t\t\t\t\t<h2 class=\"elementor-heading-title elementor-size-default\">Mentions l\u00e9gales<\/h2>\t\t\t\t<\/div>\n\t\t\t\t<\/div>\n\t\t\t\t<div class=\"elementor-element elementor-element-deaf95a elementor-widget elementor-widget-text-editor\" data-id=\"deaf95a\" data-element_type=\"widget\" data-widget_type=\"text-editor.default\">\n\t\t\t\t<div class=\"elementor-widget-container\">\n\t\t\t\t\t\t\t\t\t<p>SIRET\u00a0 91258371300017- RCS\u00a0Nanterre A 912\u00a0583\u00a0713\u00a0\u2013 APE\u00a0Vente \u00e0 distance sur catalogue sp\u00e9cialis\u00e9 (4791B)\u00a0<\/p><p><strong>Cr\u00e9dits<\/strong><br \/>h\u00e9bergement : Hostinger<\/p><p><strong>Informations nominatives<\/strong><br \/>Toute personne dispose d\u2019un droit d\u2019acc\u00e8s, de modification, de rectification et de suppression des donn\u00e9es qui la concerne (article 34 de la loi \u00ab\u00a0Informatique et Libert\u00e9s\u00a0\u00bb du 6 janvier 1978).<br \/>Vous b\u00e9n\u00e9ficiez d\u2019un droit \u00e0 l\u2019oubli, un droit \u00e0 la limitation du traitement dans des cas pr\u00e9cis, une meilleure s\u00e9curit\u00e9 de vos donn\u00e9es et un droit \u00e0 la portabilit\u00e9 des donn\u00e9es.<br \/>Pour exercer ce droit, adressez-vous \u00e0 : rueducosmetic.fr<\/p><p>Conform\u00e9ment \u00e0 la loi du 78-17 du 06\/01\/1978 relative \u00e0 l\u2019informatique, aux fichiers et aux libert\u00e9s, le pr\u00e9sent site a fait l\u2019objet d\u2019une d\u00e9claration \u00e0 la CNIL. rueducosmetic.fr pourra \u00e0 toutes fins de preuve conserver et archiver de mani\u00e8re confidentielle les donn\u00e9es du client.<\/p><p><strong>Cr\u00e9dits photos<\/strong><br \/>L\u2019acc\u00e8s au Site\u00a0<strong>www.rueducosmetic.fr<\/strong>\u00a0ainsi que l\u2019utilisation de son contenu sont soumis aux conditions d\u2019utilisation d\u00e9crites ci-apr\u00e8s. Le fait d\u2019acc\u00e9der et de naviguer sur le Site\u00a0<strong>www.rueducosmetic.fr<\/strong>\u00a0constitue de la part du visiteur une acceptation sans r\u00e9serve des stipulations suivantes :<\/p><p><strong>Propri\u00e9t\u00e9 intellectuelle<\/strong><br \/>Le Site est la propri\u00e9t\u00e9 exclusive de rueducosmetic.fr, seule habilit\u00e9e \u00e0 utiliser et exploiter les droits de propri\u00e9t\u00e9 intellectuelle et droits de la personnalit\u00e9 attach\u00e9s \u00e0 ce site, notamment les marques, dessins et mod\u00e8les, droits d\u2019auteur et droit \u00e0 l\u2019image, \u00e0 titre originaire ou par l\u2019effet d\u2019une cession ou d\u2019une licence d\u2019exploitation.<\/p><p>L\u2019usage de tout ou partie du Site\u00a0<strong>www.rueducosmetic.fr, <\/strong>\u00a0notamment par t\u00e9l\u00e9chargement, reproduction, transmission ou repr\u00e9sentation \u00e0 d\u2019autres fins que pour usage personnel et priv\u00e9 dans un but non commercial est strictement interdit.<\/p><p><strong>Liens hypertextes vers d\u2019autres sites<\/strong><br \/>La cr\u00e9ation de liens hypertextes vers le Site ne peut \u00eatre faite qu\u2019avec l\u2019autorisation \u00e9crite et pr\u00e9alable de rueducosmetic.fr qui pourra \u00eatre r\u00e9voqu\u00e9e \u00e0 tout moment.\u00a0 rueducosmetic.fr, d\u00e9cline toute responsabilit\u00e9 concernant le contenu des sites li\u00e9s au Site.<\/p><p><strong>Cookies<\/strong><br \/>En application des dispositions de la directive 2002\/58\/CE, rueducosmetic.fr utilise des cookies \u00e0 des fins d\u2019identifications personnelles.<br \/>Ces cookies resteront stock\u00e9s dans l\u2019ordinateur de l\u2019internaute pendant cinq (5) ans, \u00e0 moins que l\u2019internaute ne les supprime.<\/p><p>Tout internaute \u00e0 la possibilit\u00e9 de refuser ces cookies en cliquant sur le bouton \u00absupprimer les cookies\u00bb dans les options Internet\/onglet : confidentialit\u00e9, sachant que l\u2019utilisation du Site pourra s\u2019en trouver limit\u00e9e. Un cookie ne nous permet pas de vous identifier. De mani\u00e8re g\u00e9n\u00e9rale, il enregistre des informations relatives \u00e0 la navigation de votre ordinateur sur notre site (les pages que vous avez consult\u00e9es, la date et l\u2019heure de la consultation, etc.) que nous pourrons lire lors de vos visites ult\u00e9rieures.<\/p><p><strong>Responsabilit\u00e9 de\u00a0<\/strong>rueducosmetic.fr<br \/>Dans les conditions autoris\u00e9es par la loi, rueducosmetic.fr\u00a0n\u2019encourt aucune responsabilit\u00e9 :<br \/>\u2013 pour toute impr\u00e9cision, inexactitude, omission ou pour tous dommages r\u00e9sultant d\u2019une intrusion d\u2019un tiers ayant entra\u00een\u00e9 une modification des informations mises \u00e0 disposition sur le Site,<br \/>\u2013 en cas de dommages provoqu\u00e9s \u00e0 raison de l\u2019acc\u00e8s d\u2019un tiers non autoris\u00e9 sur le Site rueducosmetic.fr\u00a0ou rendant impossible son acc\u00e8s.<\/p><p>Le visiteur est inform\u00e9 que l\u2019acc\u00e8s au Site pourra \u00eatre interrompu \u00e0 tout moment par la soci\u00e9t\u00e9 rueducosmetic.fr\u00a0pour des raisons de maintenance, de s\u00e9curit\u00e9 ou toute autre contrainte technique.<\/p><p><strong>Droit applicable<\/strong><br \/>Les pr\u00e9sentes conditions sont r\u00e9gies par le droit fran\u00e7ais. Les juridictions fran\u00e7aises sont seules comp\u00e9tentes pour conna\u00eetre de tout litige se rapportant directement ou indirectement \u00e0 l\u2019acc\u00e8s au pr\u00e9sent Site ou \u00e0 son utilisation<\/p><p>La version originale de ces conditions est r\u00e9dig\u00e9e en fran\u00e7ais. En cas de conflit ou d\u2019incoh\u00e9rence entre la version fran\u00e7aise et celle-ci, la version fran\u00e7aise pr\u00e9vaudra.<\/p>\t\t\t\t\t\t\t\t<\/div>\n\t\t\t\t<\/div>\n\t\t\t\t\t<\/div>\n\t\t<\/div>\n\t\t\t\t\t<\/div>\n\t\t<\/section>\n\t\t\t\t<\/div>\n\t\t","protected":false},"excerpt":{"rendered":"<p>Mentions l\u00e9gales SIRET\u00a0 91258371300017- RCS\u00a0Nanterre A 912\u00a0583\u00a0713\u00a0\u2013 APE\u00a0Vente \u00e0 distance sur catalogue sp\u00e9cialis\u00e9 (4791B)\u00a0 Cr\u00e9ditsh\u00e9bergement : Hostinger Informations nominativesToute personne dispose d\u2019un droit d\u2019acc\u00e8s, de modification, de rectification et de suppression des donn\u00e9es qui la concerne (article 34 de la loi \u00ab\u00a0Informatique et Libert\u00e9s\u00a0\u00bb du 6 janvier 1978).Vous b\u00e9n\u00e9ficiez d\u2019un droit \u00e0 l\u2019oubli, un droit &hellip;<\/p>\n<p class=\"read-more\"> <a class=\"\" href=\"https:\/\/rueducosmetic.fr\/index.php\/mentions-legales\/\"> <span class=\"screen-reader-text\">Mentions l\u00e9gales<\/span> Lire la suite\u00a0\u00bb<\/a><\/p>\n","protected":false},"author":1,"featured_media":0,"parent":0,"menu_order":0,"comment_status":"closed","ping_status":"closed","template":"","meta":{"site-sidebar-layout":"no-sidebar","site-content-layout":"page-builder","ast-main-header-display":"","ast-hfb-above-header-display":"","ast-hfb-below-header-display":"","ast-hfb-mobile-header-display":"","site-post-title":"disabled","ast-breadcrumbs-content":"","ast-featured-img":"disabled","footer-sml-layout":"","theme-transparent-header-meta":"","adv-header-id-meta":"","stick-header-meta":"","header-above-stick-meta":"","header-main-stick-meta":"","header-below-stick-meta":"","spay_email":"","footnotes":""},"yoast_head":"<!-- This site is optimized with the Yoast SEO plugin v24.5 - https:\/\/yoast.com\/wordpress\/plugins\/seo\/ -->\n<title>Mentions l\u00e9gales - RueduCosmetic<\/title>\n<meta name=\"robots\" content=\"index, follow, max-snippet:-1, max-image-preview:large, max-video-preview:-1\" \/>\n<link rel=\"canonical\" href=\"https:\/\/rueducosmetic.fr\/index.php\/mentions-legales\/\" \/>\n<meta property=\"og:locale\" content=\"fr_FR\" \/>\n<meta property=\"og:type\" content=\"article\" \/>\n<meta property=\"og:title\" content=\"Mentions l\u00e9gales - RueduCosmetic\" \/>\n<meta property=\"og:description\" content=\"Mentions l\u00e9gales SIRET\u00a0 91258371300017- RCS\u00a0Nanterre A 912\u00a0583\u00a0713\u00a0\u2013 APE\u00a0Vente \u00e0 distance sur catalogue sp\u00e9cialis\u00e9 (4791B)\u00a0 Cr\u00e9ditsh\u00e9bergement : Hostinger Informations nominativesToute personne dispose d\u2019un droit d\u2019acc\u00e8s, de modification, de rectification et de suppression des donn\u00e9es qui la concerne (article 34 de la loi \u00ab\u00a0Informatique et Libert\u00e9s\u00a0\u00bb du 6 janvier 1978).Vous b\u00e9n\u00e9ficiez d\u2019un droit \u00e0 l\u2019oubli, un droit &hellip; Mentions l\u00e9gales Lire la suite\u00a0\u00bb\" \/>\n<meta property=\"og:url\" content=\"https:\/\/rueducosmetic.fr\/index.php\/mentions-legales\/\" \/>\n<meta property=\"og:site_name\" content=\"RueduCosmetic\" \/>\n<meta property=\"article:modified_time\" content=\"2024-06-21T16:45:27+00:00\" \/>\n<meta name=\"twitter:card\" content=\"summary_large_image\" \/>\n<meta name=\"twitter:label1\" content=\"Dur\u00e9e de lecture estim\u00e9e\" \/>\n\t<meta name=\"twitter:data1\" content=\"3 minutes\" \/>\n<script type=\"application\/ld+json\" class=\"yoast-schema-graph\">{\"@context\":\"https:\/\/schema.org\",\"@graph\":[{\"@type\":\"WebPage\",\"@id\":\"https:\/\/rueducosmetic.fr\/index.php\/mentions-legales\/\",\"url\":\"https:\/\/rueducosmetic.fr\/index.php\/mentions-legales\/\",\"name\":\"Mentions l\u00e9gales - RueduCosmetic\",\"isPartOf\":{\"@id\":\"https:\/\/rueducosmetic.fr\/#website\"},\"datePublished\":\"2024-06-21T16:41:46+00:00\",\"dateModified\":\"2024-06-21T16:45:27+00:00\",\"breadcrumb\":{\"@id\":\"https:\/\/rueducosmetic.fr\/index.php\/mentions-legales\/#breadcrumb\"},\"inLanguage\":\"fr-FR\",\"potentialAction\":[{\"@type\":\"ReadAction\",\"target\":[\"https:\/\/rueducosmetic.fr\/index.php\/mentions-legales\/\"]}]},{\"@type\":\"BreadcrumbList\",\"@id\":\"https:\/\/rueducosmetic.fr\/index.php\/mentions-legales\/#breadcrumb\",\"itemListElement\":[{\"@type\":\"ListItem\",\"position\":1,\"name\":\"Accueil\",\"item\":\"https:\/\/rueducosmetic.fr\/\"},{\"@type\":\"ListItem\",\"position\":2,\"name\":\"Mentions l\u00e9gales\"}]},{\"@type\":\"WebSite\",\"@id\":\"https:\/\/rueducosmetic.fr\/#website\",\"url\":\"https:\/\/rueducosmetic.fr\/\",\"name\":\"RueduCosmetic\",\"description\":\"Just another Fashion Designer Template\",\"potentialAction\":[{\"@type\":\"SearchAction\",\"target\":{\"@type\":\"EntryPoint\",\"urlTemplate\":\"https:\/\/rueducosmetic.fr\/?s={search_term_string}\"},\"query-input\":{\"@type\":\"PropertyValueSpecification\",\"valueRequired\":true,\"valueName\":\"search_term_string\"}}],\"inLanguage\":\"fr-FR\"}]}<\/script>\n<!-- \/ Yoast SEO plugin. -->","yoast_head_json":{"title":"Mentions l\u00e9gales - RueduCosmetic","robots":{"index":"index","follow":"follow","max-snippet":"max-snippet:-1","max-image-preview":"max-image-preview:large","max-video-preview":"max-video-preview:-1"},"canonical":"https:\/\/rueducosmetic.fr\/index.php\/mentions-legales\/","og_locale":"fr_FR","og_type":"article","og_title":"Mentions l\u00e9gales - RueduCosmetic","og_description":"Mentions l\u00e9gales SIRET\u00a0 91258371300017- RCS\u00a0Nanterre A 912\u00a0583\u00a0713\u00a0\u2013 APE\u00a0Vente \u00e0 distance sur catalogue sp\u00e9cialis\u00e9 (4791B)\u00a0 Cr\u00e9ditsh\u00e9bergement : Hostinger Informations nominativesToute personne dispose d\u2019un droit d\u2019acc\u00e8s, de modification, de rectification et de suppression des donn\u00e9es qui la concerne (article 34 de la loi \u00ab\u00a0Informatique et Libert\u00e9s\u00a0\u00bb du 6 janvier 1978).Vous b\u00e9n\u00e9ficiez d\u2019un droit \u00e0 l\u2019oubli, un droit &hellip; Mentions l\u00e9gales Lire la suite\u00a0\u00bb","og_url":"https:\/\/rueducosmetic.fr\/index.php\/mentions-legales\/","og_site_name":"RueduCosmetic","article_modified_time":"2024-06-21T16:45:27+00:00","twitter_card":"summary_large_image","twitter_misc":{"Dur\u00e9e de lecture estim\u00e9e":"3 minutes"},"schema":{"@context":"https:\/\/schema.org","@graph":[{"@type":"WebPage","@id":"https:\/\/rueducosmetic.fr\/index.php\/mentions-legales\/","url":"https:\/\/rueducosmetic.fr\/index.php\/mentions-legales\/","name":"Mentions l\u00e9gales - RueduCosmetic","isPartOf":{"@id":"https:\/\/rueducosmetic.fr\/#website"},"datePublished":"2024-06-21T16:41:46+00:00","dateModified":"2024-06-21T16:45:27+00:00","breadcrumb":{"@id":"https:\/\/rueducosmetic.fr\/index.php\/mentions-legales\/#breadcrumb"},"inLanguage":"fr-FR","potentialAction":[{"@type":"ReadAction","target":["https:\/\/rueducosmetic.fr\/index.php\/mentions-legales\/"]}]},{"@type":"BreadcrumbList","@id":"https:\/\/rueducosmetic.fr\/index.php\/mentions-legales\/#breadcrumb","itemListElement":[{"@type":"ListItem","position":1,"name":"Accueil","item":"https:\/\/rueducosmetic.fr\/"},{"@type":"ListItem","position":2,"name":"Mentions l\u00e9gales"}]},{"@type":"WebSite","@id":"https:\/\/rueducosmetic.fr\/#website","url":"https:\/\/rueducosmetic.fr\/","name":"RueduCosmetic","description":"Just another Fashion Designer Template","potentialAction":[{"@type":"SearchAction","target":{"@type":"EntryPoint","urlTemplate":"https:\/\/rueducosmetic.fr\/?s={search_term_string}"},"query-input":{"@type":"PropertyValueSpecification","valueRequired":true,"valueName":"search_term_string"}}],"inLanguage":"fr-FR"}]}},"_links":{"self":[{"href":"https:\/\/rueducosmetic.fr\/index.php\/wp-json\/wp\/v2\/pages\/1679"}],"collection":[{"href":"https:\/\/rueducosmetic.fr\/index.php\/wp-json\/wp\/v2\/pages"}],"about":[{"href":"https:\/\/rueducosmetic.fr\/index.php\/wp-json\/wp\/v2\/types\/page"}],"author":[{"embeddable":true,"href":"https:\/\/rueducosmetic.fr\/index.php\/wp-json\/wp\/v2\/users\/1"}],"replies":[{"embeddable":true,"href":"https:\/\/rueducosmetic.fr\/index.php\/wp-json\/wp\/v2\/comments?post=1679"}],"version-history":[{"count":7,"href":"https:\/\/rueducosmetic.fr\/index.php\/wp-json\/wp\/v2\/pages\/1679\/revisions"}],"predecessor-version":[{"id":1686,"href":"https:\/\/rueducosmetic.fr\/index.php\/wp-json\/wp\/v2\/pages\/1679\/revisions\/1686"}],"wp:attachment":[{"href":"https:\/\/rueducosmetic.fr\/index.php\/wp-json\/wp\/v2\/media?parent=1679"}],"curies":[{"name":"wp","href":"https:\/\/api.w.org\/{rel}","templated":true}]}}