{"id":3,"date":"2021-11-16T22:14:30","date_gmt":"2021-11-16T21:14:30","guid":{"rendered":"http:\/\/rueducosmetic.fr\/?page_id=3"},"modified":"2024-06-21T18:12:54","modified_gmt":"2024-06-21T16:12:54","slug":"politique-de-confidentialite","status":"publish","type":"page","link":"https:\/\/rueducosmetic.fr\/index.php\/politique-de-confidentialite\/","title":{"rendered":"Politique de confidentialit\u00e9"},"content":{"rendered":"\t\t<div data-elementor-type=\"wp-page\" data-elementor-id=\"3\" class=\"elementor elementor-3\">\n\t\t\t\t<section class=\"elementor-section elementor-top-section elementor-element elementor-element-646738af elementor-section-boxed elementor-section-height-default elementor-section-height-default\" data-id=\"646738af\" data-element_type=\"section\">\n\t\t\t\t\t\t<div class=\"elementor-container elementor-column-gap-default\">\n\t\t\t\t\t<div class=\"elementor-column elementor-col-100 elementor-top-column elementor-element elementor-element-63733726\" data-id=\"63733726\" data-element_type=\"column\">\n\t\t\t<div class=\"elementor-widget-wrap elementor-element-populated\">\n\t\t\t\t\t\t<div class=\"elementor-element elementor-element-47274b0d elementor-widget elementor-widget-text-editor\" data-id=\"47274b0d\" data-element_type=\"widget\" data-widget_type=\"text-editor.default\">\n\t\t\t\t<div class=\"elementor-widget-container\"><p>Politique de confidentialit\u00e9 de rueducosmetic.fr<\/p>\n<p>\u00a0<\/p>\n<p>La pr\u00e9sente Politique de confidentialit\u00e9 d\u00e9crit la fa\u00e7on dont vos informations personnelles sont recueillies, utilis\u00e9es et partag\u00e9es lorsque vous vous rendez sur\u00a0halloween-show.fr\u00a0(le \u00ab\u00a0Site\u00a0\u00bb) ou que vous y effectuez un achat.<\/p>\n<p>\u00a0<\/p>\n<p>INFORMATIONS PERSONNELLES RECUEILLIES<\/p>\n<p>\u00a0<\/p>\n<p>Lorsque vous vous rendez sur le Site, nous recueillons automatiquement certaines informations concernant votre appareil, notamment des informations sur votre navigateur web, votre adresse IP, votre fuseau horaire et certains des cookies qui sont install\u00e9s sur votre appareil. En outre, lorsque vous parcourez le Site, nous recueillons des informations sur les pages web ou produits individuels que vous consultez, les sites web ou les termes de recherche qui vous ont permis d\u2019arriver sur le Site, ainsi que des informations sur la mani\u00e8re dont vous interagissez avec le Site. Nous d\u00e9signons ces informations collect\u00e9es automatiquement sous l\u2019appellation \u00ab\u00a0Informations sur l\u2019appareil\u00a0\u00bb.<\/p>\n<p>\u00a0<\/p>\n<p>Nous recueillons les Informations sur l\u2019appareil \u00e0 l\u2019aide des technologies suivantes\u00a0:<\/p>\n<p>\u00a0<\/p>\n<p>\u00a0 FICHIERS T\u00c9MOINS (COOKIES)<\/p>\n<p>\u00a0<\/p>\n<p>Voici une liste de fichiers t\u00e9moins que nous utilisons. Nous les avons \u00e9num\u00e9r\u00e9s ici pour que vous ayez la possibilit\u00e9 de choisir si vous souhaitez les autoriser ou non.<\/p>\n<p>\u00a0<\/p>\n<p>_session_id, identificateur unique de session, permet \u00e0 WordPress de stocker les informations relatives \u00e0 votre session (r\u00e9f\u00e9rent, page de renvoi, etc.).<\/p>\n<p>\u00a0<\/p>\n<p>\u00a0Aucune donn\u00e9e retenue, persiste pendant 30 minutes depuis la derni\u00e8re visite. Utilis\u00e9 par le syst\u00e8me interne de suivi des statistiques du fournisseur de notre site web pour enregistrer le nombre de visites.<\/p>\n<p>\u00a0<\/p>\n<p>\u00a0Aucune donn\u00e9e retenue, expire \u00e0 minuit (selon l\u2019emplacement du visiteur) le jour suivant. Calcule le nombre de visites d\u2019une boutique par client unique.<\/p>\n<p>\u00a0<\/p>\n<p>cart, identificateur unique, persiste pendant 2 semaines, stocke l\u2019information relative \u00e0 votre panier d\u2019achat.<\/p>\n<p>\u00a0<\/p>\n<p>_secure_session_id, identificateur unique de session<\/p>\n<p>\u00a0<\/p>\n<p>storefront_digest, identificateur unique, ind\u00e9fini si la boutique poss\u00e8de un mot de passe, il est utilis\u00e9 pour savoir si le visiteur actuel a acc\u00e8s.<\/p>\n<p>\u00a0 \u2013 Les \u00ab\u00a0fichiers journaux\u00a0\u00bb suivent l\u2019activit\u00e9 du Site et recueillent des donn\u00e9es telles que votre adresse IP, le type de navigateur que vous utilisez, votre fournisseur d\u2019acc\u00e8s Internet, vos pages r\u00e9f\u00e9rentes et de sortie, et vos donn\u00e9es d\u2019horodatage (date et heure).<\/p>\n<p>\u00a0\u00a0\u00a0 \u2013 Les \u00ab\u00a0pixels invisibles\u00a0\u00bb, les \u00ab\u00a0balises\u00a0\u00bb et les \u00ab\u00a0pixels\u00a0\u00bb sont des fichiers \u00e9lectroniques qui enregistrent des informations sur la fa\u00e7on dont vous parcourez le Site.<\/p>\n<p>\u00a0 \u00a0\u00a0<\/p>\n<p>Par ailleurs, lorsque vous effectuez ou tentez d\u2019effectuer un achat par le biais du Site, nous recueillons certaines informations vous concernant, notamment votre nom, votre adresse de facturation, votre adresse d\u2019exp\u00e9dition, vos informations de paiement (y compris vos num\u00e9ros de cartes de cr\u00e9dit , votre adresse e-mail et votre num\u00e9ro de t\u00e9l\u00e9phone.\u00a0 Ces informations collect\u00e9es automatiquement sont d\u00e9sign\u00e9es par l\u2019appellation \u00ab\u00a0Informations sur la commande\u00a0\u00bb.<\/p>\n<p>\u00a0<\/p>\n<p>Lorsque nous utilisons l\u2019expression \u00ab\u00a0Informations personnelles\u00a0\u00bb dans la pr\u00e9sente Politique de confidentialit\u00e9, nous faisons allusion \u00e0 la fois aux Informations sur l\u2019appareil et aux Informations sur la commande.<\/p>\n<p>\u00a0<\/p>\n<p>COMMENT UTILISONS-NOUS VOS INFORMATIONS PERSONNELLES\u00a0?<\/p>\n<p>\u00a0<\/p>\n<p>En r\u00e8gle g\u00e9n\u00e9rale, nous utilisons les Informations sur la commande que nous recueillons pour traiter toute commande pass\u00e9e par le biais du Site (y compris pour traiter vos informations de paiement, organiser l\u2019exp\u00e9dition de votre commande et vous fournir des factures et\/ou des confirmations de commande).\u00a0 En outre, nous utilisons ces Informations sur la commande pour\u00a0:<\/p>\n<p>communiquer avec vous\u00a0;<\/p>\n<p>\u00e9valuer les fraudes ou risques potentiels\u00a0; et<\/p>\n<p>lorsque cela correspond aux pr\u00e9f\u00e9rences que vous nous avez communiqu\u00e9es, vous fournir des informations ou des publicit\u00e9s concernant nos produits ou services.<\/p>\n<p>Nous utilisons les Informations sur l\u2019appareil (en particulier votre adresse IP) que nous recueillons pour \u00e9valuer les fraudes ou risques potentiels et, de mani\u00e8re plus g\u00e9n\u00e9rale, pour am\u00e9liorer et optimiser notre Site (par exemple, en g\u00e9n\u00e9rant des analyses sur la fa\u00e7on dont nos clients parcourent et interagissent avec le Site, et pour \u00e9valuer la r\u00e9ussite de nos campagnes de publicit\u00e9 et de marketing).<\/p>\n<p>PARTAGE DE VOS INFORMATIONS PERSONNELLES<\/p>\n<p>\u00a0<\/p>\n<p>Nous partageons vos Informations personnelles avec des tiers qui nous aident \u00e0 les utiliser aux fins d\u00e9crites pr\u00e9c\u00e9demment.\u00a0 Par exemple, nous utilisons Shopify pour h\u00e9berger notre boutique en ligne \u2013 pour en savoir plus sur l\u2019utilisation de vos Informations personnelles par Shopify, veuillez consulter la page suivante\u00a0: https:\/\/www.shopify.fr\/legal\/confidentialite.\u00a0 Nous utilisons \u00e9galement Google Analytics pour mieux comprendre comment nos clients utilisent le Site \u2013 pour en savoir plus sur l\u2019utilisation de vos Informations personnelles par Google, veuillez consulter la page suivante\u00a0: https:\/\/www.google.com\/intl\/fr\/policies\/privacy\/.\u00a0 Vous pouvez aussi d\u00e9sactiver Google Analytics ici\u00a0: https:\/\/tools.google.com\/dlpage\/gaoptout.<\/p>\n<p>\u00a0<\/p>\n<p>Enfin, il se peut que nous partagions aussi vos Informations personnelles pour respecter les lois et r\u00e8glementations applicables, r\u00e9pondre \u00e0 une assignation, \u00e0 un mandat de perquisition ou \u00e0 toute autre demande l\u00e9gale de renseignements que nous recevons, ou pour prot\u00e9ger nos droits.<\/p>\n<p>PUBLICIT\u00c9 COMPORTEMENTALE<\/p>\n<p>Comme indiqu\u00e9 ci-dessus, nous utilisons vos Informations personnelles pour vous proposer des publicit\u00e9s cibl\u00e9es ou des messages de marketing qui, selon nous, pourraient vous int\u00e9resser.\u00a0 Pour en savoir plus sur le fonctionnement de la publicit\u00e9 cibl\u00e9e, vous pouvez consulter la page d\u2019information de la Network Advertising Initiative (NAI) \u00e0 l\u2019adresse suivante\u00a0: http:\/\/www.networkadvertising.org\/understanding-online-advertising\/how-does-it-work.<\/p>\n<p>\u00a0<\/p>\n<p>Vous pouvez refuser la publicit\u00e9 cibl\u00e9e ici\u00a0:<\/p>\n<p>\u00a0 QUELQUES LIENS COURANTS\u00a0:<\/p>\n<p>\u00a0\u00a0\u00a0 FACEBOOK \u2013 https:\/\/www.facebook.com\/settings\/?tab=ads<\/p>\n<p>\u00a0\u00a0\u00a0 GOOGLE \u2013 https:\/\/www.google.com\/settings\/ads\/anonymous<\/p>\n<p>\u00a0\u00a0\u00a0 BING \u2013 https:\/\/about.ads.microsoft.com\/fr-fr\/ressources\/politiques\/annonces-personnalisees<\/p>\n<p>\u00a0<\/p>\n<p>En outre, vous pouvez refuser certains de ces services en vous rendant sur le portail de d\u00e9sactivation de Digital Advertising Alliance \u00e0 l\u2019adresse suivante\u00a0: https:\/\/optout.aboutads.info\/?c=3&amp;lang=fr.<\/p>\n<p>\u00a0<\/p>\n<p>NE PAS SUIVRE<\/p>\n<p>Veuillez noter que nous ne modifions pas la collecte de donn\u00e9es de notre Site et nos pratiques d\u2019utilisation lorsque nous d\u00e9tectons un signal \u00ab\u00a0Ne pas suivre\u00a0\u00bb sur votre navigateur.<\/p>\n<p>\u00a0<\/p>\n<p>VOS DROITS<\/p>\n<p>Si vous \u00eates r\u00e9sident(e) europ\u00e9en(ne), vous disposez d\u2019un droit d\u2019acc\u00e8s aux informations personnelles que nous d\u00e9tenons \u00e0 votre sujet et vous pouvez demander \u00e0 ce qu\u2019elles soient corrig\u00e9es, mises \u00e0 jour ou supprim\u00e9es. Si vous souhaitez exercer ce droit, veuillez nous contacter au moyen des coordonn\u00e9es pr\u00e9cis\u00e9es ci-dessous.<\/p>\n<p>Par ailleurs, si vous \u00eates r\u00e9sident(e) europ\u00e9en(ne), notez que nous traitons vos informations dans le but de remplir nos obligations contractuelles \u00e0 votre \u00e9gard (par exemple si vous passez une commande sur le Site) ou de poursuivre nos int\u00e9r\u00eats commerciaux l\u00e9gitimes, \u00e9num\u00e9r\u00e9s ci-dessus.\u00a0 Veuillez \u00e9galement noter que vos informations seront transf\u00e9r\u00e9es hors de l\u2019Europe, y compris au Canada et aux \u00c9tats-Unis.<\/p>\n<p>\u00a0<\/p>\n<p>R\u00c9TENTION DES DONN\u00c9ES<\/p>\n<p>Lorsque vous passez une commande par l\u2019interm\u00e9diaire du Site, nous conservons les Informations sur votre commande dans nos dossiers, sauf si et jusqu\u2019\u00e0 ce que vous nous demandiez de les supprimer.<\/p>\n<p>\u00a0<\/p>\n<p>CHANGEMENTS<\/p>\n<p>Nous pouvons \u00eatre amen\u00e9s \u00e0 modifier la pr\u00e9sente politique de confidentialit\u00e9 de temps \u00e0 autre afin d\u2019y refl\u00e9ter, par exemple, les changements apport\u00e9s \u00e0 nos pratiques ou pour d\u2019autres motifs op\u00e9rationnels, juridiques ou r\u00e9glementaires.<\/p>\n<p>NOUS CONTACTER<\/p>\n<p>Pour en savoir plus sur nos pratiques de confidentialit\u00e9, si vous avez des questions ou si vous souhaitez d\u00e9poser une r\u00e9clamation, veuillez nous contacter par e-mail.<\/p><\/div>\n\t\t\t\t<\/div>\n\t\t\t\t\t<\/div>\n\t\t<\/div>\n\t\t\t\t\t<\/div>\n\t\t<\/section>\t\t<\/div>\n\t\t","protected":false},"excerpt":{"rendered":"<p>Politique de confidentialit\u00e9 de rueducosmetic.fr \u00a0 La pr\u00e9sente Politique de confidentialit\u00e9 d\u00e9crit la fa\u00e7on dont vos informations personnelles sont recueillies, utilis\u00e9es et partag\u00e9es lorsque vous vous rendez sur\u00a0halloween-show.fr\u00a0(le \u00ab\u00a0Site\u00a0\u00bb) ou que vous y effectuez un achat. \u00a0 INFORMATIONS PERSONNELLES RECUEILLIES \u00a0 Lorsque vous vous rendez sur le Site, nous recueillons automatiquement certaines informations concernant votre &hellip;<\/p>\n<p class=\"read-more\"> <a class=\"\" href=\"https:\/\/rueducosmetic.fr\/index.php\/politique-de-confidentialite\/\"> <span class=\"screen-reader-text\">Politique de confidentialit\u00e9<\/span> Lire la suite\u00a0\u00bb<\/a><\/p>\n","protected":false},"author":1,"featured_media":0,"parent":0,"menu_order":0,"comment_status":"closed","ping_status":"open","template":"elementor_header_footer","meta":{"site-sidebar-layout":"","site-content-layout":"","ast-main-header-display":"","ast-hfb-above-header-display":"","ast-hfb-below-header-display":"","ast-hfb-mobile-header-display":"","site-post-title":"","ast-breadcrumbs-content":"","ast-featured-img":"","footer-sml-layout":"","theme-transparent-header-meta":"","adv-header-id-meta":"","stick-header-meta":"","header-above-stick-meta":"","header-main-stick-meta":"","header-below-stick-meta":"","spay_email":"","footnotes":""},"yoast_head":"<!-- This site is optimized with the Yoast SEO plugin v24.5 - https:\/\/yoast.com\/wordpress\/plugins\/seo\/ -->\n<title>Politique de confidentialit\u00e9 - RueduCosmetic<\/title>\n<meta name=\"robots\" content=\"index, follow, max-snippet:-1, max-image-preview:large, max-video-preview:-1\" \/>\n<link rel=\"canonical\" href=\"https:\/\/rueducosmetic.fr\/index.php\/politique-de-confidentialite\/\" \/>\n<meta property=\"og:locale\" content=\"fr_FR\" \/>\n<meta property=\"og:type\" content=\"article\" \/>\n<meta property=\"og:title\" content=\"Politique de confidentialit\u00e9 - RueduCosmetic\" \/>\n<meta property=\"og:description\" content=\"Politique de confidentialit\u00e9 de rueducosmetic.fr \u00a0 La pr\u00e9sente Politique de confidentialit\u00e9 d\u00e9crit la fa\u00e7on dont vos informations personnelles sont recueillies, utilis\u00e9es et partag\u00e9es lorsque vous vous rendez sur\u00a0halloween-show.fr\u00a0(le \u00ab\u00a0Site\u00a0\u00bb) ou que vous y effectuez un achat. \u00a0 INFORMATIONS PERSONNELLES RECUEILLIES \u00a0 Lorsque vous vous rendez sur le Site, nous recueillons automatiquement certaines informations concernant votre &hellip; Politique de confidentialit\u00e9 Lire la suite\u00a0\u00bb\" \/>\n<meta property=\"og:url\" content=\"https:\/\/rueducosmetic.fr\/index.php\/politique-de-confidentialite\/\" \/>\n<meta property=\"og:site_name\" content=\"RueduCosmetic\" \/>\n<meta property=\"article:modified_time\" content=\"2024-06-21T16:12:54+00:00\" \/>\n<meta name=\"twitter:card\" content=\"summary_large_image\" \/>\n<meta name=\"twitter:label1\" content=\"Dur\u00e9e de lecture estim\u00e9e\" \/>\n\t<meta name=\"twitter:data1\" content=\"6 minutes\" \/>\n<script type=\"application\/ld+json\" class=\"yoast-schema-graph\">{\"@context\":\"https:\/\/schema.org\",\"@graph\":[{\"@type\":\"WebPage\",\"@id\":\"https:\/\/rueducosmetic.fr\/index.php\/politique-de-confidentialite\/\",\"url\":\"https:\/\/rueducosmetic.fr\/index.php\/politique-de-confidentialite\/\",\"name\":\"Politique de confidentialit\u00e9 - RueduCosmetic\",\"isPartOf\":{\"@id\":\"https:\/\/rueducosmetic.fr\/#website\"},\"datePublished\":\"2021-11-16T21:14:30+00:00\",\"dateModified\":\"2024-06-21T16:12:54+00:00\",\"breadcrumb\":{\"@id\":\"https:\/\/rueducosmetic.fr\/index.php\/politique-de-confidentialite\/#breadcrumb\"},\"inLanguage\":\"fr-FR\",\"potentialAction\":[{\"@type\":\"ReadAction\",\"target\":[\"https:\/\/rueducosmetic.fr\/index.php\/politique-de-confidentialite\/\"]}]},{\"@type\":\"BreadcrumbList\",\"@id\":\"https:\/\/rueducosmetic.fr\/index.php\/politique-de-confidentialite\/#breadcrumb\",\"itemListElement\":[{\"@type\":\"ListItem\",\"position\":1,\"name\":\"Accueil\",\"item\":\"https:\/\/rueducosmetic.fr\/\"},{\"@type\":\"ListItem\",\"position\":2,\"name\":\"Politique de confidentialit\u00e9\"}]},{\"@type\":\"WebSite\",\"@id\":\"https:\/\/rueducosmetic.fr\/#website\",\"url\":\"https:\/\/rueducosmetic.fr\/\",\"name\":\"RueduCosmetic\",\"description\":\"Just another Fashion Designer Template\",\"potentialAction\":[{\"@type\":\"SearchAction\",\"target\":{\"@type\":\"EntryPoint\",\"urlTemplate\":\"https:\/\/rueducosmetic.fr\/?s={search_term_string}\"},\"query-input\":{\"@type\":\"PropertyValueSpecification\",\"valueRequired\":true,\"valueName\":\"search_term_string\"}}],\"inLanguage\":\"fr-FR\"}]}<\/script>\n<!-- \/ Yoast SEO plugin. -->","yoast_head_json":{"title":"Politique de confidentialit\u00e9 - RueduCosmetic","robots":{"index":"index","follow":"follow","max-snippet":"max-snippet:-1","max-image-preview":"max-image-preview:large","max-video-preview":"max-video-preview:-1"},"canonical":"https:\/\/rueducosmetic.fr\/index.php\/politique-de-confidentialite\/","og_locale":"fr_FR","og_type":"article","og_title":"Politique de confidentialit\u00e9 - RueduCosmetic","og_description":"Politique de confidentialit\u00e9 de rueducosmetic.fr \u00a0 La pr\u00e9sente Politique de confidentialit\u00e9 d\u00e9crit la fa\u00e7on dont vos informations personnelles sont recueillies, utilis\u00e9es et partag\u00e9es lorsque vous vous rendez sur\u00a0halloween-show.fr\u00a0(le \u00ab\u00a0Site\u00a0\u00bb) ou que vous y effectuez un achat. \u00a0 INFORMATIONS PERSONNELLES RECUEILLIES \u00a0 Lorsque vous vous rendez sur le Site, nous recueillons automatiquement certaines informations concernant votre &hellip; Politique de confidentialit\u00e9 Lire la suite\u00a0\u00bb","og_url":"https:\/\/rueducosmetic.fr\/index.php\/politique-de-confidentialite\/","og_site_name":"RueduCosmetic","article_modified_time":"2024-06-21T16:12:54+00:00","twitter_card":"summary_large_image","twitter_misc":{"Dur\u00e9e de lecture estim\u00e9e":"6 minutes"},"schema":{"@context":"https:\/\/schema.org","@graph":[{"@type":"WebPage","@id":"https:\/\/rueducosmetic.fr\/index.php\/politique-de-confidentialite\/","url":"https:\/\/rueducosmetic.fr\/index.php\/politique-de-confidentialite\/","name":"Politique de confidentialit\u00e9 - RueduCosmetic","isPartOf":{"@id":"https:\/\/rueducosmetic.fr\/#website"},"datePublished":"2021-11-16T21:14:30+00:00","dateModified":"2024-06-21T16:12:54+00:00","breadcrumb":{"@id":"https:\/\/rueducosmetic.fr\/index.php\/politique-de-confidentialite\/#breadcrumb"},"inLanguage":"fr-FR","potentialAction":[{"@type":"ReadAction","target":["https:\/\/rueducosmetic.fr\/index.php\/politique-de-confidentialite\/"]}]},{"@type":"BreadcrumbList","@id":"https:\/\/rueducosmetic.fr\/index.php\/politique-de-confidentialite\/#breadcrumb","itemListElement":[{"@type":"ListItem","position":1,"name":"Accueil","item":"https:\/\/rueducosmetic.fr\/"},{"@type":"ListItem","position":2,"name":"Politique de confidentialit\u00e9"}]},{"@type":"WebSite","@id":"https:\/\/rueducosmetic.fr\/#website","url":"https:\/\/rueducosmetic.fr\/","name":"RueduCosmetic","description":"Just another Fashion Designer Template","potentialAction":[{"@type":"SearchAction","target":{"@type":"EntryPoint","urlTemplate":"https:\/\/rueducosmetic.fr\/?s={search_term_string}"},"query-input":{"@type":"PropertyValueSpecification","valueRequired":true,"valueName":"search_term_string"}}],"inLanguage":"fr-FR"}]}},"_links":{"self":[{"href":"https:\/\/rueducosmetic.fr\/index.php\/wp-json\/wp\/v2\/pages\/3"}],"collection":[{"href":"https:\/\/rueducosmetic.fr\/index.php\/wp-json\/wp\/v2\/pages"}],"about":[{"href":"https:\/\/rueducosmetic.fr\/index.php\/wp-json\/wp\/v2\/types\/page"}],"author":[{"embeddable":true,"href":"https:\/\/rueducosmetic.fr\/index.php\/wp-json\/wp\/v2\/users\/1"}],"replies":[{"embeddable":true,"href":"https:\/\/rueducosmetic.fr\/index.php\/wp-json\/wp\/v2\/comments?post=3"}],"version-history":[{"count":4,"href":"https:\/\/rueducosmetic.fr\/index.php\/wp-json\/wp\/v2\/pages\/3\/revisions"}],"predecessor-version":[{"id":1672,"href":"https:\/\/rueducosmetic.fr\/index.php\/wp-json\/wp\/v2\/pages\/3\/revisions\/1672"}],"wp:attachment":[{"href":"https:\/\/rueducosmetic.fr\/index.php\/wp-json\/wp\/v2\/media?parent=3"}],"curies":[{"name":"wp","href":"https:\/\/api.w.org\/{rel}","templated":true}]}}