{"id":1005,"date":"2021-11-17T21:45:00","date_gmt":"2021-11-17T20:45:00","guid":{"rendered":"http:\/\/rueducosmetic.fr\/?post_type=product&#038;p=1005"},"modified":"2024-06-18T18:45:34","modified_gmt":"2024-06-18T16:45:34","slug":"womensecret-pretty-sexy","status":"publish","type":"product","link":"https:\/\/rueducosmetic.fr\/index.php\/produit\/womensecret-pretty-sexy\/","title":{"rendered":"Women&rsquo;Secret &#8211; Pretty &#038; Sexy"},"content":{"rendered":"<p>Fra\u00eeches et f\u00e9minines, les brumes Women&rsquo;Secret enveloppent le corps d&rsquo;un d\u00e9licat nuage de parfum.<\/p>\n<p>Une fragrance irr\u00e9sistible et naturellement sexy.<\/p>\n","protected":false},"excerpt":{"rendered":"<p>Brume Parfum\u00e9e \u00e0 <strong>fleur d&rsquo;oranger et au musc<\/strong><\/p>\n","protected":false},"featured_media":1006,"comment_status":"open","ping_status":"closed","template":"","meta":{"site-sidebar-layout":"default","site-content-layout":"default","ast-main-header-display":"","ast-hfb-above-header-display":"","ast-hfb-below-header-display":"","ast-hfb-mobile-header-display":"","site-post-title":"","ast-breadcrumbs-content":"","ast-featured-img":"","footer-sml-layout":"","theme-transparent-header-meta":"default","adv-header-id-meta":"","stick-header-meta":"","header-above-stick-meta":"","header-main-stick-meta":"","header-below-stick-meta":"","spay_email":""},"product_cat":[28,32],"product_tag":[],"yoast_head":"<!-- This site is optimized with the Yoast SEO plugin v24.5 - https:\/\/yoast.com\/wordpress\/plugins\/seo\/ -->\n<title>Women&#039;Secret - Pretty &amp; Sexy - RueduCosmetic<\/title>\n<meta name=\"robots\" content=\"index, follow, max-snippet:-1, max-image-preview:large, max-video-preview:-1\" \/>\n<link rel=\"canonical\" href=\"https:\/\/rueducosmetic.fr\/index.php\/produit\/womensecret-pretty-sexy\/\" \/>\n<meta property=\"og:locale\" content=\"fr_FR\" \/>\n<meta property=\"og:type\" content=\"article\" \/>\n<meta property=\"og:title\" content=\"Women&#039;Secret - Pretty &amp; Sexy - RueduCosmetic\" \/>\n<meta property=\"og:description\" content=\"Brume Parfum\u00e9e \u00e0 fleur d&#039;oranger et au musc\" \/>\n<meta property=\"og:url\" content=\"https:\/\/rueducosmetic.fr\/index.php\/produit\/womensecret-pretty-sexy\/\" \/>\n<meta property=\"og:site_name\" content=\"RueduCosmetic\" \/>\n<meta property=\"article:modified_time\" content=\"2024-06-18T16:45:34+00:00\" \/>\n<meta property=\"og:image\" content=\"https:\/\/rueducosmetic.fr\/wp-content\/uploads\/2021\/11\/Women-secret-pretty-sexy-brume-parfumee-1000x1000-1.jpg\" \/>\n\t<meta property=\"og:image:width\" content=\"1000\" \/>\n\t<meta property=\"og:image:height\" content=\"1000\" \/>\n\t<meta property=\"og:image:type\" content=\"image\/jpeg\" \/>\n<meta name=\"twitter:card\" content=\"summary_large_image\" \/>\n<script type=\"application\/ld+json\" class=\"yoast-schema-graph\">{\"@context\":\"https:\/\/schema.org\",\"@graph\":[{\"@type\":\"WebPage\",\"@id\":\"https:\/\/rueducosmetic.fr\/index.php\/produit\/womensecret-pretty-sexy\/\",\"url\":\"https:\/\/rueducosmetic.fr\/index.php\/produit\/womensecret-pretty-sexy\/\",\"name\":\"Women'Secret - Pretty & Sexy - RueduCosmetic\",\"isPartOf\":{\"@id\":\"https:\/\/rueducosmetic.fr\/#website\"},\"primaryImageOfPage\":{\"@id\":\"https:\/\/rueducosmetic.fr\/index.php\/produit\/womensecret-pretty-sexy\/#primaryimage\"},\"image\":{\"@id\":\"https:\/\/rueducosmetic.fr\/index.php\/produit\/womensecret-pretty-sexy\/#primaryimage\"},\"thumbnailUrl\":\"https:\/\/rueducosmetic.fr\/wp-content\/uploads\/2021\/11\/Women-secret-pretty-sexy-brume-parfumee-1000x1000-1.jpg\",\"datePublished\":\"2021-11-17T20:45:00+00:00\",\"dateModified\":\"2024-06-18T16:45:34+00:00\",\"breadcrumb\":{\"@id\":\"https:\/\/rueducosmetic.fr\/index.php\/produit\/womensecret-pretty-sexy\/#breadcrumb\"},\"inLanguage\":\"fr-FR\",\"potentialAction\":[{\"@type\":\"ReadAction\",\"target\":[\"https:\/\/rueducosmetic.fr\/index.php\/produit\/womensecret-pretty-sexy\/\"]}]},{\"@type\":\"ImageObject\",\"inLanguage\":\"fr-FR\",\"@id\":\"https:\/\/rueducosmetic.fr\/index.php\/produit\/womensecret-pretty-sexy\/#primaryimage\",\"url\":\"https:\/\/rueducosmetic.fr\/wp-content\/uploads\/2021\/11\/Women-secret-pretty-sexy-brume-parfumee-1000x1000-1.jpg\",\"contentUrl\":\"https:\/\/rueducosmetic.fr\/wp-content\/uploads\/2021\/11\/Women-secret-pretty-sexy-brume-parfumee-1000x1000-1.jpg\",\"width\":1000,\"height\":1000,\"caption\":\"Brume parfum\u00e9e Women'Secret au note de fleur d'oranger et de musc\"},{\"@type\":\"BreadcrumbList\",\"@id\":\"https:\/\/rueducosmetic.fr\/index.php\/produit\/womensecret-pretty-sexy\/#breadcrumb\",\"itemListElement\":[{\"@type\":\"ListItem\",\"position\":1,\"name\":\"Accueil\",\"item\":\"https:\/\/rueducosmetic.fr\/\"},{\"@type\":\"ListItem\",\"position\":2,\"name\":\"Shop\",\"item\":\"https:\/\/rueducosmetic.fr\/index.php\/shop\/\"},{\"@type\":\"ListItem\",\"position\":3,\"name\":\"Women&rsquo;Secret &#8211; Pretty &#038; Sexy\"}]},{\"@type\":\"WebSite\",\"@id\":\"https:\/\/rueducosmetic.fr\/#website\",\"url\":\"https:\/\/rueducosmetic.fr\/\",\"name\":\"RueduCosmetic\",\"description\":\"Just another Fashion Designer Template\",\"potentialAction\":[{\"@type\":\"SearchAction\",\"target\":{\"@type\":\"EntryPoint\",\"urlTemplate\":\"https:\/\/rueducosmetic.fr\/?s={search_term_string}\"},\"query-input\":{\"@type\":\"PropertyValueSpecification\",\"valueRequired\":true,\"valueName\":\"search_term_string\"}}],\"inLanguage\":\"fr-FR\"}]}<\/script>\n<!-- \/ Yoast SEO plugin. -->","yoast_head_json":{"title":"Women'Secret - Pretty & Sexy - RueduCosmetic","robots":{"index":"index","follow":"follow","max-snippet":"max-snippet:-1","max-image-preview":"max-image-preview:large","max-video-preview":"max-video-preview:-1"},"canonical":"https:\/\/rueducosmetic.fr\/index.php\/produit\/womensecret-pretty-sexy\/","og_locale":"fr_FR","og_type":"article","og_title":"Women'Secret - Pretty & Sexy - RueduCosmetic","og_description":"Brume Parfum\u00e9e \u00e0 fleur d'oranger et au musc","og_url":"https:\/\/rueducosmetic.fr\/index.php\/produit\/womensecret-pretty-sexy\/","og_site_name":"RueduCosmetic","article_modified_time":"2024-06-18T16:45:34+00:00","og_image":[{"width":1000,"height":1000,"url":"https:\/\/rueducosmetic.fr\/wp-content\/uploads\/2021\/11\/Women-secret-pretty-sexy-brume-parfumee-1000x1000-1.jpg","type":"image\/jpeg"}],"twitter_card":"summary_large_image","schema":{"@context":"https:\/\/schema.org","@graph":[{"@type":"WebPage","@id":"https:\/\/rueducosmetic.fr\/index.php\/produit\/womensecret-pretty-sexy\/","url":"https:\/\/rueducosmetic.fr\/index.php\/produit\/womensecret-pretty-sexy\/","name":"Women'Secret - Pretty & Sexy - RueduCosmetic","isPartOf":{"@id":"https:\/\/rueducosmetic.fr\/#website"},"primaryImageOfPage":{"@id":"https:\/\/rueducosmetic.fr\/index.php\/produit\/womensecret-pretty-sexy\/#primaryimage"},"image":{"@id":"https:\/\/rueducosmetic.fr\/index.php\/produit\/womensecret-pretty-sexy\/#primaryimage"},"thumbnailUrl":"https:\/\/rueducosmetic.fr\/wp-content\/uploads\/2021\/11\/Women-secret-pretty-sexy-brume-parfumee-1000x1000-1.jpg","datePublished":"2021-11-17T20:45:00+00:00","dateModified":"2024-06-18T16:45:34+00:00","breadcrumb":{"@id":"https:\/\/rueducosmetic.fr\/index.php\/produit\/womensecret-pretty-sexy\/#breadcrumb"},"inLanguage":"fr-FR","potentialAction":[{"@type":"ReadAction","target":["https:\/\/rueducosmetic.fr\/index.php\/produit\/womensecret-pretty-sexy\/"]}]},{"@type":"ImageObject","inLanguage":"fr-FR","@id":"https:\/\/rueducosmetic.fr\/index.php\/produit\/womensecret-pretty-sexy\/#primaryimage","url":"https:\/\/rueducosmetic.fr\/wp-content\/uploads\/2021\/11\/Women-secret-pretty-sexy-brume-parfumee-1000x1000-1.jpg","contentUrl":"https:\/\/rueducosmetic.fr\/wp-content\/uploads\/2021\/11\/Women-secret-pretty-sexy-brume-parfumee-1000x1000-1.jpg","width":1000,"height":1000,"caption":"Brume parfum\u00e9e Women'Secret au note de fleur d'oranger et de musc"},{"@type":"BreadcrumbList","@id":"https:\/\/rueducosmetic.fr\/index.php\/produit\/womensecret-pretty-sexy\/#breadcrumb","itemListElement":[{"@type":"ListItem","position":1,"name":"Accueil","item":"https:\/\/rueducosmetic.fr\/"},{"@type":"ListItem","position":2,"name":"Shop","item":"https:\/\/rueducosmetic.fr\/index.php\/shop\/"},{"@type":"ListItem","position":3,"name":"Women&rsquo;Secret &#8211; Pretty &#038; Sexy"}]},{"@type":"WebSite","@id":"https:\/\/rueducosmetic.fr\/#website","url":"https:\/\/rueducosmetic.fr\/","name":"RueduCosmetic","description":"Just another Fashion Designer Template","potentialAction":[{"@type":"SearchAction","target":{"@type":"EntryPoint","urlTemplate":"https:\/\/rueducosmetic.fr\/?s={search_term_string}"},"query-input":{"@type":"PropertyValueSpecification","valueRequired":true,"valueName":"search_term_string"}}],"inLanguage":"fr-FR"}]}},"_links":{"self":[{"href":"https:\/\/rueducosmetic.fr\/index.php\/wp-json\/wp\/v2\/product\/1005"}],"collection":[{"href":"https:\/\/rueducosmetic.fr\/index.php\/wp-json\/wp\/v2\/product"}],"about":[{"href":"https:\/\/rueducosmetic.fr\/index.php\/wp-json\/wp\/v2\/types\/product"}],"replies":[{"embeddable":true,"href":"https:\/\/rueducosmetic.fr\/index.php\/wp-json\/wp\/v2\/comments?post=1005"}],"wp:featuredmedia":[{"embeddable":true,"href":"https:\/\/rueducosmetic.fr\/index.php\/wp-json\/wp\/v2\/media\/1006"}],"wp:attachment":[{"href":"https:\/\/rueducosmetic.fr\/index.php\/wp-json\/wp\/v2\/media?parent=1005"}],"wp:term":[{"taxonomy":"product_cat","embeddable":true,"href":"https:\/\/rueducosmetic.fr\/index.php\/wp-json\/wp\/v2\/product_cat?post=1005"},{"taxonomy":"product_tag","embeddable":true,"href":"https:\/\/rueducosmetic.fr\/index.php\/wp-json\/wp\/v2\/product_tag?post=1005"}],"curies":[{"name":"wp","href":"https:\/\/api.w.org\/{rel}","templated":true}]}}