{"id":1010,"date":"2021-11-17T21:55:33","date_gmt":"2021-11-17T20:55:33","guid":{"rendered":"http:\/\/rueducosmetic.fr\/?post_type=product&#038;p=1010"},"modified":"2026-01-09T11:12:27","modified_gmt":"2026-01-09T10:12:27","slug":"womensecret-lady-tendress","status":"publish","type":"product","link":"https:\/\/rueducosmetic.fr\/index.php\/produit\/womensecret-lady-tendress\/","title":{"rendered":"Women&rsquo;Secret &#8211; Lady Tendress"},"content":{"rendered":"<p>Famille olfactive : Floral Fruit\u00e9<\/p>\n","protected":false},"excerpt":{"rendered":"<p>D\u00e9couvrez la d\u00e9licieuse brune corporelle spray 250ml. Fra\u00eeches et f\u00e9minines, les brumes Women&rsquo;Secret enveloppent le corps d&rsquo;un d\u00e9licat nuage de parfum.<br \/>\nLady Tenderness : Avec son c\u00f4t\u00e9\u00a0l\u00e9ger, rafra\u00eechissant et chatoyant il souligne la f\u00e9minit\u00e9, la sensualit\u00e9 et\u00a0la fra\u00eecheur. Le compl\u00e9ment parfait pou la vie de tous les jours<\/p>\n","protected":false},"featured_media":1011,"comment_status":"open","ping_status":"closed","template":"","meta":{"site-sidebar-layout":"default","site-content-layout":"default","ast-main-header-display":"","ast-hfb-above-header-display":"","ast-hfb-below-header-display":"","ast-hfb-mobile-header-display":"","site-post-title":"","ast-breadcrumbs-content":"","ast-featured-img":"","footer-sml-layout":"","theme-transparent-header-meta":"default","adv-header-id-meta":"","stick-header-meta":"","header-above-stick-meta":"","header-main-stick-meta":"","header-below-stick-meta":"","spay_email":""},"product_cat":[28,32],"product_tag":[],"yoast_head":"<!-- This site is optimized with the Yoast SEO plugin v24.5 - https:\/\/yoast.com\/wordpress\/plugins\/seo\/ -->\n<title>Women&#039;Secret - Lady Tendress - RueduCosmetic<\/title>\n<meta name=\"description\" content=\"https:\/\/www.news-parfums.com\/fr\/women-secret-parfum\/41779-lady-tenderness-brume-corporelle-parfumee-8436581944693.html?search_query=WomenSecret+Parfum&amp;results=1567\" \/>\n<meta name=\"robots\" content=\"index, follow, max-snippet:-1, max-image-preview:large, max-video-preview:-1\" \/>\n<link rel=\"canonical\" href=\"https:\/\/rueducosmetic.fr\/index.php\/produit\/womensecret-lady-tendress\/\" \/>\n<meta property=\"og:locale\" content=\"fr_FR\" \/>\n<meta property=\"og:type\" content=\"article\" \/>\n<meta property=\"og:title\" content=\"Women&#039;Secret - Lady Tendress - RueduCosmetic\" \/>\n<meta property=\"og:description\" content=\"https:\/\/www.news-parfums.com\/fr\/women-secret-parfum\/41779-lady-tenderness-brume-corporelle-parfumee-8436581944693.html?search_query=WomenSecret+Parfum&amp;results=1567\" \/>\n<meta property=\"og:url\" content=\"https:\/\/rueducosmetic.fr\/index.php\/produit\/womensecret-lady-tendress\/\" \/>\n<meta property=\"og:site_name\" content=\"RueduCosmetic\" \/>\n<meta property=\"article:modified_time\" content=\"2026-01-09T10:12:27+00:00\" \/>\n<meta property=\"og:image\" content=\"https:\/\/rueducosmetic.fr\/wp-content\/uploads\/2021\/11\/lady-tenderness-brume-corporelle-parfumee.jpg\" \/>\n\t<meta property=\"og:image:width\" content=\"800\" \/>\n\t<meta property=\"og:image:height\" content=\"800\" \/>\n\t<meta property=\"og:image:type\" content=\"image\/jpeg\" \/>\n<meta name=\"twitter:card\" content=\"summary_large_image\" \/>\n<script type=\"application\/ld+json\" class=\"yoast-schema-graph\">{\"@context\":\"https:\/\/schema.org\",\"@graph\":[{\"@type\":\"WebPage\",\"@id\":\"https:\/\/rueducosmetic.fr\/index.php\/produit\/womensecret-lady-tendress\/\",\"url\":\"https:\/\/rueducosmetic.fr\/index.php\/produit\/womensecret-lady-tendress\/\",\"name\":\"Women'Secret - Lady Tendress - RueduCosmetic\",\"isPartOf\":{\"@id\":\"https:\/\/rueducosmetic.fr\/#website\"},\"primaryImageOfPage\":{\"@id\":\"https:\/\/rueducosmetic.fr\/index.php\/produit\/womensecret-lady-tendress\/#primaryimage\"},\"image\":{\"@id\":\"https:\/\/rueducosmetic.fr\/index.php\/produit\/womensecret-lady-tendress\/#primaryimage\"},\"thumbnailUrl\":\"https:\/\/rueducosmetic.fr\/wp-content\/uploads\/2021\/11\/lady-tenderness-brume-corporelle-parfumee.jpg\",\"datePublished\":\"2021-11-17T20:55:33+00:00\",\"dateModified\":\"2026-01-09T10:12:27+00:00\",\"description\":\"https:\/\/www.news-parfums.com\/fr\/women-secret-parfum\/41779-lady-tenderness-brume-corporelle-parfumee-8436581944693.html?search_query=WomenSecret+Parfum&results=1567\",\"breadcrumb\":{\"@id\":\"https:\/\/rueducosmetic.fr\/index.php\/produit\/womensecret-lady-tendress\/#breadcrumb\"},\"inLanguage\":\"fr-FR\",\"potentialAction\":[{\"@type\":\"ReadAction\",\"target\":[\"https:\/\/rueducosmetic.fr\/index.php\/produit\/womensecret-lady-tendress\/\"]}]},{\"@type\":\"ImageObject\",\"inLanguage\":\"fr-FR\",\"@id\":\"https:\/\/rueducosmetic.fr\/index.php\/produit\/womensecret-lady-tendress\/#primaryimage\",\"url\":\"https:\/\/rueducosmetic.fr\/wp-content\/uploads\/2021\/11\/lady-tenderness-brume-corporelle-parfumee.jpg\",\"contentUrl\":\"https:\/\/rueducosmetic.fr\/wp-content\/uploads\/2021\/11\/lady-tenderness-brume-corporelle-parfumee.jpg\",\"width\":800,\"height\":800,\"caption\":\"Avec son c\u00f4t\u00e9 l\u00e9ger, rafra\u00eechissant et chatoyant il souligne la f\u00e9minit\u00e9, la sensualit\u00e9 et la fra\u00eecheur. Le compl\u00e9ment parfait pou la vie de tous les jours\"},{\"@type\":\"BreadcrumbList\",\"@id\":\"https:\/\/rueducosmetic.fr\/index.php\/produit\/womensecret-lady-tendress\/#breadcrumb\",\"itemListElement\":[{\"@type\":\"ListItem\",\"position\":1,\"name\":\"Accueil\",\"item\":\"https:\/\/rueducosmetic.fr\/\"},{\"@type\":\"ListItem\",\"position\":2,\"name\":\"Shop\",\"item\":\"https:\/\/rueducosmetic.fr\/index.php\/shop\/\"},{\"@type\":\"ListItem\",\"position\":3,\"name\":\"Women&rsquo;Secret &#8211; Lady Tendress\"}]},{\"@type\":\"WebSite\",\"@id\":\"https:\/\/rueducosmetic.fr\/#website\",\"url\":\"https:\/\/rueducosmetic.fr\/\",\"name\":\"RueduCosmetic\",\"description\":\"Just another Fashion Designer Template\",\"potentialAction\":[{\"@type\":\"SearchAction\",\"target\":{\"@type\":\"EntryPoint\",\"urlTemplate\":\"https:\/\/rueducosmetic.fr\/?s={search_term_string}\"},\"query-input\":{\"@type\":\"PropertyValueSpecification\",\"valueRequired\":true,\"valueName\":\"search_term_string\"}}],\"inLanguage\":\"fr-FR\"}]}<\/script>\n<!-- \/ Yoast SEO plugin. -->","yoast_head_json":{"title":"Women'Secret - Lady Tendress - RueduCosmetic","description":"https:\/\/www.news-parfums.com\/fr\/women-secret-parfum\/41779-lady-tenderness-brume-corporelle-parfumee-8436581944693.html?search_query=WomenSecret+Parfum&results=1567","robots":{"index":"index","follow":"follow","max-snippet":"max-snippet:-1","max-image-preview":"max-image-preview:large","max-video-preview":"max-video-preview:-1"},"canonical":"https:\/\/rueducosmetic.fr\/index.php\/produit\/womensecret-lady-tendress\/","og_locale":"fr_FR","og_type":"article","og_title":"Women'Secret - Lady Tendress - RueduCosmetic","og_description":"https:\/\/www.news-parfums.com\/fr\/women-secret-parfum\/41779-lady-tenderness-brume-corporelle-parfumee-8436581944693.html?search_query=WomenSecret+Parfum&results=1567","og_url":"https:\/\/rueducosmetic.fr\/index.php\/produit\/womensecret-lady-tendress\/","og_site_name":"RueduCosmetic","article_modified_time":"2026-01-09T10:12:27+00:00","og_image":[{"width":800,"height":800,"url":"https:\/\/rueducosmetic.fr\/wp-content\/uploads\/2021\/11\/lady-tenderness-brume-corporelle-parfumee.jpg","type":"image\/jpeg"}],"twitter_card":"summary_large_image","schema":{"@context":"https:\/\/schema.org","@graph":[{"@type":"WebPage","@id":"https:\/\/rueducosmetic.fr\/index.php\/produit\/womensecret-lady-tendress\/","url":"https:\/\/rueducosmetic.fr\/index.php\/produit\/womensecret-lady-tendress\/","name":"Women'Secret - Lady Tendress - RueduCosmetic","isPartOf":{"@id":"https:\/\/rueducosmetic.fr\/#website"},"primaryImageOfPage":{"@id":"https:\/\/rueducosmetic.fr\/index.php\/produit\/womensecret-lady-tendress\/#primaryimage"},"image":{"@id":"https:\/\/rueducosmetic.fr\/index.php\/produit\/womensecret-lady-tendress\/#primaryimage"},"thumbnailUrl":"https:\/\/rueducosmetic.fr\/wp-content\/uploads\/2021\/11\/lady-tenderness-brume-corporelle-parfumee.jpg","datePublished":"2021-11-17T20:55:33+00:00","dateModified":"2026-01-09T10:12:27+00:00","description":"https:\/\/www.news-parfums.com\/fr\/women-secret-parfum\/41779-lady-tenderness-brume-corporelle-parfumee-8436581944693.html?search_query=WomenSecret+Parfum&results=1567","breadcrumb":{"@id":"https:\/\/rueducosmetic.fr\/index.php\/produit\/womensecret-lady-tendress\/#breadcrumb"},"inLanguage":"fr-FR","potentialAction":[{"@type":"ReadAction","target":["https:\/\/rueducosmetic.fr\/index.php\/produit\/womensecret-lady-tendress\/"]}]},{"@type":"ImageObject","inLanguage":"fr-FR","@id":"https:\/\/rueducosmetic.fr\/index.php\/produit\/womensecret-lady-tendress\/#primaryimage","url":"https:\/\/rueducosmetic.fr\/wp-content\/uploads\/2021\/11\/lady-tenderness-brume-corporelle-parfumee.jpg","contentUrl":"https:\/\/rueducosmetic.fr\/wp-content\/uploads\/2021\/11\/lady-tenderness-brume-corporelle-parfumee.jpg","width":800,"height":800,"caption":"Avec son c\u00f4t\u00e9 l\u00e9ger, rafra\u00eechissant et chatoyant il souligne la f\u00e9minit\u00e9, la sensualit\u00e9 et la fra\u00eecheur. Le compl\u00e9ment parfait pou la vie de tous les jours"},{"@type":"BreadcrumbList","@id":"https:\/\/rueducosmetic.fr\/index.php\/produit\/womensecret-lady-tendress\/#breadcrumb","itemListElement":[{"@type":"ListItem","position":1,"name":"Accueil","item":"https:\/\/rueducosmetic.fr\/"},{"@type":"ListItem","position":2,"name":"Shop","item":"https:\/\/rueducosmetic.fr\/index.php\/shop\/"},{"@type":"ListItem","position":3,"name":"Women&rsquo;Secret &#8211; Lady Tendress"}]},{"@type":"WebSite","@id":"https:\/\/rueducosmetic.fr\/#website","url":"https:\/\/rueducosmetic.fr\/","name":"RueduCosmetic","description":"Just another Fashion Designer Template","potentialAction":[{"@type":"SearchAction","target":{"@type":"EntryPoint","urlTemplate":"https:\/\/rueducosmetic.fr\/?s={search_term_string}"},"query-input":{"@type":"PropertyValueSpecification","valueRequired":true,"valueName":"search_term_string"}}],"inLanguage":"fr-FR"}]}},"_links":{"self":[{"href":"https:\/\/rueducosmetic.fr\/index.php\/wp-json\/wp\/v2\/product\/1010"}],"collection":[{"href":"https:\/\/rueducosmetic.fr\/index.php\/wp-json\/wp\/v2\/product"}],"about":[{"href":"https:\/\/rueducosmetic.fr\/index.php\/wp-json\/wp\/v2\/types\/product"}],"replies":[{"embeddable":true,"href":"https:\/\/rueducosmetic.fr\/index.php\/wp-json\/wp\/v2\/comments?post=1010"}],"wp:featuredmedia":[{"embeddable":true,"href":"https:\/\/rueducosmetic.fr\/index.php\/wp-json\/wp\/v2\/media\/1011"}],"wp:attachment":[{"href":"https:\/\/rueducosmetic.fr\/index.php\/wp-json\/wp\/v2\/media?parent=1010"}],"wp:term":[{"taxonomy":"product_cat","embeddable":true,"href":"https:\/\/rueducosmetic.fr\/index.php\/wp-json\/wp\/v2\/product_cat?post=1010"},{"taxonomy":"product_tag","embeddable":true,"href":"https:\/\/rueducosmetic.fr\/index.php\/wp-json\/wp\/v2\/product_tag?post=1010"}],"curies":[{"name":"wp","href":"https:\/\/api.w.org\/{rel}","templated":true}]}}