{"id":1019,"date":"2021-11-17T22:24:31","date_gmt":"2021-11-17T21:24:31","guid":{"rendered":"http:\/\/rueducosmetic.fr\/?post_type=product&#038;p=1019"},"modified":"2024-06-18T18:45:33","modified_gmt":"2024-06-18T16:45:33","slug":"victorias-secret-rush","status":"publish","type":"product","link":"https:\/\/rueducosmetic.fr\/index.php\/produit\/victorias-secret-rush\/","title":{"rendered":"Victoria&rsquo;s Secret &#8211; Rush"},"content":{"rendered":"<ul>\n<li>ar\u00f4mes fruit\u00e9s pour les femmes qui aiment profiter de la vie<\/li>\n<li>rafra\u00eechit agr\u00e9ablement et apporte de l\u2019\u00e9nergie<\/li>\n<li>Victoria\u2019s Secret Rush souligne le c\u00f4t\u00e9 sensuel des femmes<\/li>\n<\/ul>\n<p>Composition du parfum :<br \/>\nLes notes bois\u00e9es sensuelles se m\u00ealent \u00e0 la d\u00e9licate mandarine. Cette combinaison est douce, pure et tr\u00e8s fra\u00eeche, mais aussi tr\u00e8s sensuelle. Elle apporte la confiance en soi et le courage de sortir de la foule.<\/p>\n","protected":false},"excerpt":{"rendered":"<p>Brume Parfum\u00e9e &#8211; Victoria&rsquo;s Secret\u00a0 Rush<\/p>\n","protected":false},"featured_media":1374,"comment_status":"open","ping_status":"closed","template":"","meta":{"site-sidebar-layout":"default","site-content-layout":"default","ast-main-header-display":"","ast-hfb-above-header-display":"","ast-hfb-below-header-display":"","ast-hfb-mobile-header-display":"","site-post-title":"","ast-breadcrumbs-content":"","ast-featured-img":"","footer-sml-layout":"","theme-transparent-header-meta":"default","adv-header-id-meta":"","stick-header-meta":"","header-above-stick-meta":"","header-main-stick-meta":"","header-below-stick-meta":"","spay_email":""},"product_cat":[28,31],"product_tag":[],"yoast_head":"<!-- This site is optimized with the Yoast SEO plugin v24.5 - https:\/\/yoast.com\/wordpress\/plugins\/seo\/ -->\n<title>Victoria&#039;s Secret - Rush - RueduCosmetic<\/title>\n<meta name=\"robots\" content=\"index, follow, max-snippet:-1, max-image-preview:large, max-video-preview:-1\" \/>\n<link rel=\"canonical\" href=\"https:\/\/rueducosmetic.fr\/index.php\/produit\/victorias-secret-rush\/\" \/>\n<meta property=\"og:locale\" content=\"fr_FR\" \/>\n<meta property=\"og:type\" content=\"article\" \/>\n<meta property=\"og:title\" content=\"Victoria&#039;s Secret - Rush - RueduCosmetic\" \/>\n<meta property=\"og:description\" content=\"Brume Parfum\u00e9e - Victoria&#039;s Secret\u00a0 Rush\" \/>\n<meta property=\"og:url\" content=\"https:\/\/rueducosmetic.fr\/index.php\/produit\/victorias-secret-rush\/\" \/>\n<meta property=\"og:site_name\" content=\"RueduCosmetic\" \/>\n<meta property=\"article:modified_time\" content=\"2024-06-18T16:45:33+00:00\" \/>\n<meta property=\"og:image\" content=\"https:\/\/rueducosmetic.fr\/wp-content\/uploads\/2021\/11\/brume-parfumee-rush-victoria-s-secret.jpg\" \/>\n\t<meta property=\"og:image:width\" content=\"300\" \/>\n\t<meta property=\"og:image:height\" content=\"300\" \/>\n\t<meta property=\"og:image:type\" content=\"image\/jpeg\" \/>\n<meta name=\"twitter:card\" content=\"summary_large_image\" \/>\n<meta name=\"twitter:label1\" content=\"Dur\u00e9e de lecture estim\u00e9e\" \/>\n\t<meta name=\"twitter:data1\" content=\"1 minute\" \/>\n<script type=\"application\/ld+json\" class=\"yoast-schema-graph\">{\"@context\":\"https:\/\/schema.org\",\"@graph\":[{\"@type\":\"WebPage\",\"@id\":\"https:\/\/rueducosmetic.fr\/index.php\/produit\/victorias-secret-rush\/\",\"url\":\"https:\/\/rueducosmetic.fr\/index.php\/produit\/victorias-secret-rush\/\",\"name\":\"Victoria's Secret - Rush - RueduCosmetic\",\"isPartOf\":{\"@id\":\"https:\/\/rueducosmetic.fr\/#website\"},\"primaryImageOfPage\":{\"@id\":\"https:\/\/rueducosmetic.fr\/index.php\/produit\/victorias-secret-rush\/#primaryimage\"},\"image\":{\"@id\":\"https:\/\/rueducosmetic.fr\/index.php\/produit\/victorias-secret-rush\/#primaryimage\"},\"thumbnailUrl\":\"https:\/\/rueducosmetic.fr\/wp-content\/uploads\/2021\/11\/brume-parfumee-rush-victoria-s-secret.jpg\",\"datePublished\":\"2021-11-17T21:24:31+00:00\",\"dateModified\":\"2024-06-18T16:45:33+00:00\",\"breadcrumb\":{\"@id\":\"https:\/\/rueducosmetic.fr\/index.php\/produit\/victorias-secret-rush\/#breadcrumb\"},\"inLanguage\":\"fr-FR\",\"potentialAction\":[{\"@type\":\"ReadAction\",\"target\":[\"https:\/\/rueducosmetic.fr\/index.php\/produit\/victorias-secret-rush\/\"]}]},{\"@type\":\"ImageObject\",\"inLanguage\":\"fr-FR\",\"@id\":\"https:\/\/rueducosmetic.fr\/index.php\/produit\/victorias-secret-rush\/#primaryimage\",\"url\":\"https:\/\/rueducosmetic.fr\/wp-content\/uploads\/2021\/11\/brume-parfumee-rush-victoria-s-secret.jpg\",\"contentUrl\":\"https:\/\/rueducosmetic.fr\/wp-content\/uploads\/2021\/11\/brume-parfumee-rush-victoria-s-secret.jpg\",\"width\":300,\"height\":300,\"caption\":\"Brume victorias secret\"},{\"@type\":\"BreadcrumbList\",\"@id\":\"https:\/\/rueducosmetic.fr\/index.php\/produit\/victorias-secret-rush\/#breadcrumb\",\"itemListElement\":[{\"@type\":\"ListItem\",\"position\":1,\"name\":\"Accueil\",\"item\":\"https:\/\/rueducosmetic.fr\/\"},{\"@type\":\"ListItem\",\"position\":2,\"name\":\"Shop\",\"item\":\"https:\/\/rueducosmetic.fr\/index.php\/shop\/\"},{\"@type\":\"ListItem\",\"position\":3,\"name\":\"Victoria&rsquo;s Secret &#8211; Rush\"}]},{\"@type\":\"WebSite\",\"@id\":\"https:\/\/rueducosmetic.fr\/#website\",\"url\":\"https:\/\/rueducosmetic.fr\/\",\"name\":\"RueduCosmetic\",\"description\":\"Just another Fashion Designer Template\",\"potentialAction\":[{\"@type\":\"SearchAction\",\"target\":{\"@type\":\"EntryPoint\",\"urlTemplate\":\"https:\/\/rueducosmetic.fr\/?s={search_term_string}\"},\"query-input\":{\"@type\":\"PropertyValueSpecification\",\"valueRequired\":true,\"valueName\":\"search_term_string\"}}],\"inLanguage\":\"fr-FR\"}]}<\/script>\n<!-- \/ Yoast SEO plugin. -->","yoast_head_json":{"title":"Victoria's Secret - Rush - RueduCosmetic","robots":{"index":"index","follow":"follow","max-snippet":"max-snippet:-1","max-image-preview":"max-image-preview:large","max-video-preview":"max-video-preview:-1"},"canonical":"https:\/\/rueducosmetic.fr\/index.php\/produit\/victorias-secret-rush\/","og_locale":"fr_FR","og_type":"article","og_title":"Victoria's Secret - Rush - RueduCosmetic","og_description":"Brume Parfum\u00e9e - Victoria's Secret\u00a0 Rush","og_url":"https:\/\/rueducosmetic.fr\/index.php\/produit\/victorias-secret-rush\/","og_site_name":"RueduCosmetic","article_modified_time":"2024-06-18T16:45:33+00:00","og_image":[{"width":300,"height":300,"url":"https:\/\/rueducosmetic.fr\/wp-content\/uploads\/2021\/11\/brume-parfumee-rush-victoria-s-secret.jpg","type":"image\/jpeg"}],"twitter_card":"summary_large_image","twitter_misc":{"Dur\u00e9e de lecture estim\u00e9e":"1 minute"},"schema":{"@context":"https:\/\/schema.org","@graph":[{"@type":"WebPage","@id":"https:\/\/rueducosmetic.fr\/index.php\/produit\/victorias-secret-rush\/","url":"https:\/\/rueducosmetic.fr\/index.php\/produit\/victorias-secret-rush\/","name":"Victoria's Secret - Rush - RueduCosmetic","isPartOf":{"@id":"https:\/\/rueducosmetic.fr\/#website"},"primaryImageOfPage":{"@id":"https:\/\/rueducosmetic.fr\/index.php\/produit\/victorias-secret-rush\/#primaryimage"},"image":{"@id":"https:\/\/rueducosmetic.fr\/index.php\/produit\/victorias-secret-rush\/#primaryimage"},"thumbnailUrl":"https:\/\/rueducosmetic.fr\/wp-content\/uploads\/2021\/11\/brume-parfumee-rush-victoria-s-secret.jpg","datePublished":"2021-11-17T21:24:31+00:00","dateModified":"2024-06-18T16:45:33+00:00","breadcrumb":{"@id":"https:\/\/rueducosmetic.fr\/index.php\/produit\/victorias-secret-rush\/#breadcrumb"},"inLanguage":"fr-FR","potentialAction":[{"@type":"ReadAction","target":["https:\/\/rueducosmetic.fr\/index.php\/produit\/victorias-secret-rush\/"]}]},{"@type":"ImageObject","inLanguage":"fr-FR","@id":"https:\/\/rueducosmetic.fr\/index.php\/produit\/victorias-secret-rush\/#primaryimage","url":"https:\/\/rueducosmetic.fr\/wp-content\/uploads\/2021\/11\/brume-parfumee-rush-victoria-s-secret.jpg","contentUrl":"https:\/\/rueducosmetic.fr\/wp-content\/uploads\/2021\/11\/brume-parfumee-rush-victoria-s-secret.jpg","width":300,"height":300,"caption":"Brume victorias secret"},{"@type":"BreadcrumbList","@id":"https:\/\/rueducosmetic.fr\/index.php\/produit\/victorias-secret-rush\/#breadcrumb","itemListElement":[{"@type":"ListItem","position":1,"name":"Accueil","item":"https:\/\/rueducosmetic.fr\/"},{"@type":"ListItem","position":2,"name":"Shop","item":"https:\/\/rueducosmetic.fr\/index.php\/shop\/"},{"@type":"ListItem","position":3,"name":"Victoria&rsquo;s Secret &#8211; Rush"}]},{"@type":"WebSite","@id":"https:\/\/rueducosmetic.fr\/#website","url":"https:\/\/rueducosmetic.fr\/","name":"RueduCosmetic","description":"Just another Fashion Designer Template","potentialAction":[{"@type":"SearchAction","target":{"@type":"EntryPoint","urlTemplate":"https:\/\/rueducosmetic.fr\/?s={search_term_string}"},"query-input":{"@type":"PropertyValueSpecification","valueRequired":true,"valueName":"search_term_string"}}],"inLanguage":"fr-FR"}]}},"_links":{"self":[{"href":"https:\/\/rueducosmetic.fr\/index.php\/wp-json\/wp\/v2\/product\/1019"}],"collection":[{"href":"https:\/\/rueducosmetic.fr\/index.php\/wp-json\/wp\/v2\/product"}],"about":[{"href":"https:\/\/rueducosmetic.fr\/index.php\/wp-json\/wp\/v2\/types\/product"}],"replies":[{"embeddable":true,"href":"https:\/\/rueducosmetic.fr\/index.php\/wp-json\/wp\/v2\/comments?post=1019"}],"wp:featuredmedia":[{"embeddable":true,"href":"https:\/\/rueducosmetic.fr\/index.php\/wp-json\/wp\/v2\/media\/1374"}],"wp:attachment":[{"href":"https:\/\/rueducosmetic.fr\/index.php\/wp-json\/wp\/v2\/media?parent=1019"}],"wp:term":[{"taxonomy":"product_cat","embeddable":true,"href":"https:\/\/rueducosmetic.fr\/index.php\/wp-json\/wp\/v2\/product_cat?post=1019"},{"taxonomy":"product_tag","embeddable":true,"href":"https:\/\/rueducosmetic.fr\/index.php\/wp-json\/wp\/v2\/product_tag?post=1019"}],"curies":[{"name":"wp","href":"https:\/\/api.w.org\/{rel}","templated":true}]}}