{"id":1021,"date":"2021-11-17T22:25:08","date_gmt":"2021-11-17T21:25:08","guid":{"rendered":"http:\/\/rueducosmetic.fr\/?post_type=product&#038;p=1021"},"modified":"2024-06-18T18:45:33","modified_gmt":"2024-06-18T16:45:33","slug":"victorias-secret-temptation","status":"publish","type":"product","link":"https:\/\/rueducosmetic.fr\/index.php\/produit\/victorias-secret-temptation\/","title":{"rendered":"Victoria&rsquo;s Secret &#8211; Temptation"},"content":{"rendered":"<p>Brume Parfum\u00e9e &#8211; Victoria&rsquo;s Secret Temptation<\/p>\n","protected":false},"excerpt":{"rendered":"<ul>\n<li>d\u00e9licat parfum fruit\u00e9 pour les femmes optimistes<\/li>\n<li>la brume Victoria\u2019s Secret Temptation vous rafra\u00eechit \u00e0 tout moment<\/li>\n<li>souligne tout votre charme personnel<\/li>\n<\/ul>\n<p>Composition du parfum :<br \/>\nCette senteur propose une harmonie inattendue o\u00f9 se m\u00e9langent de doux accords de d\u00e9licieuses pommes fra\u00eeches avec les notes d\u00e9licates de fleurs du d\u00e9sert. Cette harmonie parfaite cr\u00e9e sur votre peau un ar\u00f4me dont vous deviendrez rapidement d\u00e9pendant.<\/p>\n","protected":false},"featured_media":1022,"comment_status":"open","ping_status":"closed","template":"","meta":{"site-sidebar-layout":"default","site-content-layout":"default","ast-main-header-display":"","ast-hfb-above-header-display":"","ast-hfb-below-header-display":"","ast-hfb-mobile-header-display":"","site-post-title":"","ast-breadcrumbs-content":"","ast-featured-img":"","footer-sml-layout":"","theme-transparent-header-meta":"default","adv-header-id-meta":"","stick-header-meta":"","header-above-stick-meta":"","header-main-stick-meta":"","header-below-stick-meta":"","spay_email":""},"product_cat":[28,31],"product_tag":[],"yoast_head":"<!-- This site is optimized with the Yoast SEO plugin v24.5 - https:\/\/yoast.com\/wordpress\/plugins\/seo\/ -->\n<title>Victoria&#039;s Secret - Temptation - RueduCosmetic<\/title>\n<meta name=\"robots\" content=\"index, follow, max-snippet:-1, max-image-preview:large, max-video-preview:-1\" \/>\n<link rel=\"canonical\" href=\"https:\/\/rueducosmetic.fr\/index.php\/produit\/victorias-secret-temptation\/\" \/>\n<meta property=\"og:locale\" content=\"fr_FR\" \/>\n<meta property=\"og:type\" content=\"article\" \/>\n<meta property=\"og:title\" content=\"Victoria&#039;s Secret - Temptation - RueduCosmetic\" \/>\n<meta property=\"og:description\" content=\"d\u00e9licat parfum fruit\u00e9 pour les femmes optimistes  la brume Victoria\u2019s Secret Temptation vous rafra\u00eechit \u00e0 tout moment  souligne tout votre charme personnel  Composition du parfum : Cette senteur propose une harmonie inattendue o\u00f9 se m\u00e9langent de doux accords de d\u00e9licieuses pommes fra\u00eeches avec les notes d\u00e9licates de fleurs du d\u00e9sert. Cette harmonie parfaite cr\u00e9e sur votre peau un ar\u00f4me dont vous deviendrez rapidement d\u00e9pendant.\" \/>\n<meta property=\"og:url\" content=\"https:\/\/rueducosmetic.fr\/index.php\/produit\/victorias-secret-temptation\/\" \/>\n<meta property=\"og:site_name\" content=\"RueduCosmetic\" \/>\n<meta property=\"article:modified_time\" content=\"2024-06-18T16:45:33+00:00\" \/>\n<meta property=\"og:image\" content=\"https:\/\/rueducosmetic.fr\/wp-content\/uploads\/2021\/11\/temptation-fragance-mist.jpg\" \/>\n\t<meta property=\"og:image:width\" content=\"600\" \/>\n\t<meta property=\"og:image:height\" content=\"600\" \/>\n\t<meta property=\"og:image:type\" content=\"image\/jpeg\" \/>\n<meta name=\"twitter:card\" content=\"summary_large_image\" \/>\n<meta name=\"twitter:label1\" content=\"Dur\u00e9e de lecture estim\u00e9e\" \/>\n\t<meta name=\"twitter:data1\" content=\"1 minute\" \/>\n<script type=\"application\/ld+json\" class=\"yoast-schema-graph\">{\"@context\":\"https:\/\/schema.org\",\"@graph\":[{\"@type\":\"WebPage\",\"@id\":\"https:\/\/rueducosmetic.fr\/index.php\/produit\/victorias-secret-temptation\/\",\"url\":\"https:\/\/rueducosmetic.fr\/index.php\/produit\/victorias-secret-temptation\/\",\"name\":\"Victoria's Secret - Temptation - RueduCosmetic\",\"isPartOf\":{\"@id\":\"https:\/\/rueducosmetic.fr\/#website\"},\"primaryImageOfPage\":{\"@id\":\"https:\/\/rueducosmetic.fr\/index.php\/produit\/victorias-secret-temptation\/#primaryimage\"},\"image\":{\"@id\":\"https:\/\/rueducosmetic.fr\/index.php\/produit\/victorias-secret-temptation\/#primaryimage\"},\"thumbnailUrl\":\"https:\/\/rueducosmetic.fr\/wp-content\/uploads\/2021\/11\/temptation-fragance-mist.jpg\",\"datePublished\":\"2021-11-17T21:25:08+00:00\",\"dateModified\":\"2024-06-18T16:45:33+00:00\",\"breadcrumb\":{\"@id\":\"https:\/\/rueducosmetic.fr\/index.php\/produit\/victorias-secret-temptation\/#breadcrumb\"},\"inLanguage\":\"fr-FR\",\"potentialAction\":[{\"@type\":\"ReadAction\",\"target\":[\"https:\/\/rueducosmetic.fr\/index.php\/produit\/victorias-secret-temptation\/\"]}]},{\"@type\":\"ImageObject\",\"inLanguage\":\"fr-FR\",\"@id\":\"https:\/\/rueducosmetic.fr\/index.php\/produit\/victorias-secret-temptation\/#primaryimage\",\"url\":\"https:\/\/rueducosmetic.fr\/wp-content\/uploads\/2021\/11\/temptation-fragance-mist.jpg\",\"contentUrl\":\"https:\/\/rueducosmetic.fr\/wp-content\/uploads\/2021\/11\/temptation-fragance-mist.jpg\",\"width\":600,\"height\":600,\"caption\":\"Brume parfum\u00e9e\"},{\"@type\":\"BreadcrumbList\",\"@id\":\"https:\/\/rueducosmetic.fr\/index.php\/produit\/victorias-secret-temptation\/#breadcrumb\",\"itemListElement\":[{\"@type\":\"ListItem\",\"position\":1,\"name\":\"Accueil\",\"item\":\"https:\/\/rueducosmetic.fr\/\"},{\"@type\":\"ListItem\",\"position\":2,\"name\":\"Shop\",\"item\":\"https:\/\/rueducosmetic.fr\/index.php\/shop\/\"},{\"@type\":\"ListItem\",\"position\":3,\"name\":\"Victoria&rsquo;s Secret &#8211; Temptation\"}]},{\"@type\":\"WebSite\",\"@id\":\"https:\/\/rueducosmetic.fr\/#website\",\"url\":\"https:\/\/rueducosmetic.fr\/\",\"name\":\"RueduCosmetic\",\"description\":\"Just another Fashion Designer Template\",\"potentialAction\":[{\"@type\":\"SearchAction\",\"target\":{\"@type\":\"EntryPoint\",\"urlTemplate\":\"https:\/\/rueducosmetic.fr\/?s={search_term_string}\"},\"query-input\":{\"@type\":\"PropertyValueSpecification\",\"valueRequired\":true,\"valueName\":\"search_term_string\"}}],\"inLanguage\":\"fr-FR\"}]}<\/script>\n<!-- \/ Yoast SEO plugin. -->","yoast_head_json":{"title":"Victoria's Secret - Temptation - RueduCosmetic","robots":{"index":"index","follow":"follow","max-snippet":"max-snippet:-1","max-image-preview":"max-image-preview:large","max-video-preview":"max-video-preview:-1"},"canonical":"https:\/\/rueducosmetic.fr\/index.php\/produit\/victorias-secret-temptation\/","og_locale":"fr_FR","og_type":"article","og_title":"Victoria's Secret - Temptation - RueduCosmetic","og_description":"d\u00e9licat parfum fruit\u00e9 pour les femmes optimistes  la brume Victoria\u2019s Secret Temptation vous rafra\u00eechit \u00e0 tout moment  souligne tout votre charme personnel  Composition du parfum : Cette senteur propose une harmonie inattendue o\u00f9 se m\u00e9langent de doux accords de d\u00e9licieuses pommes fra\u00eeches avec les notes d\u00e9licates de fleurs du d\u00e9sert. Cette harmonie parfaite cr\u00e9e sur votre peau un ar\u00f4me dont vous deviendrez rapidement d\u00e9pendant.","og_url":"https:\/\/rueducosmetic.fr\/index.php\/produit\/victorias-secret-temptation\/","og_site_name":"RueduCosmetic","article_modified_time":"2024-06-18T16:45:33+00:00","og_image":[{"width":600,"height":600,"url":"https:\/\/rueducosmetic.fr\/wp-content\/uploads\/2021\/11\/temptation-fragance-mist.jpg","type":"image\/jpeg"}],"twitter_card":"summary_large_image","twitter_misc":{"Dur\u00e9e de lecture estim\u00e9e":"1 minute"},"schema":{"@context":"https:\/\/schema.org","@graph":[{"@type":"WebPage","@id":"https:\/\/rueducosmetic.fr\/index.php\/produit\/victorias-secret-temptation\/","url":"https:\/\/rueducosmetic.fr\/index.php\/produit\/victorias-secret-temptation\/","name":"Victoria's Secret - Temptation - RueduCosmetic","isPartOf":{"@id":"https:\/\/rueducosmetic.fr\/#website"},"primaryImageOfPage":{"@id":"https:\/\/rueducosmetic.fr\/index.php\/produit\/victorias-secret-temptation\/#primaryimage"},"image":{"@id":"https:\/\/rueducosmetic.fr\/index.php\/produit\/victorias-secret-temptation\/#primaryimage"},"thumbnailUrl":"https:\/\/rueducosmetic.fr\/wp-content\/uploads\/2021\/11\/temptation-fragance-mist.jpg","datePublished":"2021-11-17T21:25:08+00:00","dateModified":"2024-06-18T16:45:33+00:00","breadcrumb":{"@id":"https:\/\/rueducosmetic.fr\/index.php\/produit\/victorias-secret-temptation\/#breadcrumb"},"inLanguage":"fr-FR","potentialAction":[{"@type":"ReadAction","target":["https:\/\/rueducosmetic.fr\/index.php\/produit\/victorias-secret-temptation\/"]}]},{"@type":"ImageObject","inLanguage":"fr-FR","@id":"https:\/\/rueducosmetic.fr\/index.php\/produit\/victorias-secret-temptation\/#primaryimage","url":"https:\/\/rueducosmetic.fr\/wp-content\/uploads\/2021\/11\/temptation-fragance-mist.jpg","contentUrl":"https:\/\/rueducosmetic.fr\/wp-content\/uploads\/2021\/11\/temptation-fragance-mist.jpg","width":600,"height":600,"caption":"Brume parfum\u00e9e"},{"@type":"BreadcrumbList","@id":"https:\/\/rueducosmetic.fr\/index.php\/produit\/victorias-secret-temptation\/#breadcrumb","itemListElement":[{"@type":"ListItem","position":1,"name":"Accueil","item":"https:\/\/rueducosmetic.fr\/"},{"@type":"ListItem","position":2,"name":"Shop","item":"https:\/\/rueducosmetic.fr\/index.php\/shop\/"},{"@type":"ListItem","position":3,"name":"Victoria&rsquo;s Secret &#8211; Temptation"}]},{"@type":"WebSite","@id":"https:\/\/rueducosmetic.fr\/#website","url":"https:\/\/rueducosmetic.fr\/","name":"RueduCosmetic","description":"Just another Fashion Designer Template","potentialAction":[{"@type":"SearchAction","target":{"@type":"EntryPoint","urlTemplate":"https:\/\/rueducosmetic.fr\/?s={search_term_string}"},"query-input":{"@type":"PropertyValueSpecification","valueRequired":true,"valueName":"search_term_string"}}],"inLanguage":"fr-FR"}]}},"_links":{"self":[{"href":"https:\/\/rueducosmetic.fr\/index.php\/wp-json\/wp\/v2\/product\/1021"}],"collection":[{"href":"https:\/\/rueducosmetic.fr\/index.php\/wp-json\/wp\/v2\/product"}],"about":[{"href":"https:\/\/rueducosmetic.fr\/index.php\/wp-json\/wp\/v2\/types\/product"}],"replies":[{"embeddable":true,"href":"https:\/\/rueducosmetic.fr\/index.php\/wp-json\/wp\/v2\/comments?post=1021"}],"wp:featuredmedia":[{"embeddable":true,"href":"https:\/\/rueducosmetic.fr\/index.php\/wp-json\/wp\/v2\/media\/1022"}],"wp:attachment":[{"href":"https:\/\/rueducosmetic.fr\/index.php\/wp-json\/wp\/v2\/media?parent=1021"}],"wp:term":[{"taxonomy":"product_cat","embeddable":true,"href":"https:\/\/rueducosmetic.fr\/index.php\/wp-json\/wp\/v2\/product_cat?post=1021"},{"taxonomy":"product_tag","embeddable":true,"href":"https:\/\/rueducosmetic.fr\/index.php\/wp-json\/wp\/v2\/product_tag?post=1021"}],"curies":[{"name":"wp","href":"https:\/\/api.w.org\/{rel}","templated":true}]}}