{"id":1023,"date":"2021-11-17T22:26:13","date_gmt":"2021-11-17T21:26:13","guid":{"rendered":"http:\/\/rueducosmetic.fr\/?post_type=product&#038;p=1023"},"modified":"2024-06-18T18:45:32","modified_gmt":"2024-06-18T16:45:32","slug":"victorias-secret-coconut-passion","status":"publish","type":"product","link":"https:\/\/rueducosmetic.fr\/index.php\/produit\/victorias-secret-coconut-passion\/","title":{"rendered":"Victoria&rsquo;s Secret &#8211; Coconut Passion"},"content":{"rendered":"<p>Brume Parfum\u00e9e Victoria&rsquo;s Secret &#8211; Coconut Passion.<\/p>\n<p>Composition :<br \/>\ncamomille, muguet, noix de coco, vanille, aloe vera<\/p>\n<p>&nbsp;<\/p>\n","protected":false},"excerpt":{"rendered":"<ul>\n<li>parfum exotique rafra\u00eechissant Victoria\u2019s Secret Coconut Passion<\/li>\n<li>\u00e9veille une atmosph\u00e8re estivale d\u00e8s que vous le souhaitez<\/li>\n<li>la brume Coconut Passion rappelle une plage tropicale<\/li>\n<\/ul>\n<p>Composition du parfum : Enfoncez les pieds dans le sable chaud et profitez d\u2019une d\u00e9licieuse journ\u00e9e au bord de la mer avec la senteur de noix de coco de la brume Coconut Passion de Victoria\u2019s Secret.<\/p>\n","protected":false},"featured_media":1024,"comment_status":"open","ping_status":"closed","template":"","meta":{"site-sidebar-layout":"default","site-content-layout":"default","ast-main-header-display":"","ast-hfb-above-header-display":"","ast-hfb-below-header-display":"","ast-hfb-mobile-header-display":"","site-post-title":"","ast-breadcrumbs-content":"","ast-featured-img":"","footer-sml-layout":"","theme-transparent-header-meta":"default","adv-header-id-meta":"","stick-header-meta":"","header-above-stick-meta":"","header-main-stick-meta":"","header-below-stick-meta":"","spay_email":""},"product_cat":[28,31],"product_tag":[],"yoast_head":"<!-- This site is optimized with the Yoast SEO plugin v24.5 - https:\/\/yoast.com\/wordpress\/plugins\/seo\/ -->\n<title>Victoria&#039;s Secret - Coconut Passion - RueduCosmetic<\/title>\n<meta name=\"robots\" content=\"index, follow, max-snippet:-1, max-image-preview:large, max-video-preview:-1\" \/>\n<link rel=\"canonical\" href=\"https:\/\/rueducosmetic.fr\/index.php\/produit\/victorias-secret-coconut-passion\/\" \/>\n<meta property=\"og:locale\" content=\"fr_FR\" \/>\n<meta property=\"og:type\" content=\"article\" \/>\n<meta property=\"og:title\" content=\"Victoria&#039;s Secret - Coconut Passion - RueduCosmetic\" \/>\n<meta property=\"og:description\" content=\"parfum exotique rafra\u00eechissant Victoria\u2019s Secret Coconut Passion  \u00e9veille une atmosph\u00e8re estivale d\u00e8s que vous le souhaitez  la brume Coconut Passion rappelle une plage tropicale  Composition du parfum : Enfoncez les pieds dans le sable chaud et profitez d\u2019une d\u00e9licieuse journ\u00e9e au bord de la mer avec la senteur de noix de coco de la brume Coconut Passion de Victoria\u2019s Secret.\" \/>\n<meta property=\"og:url\" content=\"https:\/\/rueducosmetic.fr\/index.php\/produit\/victorias-secret-coconut-passion\/\" \/>\n<meta property=\"og:site_name\" content=\"RueduCosmetic\" \/>\n<meta property=\"article:modified_time\" content=\"2024-06-18T16:45:32+00:00\" \/>\n<meta property=\"og:image\" content=\"https:\/\/rueducosmetic.fr\/wp-content\/uploads\/2021\/11\/victoria-s-secret-coconut-passion-fragrance-mist-2.jpg\" \/>\n\t<meta property=\"og:image:width\" content=\"700\" \/>\n\t<meta property=\"og:image:height\" content=\"700\" \/>\n\t<meta property=\"og:image:type\" content=\"image\/jpeg\" \/>\n<meta name=\"twitter:card\" content=\"summary_large_image\" \/>\n<meta name=\"twitter:label1\" content=\"Dur\u00e9e de lecture estim\u00e9e\" \/>\n\t<meta name=\"twitter:data1\" content=\"1 minute\" \/>\n<script type=\"application\/ld+json\" class=\"yoast-schema-graph\">{\"@context\":\"https:\/\/schema.org\",\"@graph\":[{\"@type\":\"WebPage\",\"@id\":\"https:\/\/rueducosmetic.fr\/index.php\/produit\/victorias-secret-coconut-passion\/\",\"url\":\"https:\/\/rueducosmetic.fr\/index.php\/produit\/victorias-secret-coconut-passion\/\",\"name\":\"Victoria's Secret - Coconut Passion - RueduCosmetic\",\"isPartOf\":{\"@id\":\"https:\/\/rueducosmetic.fr\/#website\"},\"primaryImageOfPage\":{\"@id\":\"https:\/\/rueducosmetic.fr\/index.php\/produit\/victorias-secret-coconut-passion\/#primaryimage\"},\"image\":{\"@id\":\"https:\/\/rueducosmetic.fr\/index.php\/produit\/victorias-secret-coconut-passion\/#primaryimage\"},\"thumbnailUrl\":\"https:\/\/rueducosmetic.fr\/wp-content\/uploads\/2021\/11\/victoria-s-secret-coconut-passion-fragrance-mist-2.jpg\",\"datePublished\":\"2021-11-17T21:26:13+00:00\",\"dateModified\":\"2024-06-18T16:45:32+00:00\",\"breadcrumb\":{\"@id\":\"https:\/\/rueducosmetic.fr\/index.php\/produit\/victorias-secret-coconut-passion\/#breadcrumb\"},\"inLanguage\":\"fr-FR\",\"potentialAction\":[{\"@type\":\"ReadAction\",\"target\":[\"https:\/\/rueducosmetic.fr\/index.php\/produit\/victorias-secret-coconut-passion\/\"]}]},{\"@type\":\"ImageObject\",\"inLanguage\":\"fr-FR\",\"@id\":\"https:\/\/rueducosmetic.fr\/index.php\/produit\/victorias-secret-coconut-passion\/#primaryimage\",\"url\":\"https:\/\/rueducosmetic.fr\/wp-content\/uploads\/2021\/11\/victoria-s-secret-coconut-passion-fragrance-mist-2.jpg\",\"contentUrl\":\"https:\/\/rueducosmetic.fr\/wp-content\/uploads\/2021\/11\/victoria-s-secret-coconut-passion-fragrance-mist-2.jpg\",\"width\":700,\"height\":700,\"caption\":\"Brume victorias secret coconut passion\"},{\"@type\":\"BreadcrumbList\",\"@id\":\"https:\/\/rueducosmetic.fr\/index.php\/produit\/victorias-secret-coconut-passion\/#breadcrumb\",\"itemListElement\":[{\"@type\":\"ListItem\",\"position\":1,\"name\":\"Accueil\",\"item\":\"https:\/\/rueducosmetic.fr\/\"},{\"@type\":\"ListItem\",\"position\":2,\"name\":\"Shop\",\"item\":\"https:\/\/rueducosmetic.fr\/index.php\/shop\/\"},{\"@type\":\"ListItem\",\"position\":3,\"name\":\"Victoria&rsquo;s Secret &#8211; Coconut Passion\"}]},{\"@type\":\"WebSite\",\"@id\":\"https:\/\/rueducosmetic.fr\/#website\",\"url\":\"https:\/\/rueducosmetic.fr\/\",\"name\":\"RueduCosmetic\",\"description\":\"Just another Fashion Designer Template\",\"potentialAction\":[{\"@type\":\"SearchAction\",\"target\":{\"@type\":\"EntryPoint\",\"urlTemplate\":\"https:\/\/rueducosmetic.fr\/?s={search_term_string}\"},\"query-input\":{\"@type\":\"PropertyValueSpecification\",\"valueRequired\":true,\"valueName\":\"search_term_string\"}}],\"inLanguage\":\"fr-FR\"}]}<\/script>\n<!-- \/ Yoast SEO plugin. -->","yoast_head_json":{"title":"Victoria's Secret - Coconut Passion - RueduCosmetic","robots":{"index":"index","follow":"follow","max-snippet":"max-snippet:-1","max-image-preview":"max-image-preview:large","max-video-preview":"max-video-preview:-1"},"canonical":"https:\/\/rueducosmetic.fr\/index.php\/produit\/victorias-secret-coconut-passion\/","og_locale":"fr_FR","og_type":"article","og_title":"Victoria's Secret - Coconut Passion - RueduCosmetic","og_description":"parfum exotique rafra\u00eechissant Victoria\u2019s Secret Coconut Passion  \u00e9veille une atmosph\u00e8re estivale d\u00e8s que vous le souhaitez  la brume Coconut Passion rappelle une plage tropicale  Composition du parfum : Enfoncez les pieds dans le sable chaud et profitez d\u2019une d\u00e9licieuse journ\u00e9e au bord de la mer avec la senteur de noix de coco de la brume Coconut Passion de Victoria\u2019s Secret.","og_url":"https:\/\/rueducosmetic.fr\/index.php\/produit\/victorias-secret-coconut-passion\/","og_site_name":"RueduCosmetic","article_modified_time":"2024-06-18T16:45:32+00:00","og_image":[{"width":700,"height":700,"url":"https:\/\/rueducosmetic.fr\/wp-content\/uploads\/2021\/11\/victoria-s-secret-coconut-passion-fragrance-mist-2.jpg","type":"image\/jpeg"}],"twitter_card":"summary_large_image","twitter_misc":{"Dur\u00e9e de lecture estim\u00e9e":"1 minute"},"schema":{"@context":"https:\/\/schema.org","@graph":[{"@type":"WebPage","@id":"https:\/\/rueducosmetic.fr\/index.php\/produit\/victorias-secret-coconut-passion\/","url":"https:\/\/rueducosmetic.fr\/index.php\/produit\/victorias-secret-coconut-passion\/","name":"Victoria's Secret - Coconut Passion - RueduCosmetic","isPartOf":{"@id":"https:\/\/rueducosmetic.fr\/#website"},"primaryImageOfPage":{"@id":"https:\/\/rueducosmetic.fr\/index.php\/produit\/victorias-secret-coconut-passion\/#primaryimage"},"image":{"@id":"https:\/\/rueducosmetic.fr\/index.php\/produit\/victorias-secret-coconut-passion\/#primaryimage"},"thumbnailUrl":"https:\/\/rueducosmetic.fr\/wp-content\/uploads\/2021\/11\/victoria-s-secret-coconut-passion-fragrance-mist-2.jpg","datePublished":"2021-11-17T21:26:13+00:00","dateModified":"2024-06-18T16:45:32+00:00","breadcrumb":{"@id":"https:\/\/rueducosmetic.fr\/index.php\/produit\/victorias-secret-coconut-passion\/#breadcrumb"},"inLanguage":"fr-FR","potentialAction":[{"@type":"ReadAction","target":["https:\/\/rueducosmetic.fr\/index.php\/produit\/victorias-secret-coconut-passion\/"]}]},{"@type":"ImageObject","inLanguage":"fr-FR","@id":"https:\/\/rueducosmetic.fr\/index.php\/produit\/victorias-secret-coconut-passion\/#primaryimage","url":"https:\/\/rueducosmetic.fr\/wp-content\/uploads\/2021\/11\/victoria-s-secret-coconut-passion-fragrance-mist-2.jpg","contentUrl":"https:\/\/rueducosmetic.fr\/wp-content\/uploads\/2021\/11\/victoria-s-secret-coconut-passion-fragrance-mist-2.jpg","width":700,"height":700,"caption":"Brume victorias secret coconut passion"},{"@type":"BreadcrumbList","@id":"https:\/\/rueducosmetic.fr\/index.php\/produit\/victorias-secret-coconut-passion\/#breadcrumb","itemListElement":[{"@type":"ListItem","position":1,"name":"Accueil","item":"https:\/\/rueducosmetic.fr\/"},{"@type":"ListItem","position":2,"name":"Shop","item":"https:\/\/rueducosmetic.fr\/index.php\/shop\/"},{"@type":"ListItem","position":3,"name":"Victoria&rsquo;s Secret &#8211; Coconut Passion"}]},{"@type":"WebSite","@id":"https:\/\/rueducosmetic.fr\/#website","url":"https:\/\/rueducosmetic.fr\/","name":"RueduCosmetic","description":"Just another Fashion Designer Template","potentialAction":[{"@type":"SearchAction","target":{"@type":"EntryPoint","urlTemplate":"https:\/\/rueducosmetic.fr\/?s={search_term_string}"},"query-input":{"@type":"PropertyValueSpecification","valueRequired":true,"valueName":"search_term_string"}}],"inLanguage":"fr-FR"}]}},"_links":{"self":[{"href":"https:\/\/rueducosmetic.fr\/index.php\/wp-json\/wp\/v2\/product\/1023"}],"collection":[{"href":"https:\/\/rueducosmetic.fr\/index.php\/wp-json\/wp\/v2\/product"}],"about":[{"href":"https:\/\/rueducosmetic.fr\/index.php\/wp-json\/wp\/v2\/types\/product"}],"replies":[{"embeddable":true,"href":"https:\/\/rueducosmetic.fr\/index.php\/wp-json\/wp\/v2\/comments?post=1023"}],"wp:featuredmedia":[{"embeddable":true,"href":"https:\/\/rueducosmetic.fr\/index.php\/wp-json\/wp\/v2\/media\/1024"}],"wp:attachment":[{"href":"https:\/\/rueducosmetic.fr\/index.php\/wp-json\/wp\/v2\/media?parent=1023"}],"wp:term":[{"taxonomy":"product_cat","embeddable":true,"href":"https:\/\/rueducosmetic.fr\/index.php\/wp-json\/wp\/v2\/product_cat?post=1023"},{"taxonomy":"product_tag","embeddable":true,"href":"https:\/\/rueducosmetic.fr\/index.php\/wp-json\/wp\/v2\/product_tag?post=1023"}],"curies":[{"name":"wp","href":"https:\/\/api.w.org\/{rel}","templated":true}]}}