{"id":1043,"date":"2021-11-17T22:47:06","date_gmt":"2021-11-17T21:47:06","guid":{"rendered":"http:\/\/rueducosmetic.fr\/?post_type=product&#038;p=1043"},"modified":"2021-11-20T17:11:19","modified_gmt":"2021-11-20T16:11:19","slug":"rosebaie-caviar-kit","status":"publish","type":"product","link":"https:\/\/rueducosmetic.fr\/index.php\/produit\/rosebaie-caviar-kit\/","title":{"rendered":"Gamme k\u00e9ratine X caviar"},"content":{"rendered":"<p>Composition :<br \/>\nShampoing\u00a0: Eau (water), Sodium C14-16, Olefin Sulfonate Cocamidopropyl Betaine, Sodium Cocoamphoacetate, Glycerine, Polyquaternium-7, Hydrolized Keratin, Caviar Extract, Betain, Parfum (Fragrance), Glycol Distearate, Benzyl Alcohol, Benzoic\u200b Acid, Dehydroacetic Acid, Tocopherol, Cocamide Mea, Laureth-10, Citric Acid, Hexyl Cinnamal.<\/p>\n<p>Masque\u00a0: Eau (water), Cetearyl Alcohol, Cetrimonium, Chloride, Behentrimonium Chloride, Betain, Myristyl Alcohol, Hydrolized Keratin, Caviar Extract, Glycerin, Parfum (Fragrance), Benzyl Alcohol, Benzoic Acid, Dehydroacetic Acid, Tocopherol, Disodium Edta, Citric acid, Hexy Cinnamal.<\/p>\n","protected":false},"excerpt":{"rendered":"<p>Gamme\u00a0\u00e9dition limit\u00e9e\u00a0sans sulfate ni parab\u00e8ne :<\/p>\n<ul>\n<li>un shampoing \u00e0 la k\u00e9ratine et \u00e0 l\u2019extrait de caviar (500ml)<\/li>\n<li>un masque \u00e0 la k\u00e9ratine et \u00e0 l\u2019extrait de caviar (500ml)<\/li>\n<li>Des ingr\u00e9dients s\u00e9lectionn\u00e9s pour des produits haut de gamme.<\/li>\n<\/ul>\n","protected":false},"featured_media":1044,"comment_status":"open","ping_status":"closed","template":"","meta":{"site-sidebar-layout":"default","site-content-layout":"default","ast-main-header-display":"","ast-hfb-above-header-display":"","ast-hfb-below-header-display":"","ast-hfb-mobile-header-display":"","site-post-title":"","ast-breadcrumbs-content":"","ast-featured-img":"","footer-sml-layout":"","theme-transparent-header-meta":"default","adv-header-id-meta":"","stick-header-meta":"","header-above-stick-meta":"","header-main-stick-meta":"","header-below-stick-meta":"","spay_email":""},"product_cat":[35,34],"product_tag":[],"yoast_head":"<!-- This site is optimized with the Yoast SEO plugin v24.5 - https:\/\/yoast.com\/wordpress\/plugins\/seo\/ -->\n<title>Gamme k\u00e9ratine X caviar - RueduCosmetic<\/title>\n<meta name=\"robots\" content=\"index, follow, max-snippet:-1, max-image-preview:large, max-video-preview:-1\" \/>\n<link rel=\"canonical\" href=\"https:\/\/rueducosmetic.fr\/index.php\/produit\/rosebaie-caviar-kit\/\" \/>\n<meta property=\"og:locale\" content=\"fr_FR\" \/>\n<meta property=\"og:type\" content=\"article\" \/>\n<meta property=\"og:title\" content=\"Gamme k\u00e9ratine X caviar - RueduCosmetic\" \/>\n<meta property=\"og:description\" content=\"Gamme\u00a0\u00e9dition limit\u00e9e\u00a0sans sulfate ni parab\u00e8ne :   un shampoing \u00e0 la k\u00e9ratine et \u00e0 l\u2019extrait de caviar (500ml)  un masque \u00e0 la k\u00e9ratine et \u00e0 l\u2019extrait de caviar (500ml)  Des ingr\u00e9dients s\u00e9lectionn\u00e9s pour des produits haut de gamme.\" \/>\n<meta property=\"og:url\" content=\"https:\/\/rueducosmetic.fr\/index.php\/produit\/rosebaie-caviar-kit\/\" \/>\n<meta property=\"og:site_name\" content=\"RueduCosmetic\" \/>\n<meta property=\"article:modified_time\" content=\"2021-11-20T16:11:19+00:00\" \/>\n<meta property=\"og:image\" content=\"https:\/\/rueducosmetic.fr\/wp-content\/uploads\/2021\/11\/rose-baie-caviar-kit.jpg\" \/>\n\t<meta property=\"og:image:width\" content=\"600\" \/>\n\t<meta property=\"og:image:height\" content=\"600\" \/>\n\t<meta property=\"og:image:type\" content=\"image\/jpeg\" \/>\n<meta name=\"twitter:card\" content=\"summary_large_image\" \/>\n<script type=\"application\/ld+json\" class=\"yoast-schema-graph\">{\"@context\":\"https:\/\/schema.org\",\"@graph\":[{\"@type\":\"WebPage\",\"@id\":\"https:\/\/rueducosmetic.fr\/index.php\/produit\/rosebaie-caviar-kit\/\",\"url\":\"https:\/\/rueducosmetic.fr\/index.php\/produit\/rosebaie-caviar-kit\/\",\"name\":\"Gamme k\u00e9ratine X caviar - RueduCosmetic\",\"isPartOf\":{\"@id\":\"https:\/\/rueducosmetic.fr\/#website\"},\"primaryImageOfPage\":{\"@id\":\"https:\/\/rueducosmetic.fr\/index.php\/produit\/rosebaie-caviar-kit\/#primaryimage\"},\"image\":{\"@id\":\"https:\/\/rueducosmetic.fr\/index.php\/produit\/rosebaie-caviar-kit\/#primaryimage\"},\"thumbnailUrl\":\"https:\/\/rueducosmetic.fr\/wp-content\/uploads\/2021\/11\/rose-baie-caviar-kit.jpg\",\"datePublished\":\"2021-11-17T21:47:06+00:00\",\"dateModified\":\"2021-11-20T16:11:19+00:00\",\"breadcrumb\":{\"@id\":\"https:\/\/rueducosmetic.fr\/index.php\/produit\/rosebaie-caviar-kit\/#breadcrumb\"},\"inLanguage\":\"fr-FR\",\"potentialAction\":[{\"@type\":\"ReadAction\",\"target\":[\"https:\/\/rueducosmetic.fr\/index.php\/produit\/rosebaie-caviar-kit\/\"]}]},{\"@type\":\"ImageObject\",\"inLanguage\":\"fr-FR\",\"@id\":\"https:\/\/rueducosmetic.fr\/index.php\/produit\/rosebaie-caviar-kit\/#primaryimage\",\"url\":\"https:\/\/rueducosmetic.fr\/wp-content\/uploads\/2021\/11\/rose-baie-caviar-kit.jpg\",\"contentUrl\":\"https:\/\/rueducosmetic.fr\/wp-content\/uploads\/2021\/11\/rose-baie-caviar-kit.jpg\",\"width\":600,\"height\":600,\"caption\":\"Soin pour cheveux\"},{\"@type\":\"BreadcrumbList\",\"@id\":\"https:\/\/rueducosmetic.fr\/index.php\/produit\/rosebaie-caviar-kit\/#breadcrumb\",\"itemListElement\":[{\"@type\":\"ListItem\",\"position\":1,\"name\":\"Accueil\",\"item\":\"https:\/\/rueducosmetic.fr\/\"},{\"@type\":\"ListItem\",\"position\":2,\"name\":\"Shop\",\"item\":\"https:\/\/rueducosmetic.fr\/index.php\/shop\/\"},{\"@type\":\"ListItem\",\"position\":3,\"name\":\"Gamme k\u00e9ratine X caviar\"}]},{\"@type\":\"WebSite\",\"@id\":\"https:\/\/rueducosmetic.fr\/#website\",\"url\":\"https:\/\/rueducosmetic.fr\/\",\"name\":\"RueduCosmetic\",\"description\":\"Just another Fashion Designer Template\",\"potentialAction\":[{\"@type\":\"SearchAction\",\"target\":{\"@type\":\"EntryPoint\",\"urlTemplate\":\"https:\/\/rueducosmetic.fr\/?s={search_term_string}\"},\"query-input\":{\"@type\":\"PropertyValueSpecification\",\"valueRequired\":true,\"valueName\":\"search_term_string\"}}],\"inLanguage\":\"fr-FR\"}]}<\/script>\n<!-- \/ Yoast SEO plugin. -->","yoast_head_json":{"title":"Gamme k\u00e9ratine X caviar - RueduCosmetic","robots":{"index":"index","follow":"follow","max-snippet":"max-snippet:-1","max-image-preview":"max-image-preview:large","max-video-preview":"max-video-preview:-1"},"canonical":"https:\/\/rueducosmetic.fr\/index.php\/produit\/rosebaie-caviar-kit\/","og_locale":"fr_FR","og_type":"article","og_title":"Gamme k\u00e9ratine X caviar - RueduCosmetic","og_description":"Gamme\u00a0\u00e9dition limit\u00e9e\u00a0sans sulfate ni parab\u00e8ne :   un shampoing \u00e0 la k\u00e9ratine et \u00e0 l\u2019extrait de caviar (500ml)  un masque \u00e0 la k\u00e9ratine et \u00e0 l\u2019extrait de caviar (500ml)  Des ingr\u00e9dients s\u00e9lectionn\u00e9s pour des produits haut de gamme.","og_url":"https:\/\/rueducosmetic.fr\/index.php\/produit\/rosebaie-caviar-kit\/","og_site_name":"RueduCosmetic","article_modified_time":"2021-11-20T16:11:19+00:00","og_image":[{"width":600,"height":600,"url":"https:\/\/rueducosmetic.fr\/wp-content\/uploads\/2021\/11\/rose-baie-caviar-kit.jpg","type":"image\/jpeg"}],"twitter_card":"summary_large_image","schema":{"@context":"https:\/\/schema.org","@graph":[{"@type":"WebPage","@id":"https:\/\/rueducosmetic.fr\/index.php\/produit\/rosebaie-caviar-kit\/","url":"https:\/\/rueducosmetic.fr\/index.php\/produit\/rosebaie-caviar-kit\/","name":"Gamme k\u00e9ratine X caviar - RueduCosmetic","isPartOf":{"@id":"https:\/\/rueducosmetic.fr\/#website"},"primaryImageOfPage":{"@id":"https:\/\/rueducosmetic.fr\/index.php\/produit\/rosebaie-caviar-kit\/#primaryimage"},"image":{"@id":"https:\/\/rueducosmetic.fr\/index.php\/produit\/rosebaie-caviar-kit\/#primaryimage"},"thumbnailUrl":"https:\/\/rueducosmetic.fr\/wp-content\/uploads\/2021\/11\/rose-baie-caviar-kit.jpg","datePublished":"2021-11-17T21:47:06+00:00","dateModified":"2021-11-20T16:11:19+00:00","breadcrumb":{"@id":"https:\/\/rueducosmetic.fr\/index.php\/produit\/rosebaie-caviar-kit\/#breadcrumb"},"inLanguage":"fr-FR","potentialAction":[{"@type":"ReadAction","target":["https:\/\/rueducosmetic.fr\/index.php\/produit\/rosebaie-caviar-kit\/"]}]},{"@type":"ImageObject","inLanguage":"fr-FR","@id":"https:\/\/rueducosmetic.fr\/index.php\/produit\/rosebaie-caviar-kit\/#primaryimage","url":"https:\/\/rueducosmetic.fr\/wp-content\/uploads\/2021\/11\/rose-baie-caviar-kit.jpg","contentUrl":"https:\/\/rueducosmetic.fr\/wp-content\/uploads\/2021\/11\/rose-baie-caviar-kit.jpg","width":600,"height":600,"caption":"Soin pour cheveux"},{"@type":"BreadcrumbList","@id":"https:\/\/rueducosmetic.fr\/index.php\/produit\/rosebaie-caviar-kit\/#breadcrumb","itemListElement":[{"@type":"ListItem","position":1,"name":"Accueil","item":"https:\/\/rueducosmetic.fr\/"},{"@type":"ListItem","position":2,"name":"Shop","item":"https:\/\/rueducosmetic.fr\/index.php\/shop\/"},{"@type":"ListItem","position":3,"name":"Gamme k\u00e9ratine X caviar"}]},{"@type":"WebSite","@id":"https:\/\/rueducosmetic.fr\/#website","url":"https:\/\/rueducosmetic.fr\/","name":"RueduCosmetic","description":"Just another Fashion Designer Template","potentialAction":[{"@type":"SearchAction","target":{"@type":"EntryPoint","urlTemplate":"https:\/\/rueducosmetic.fr\/?s={search_term_string}"},"query-input":{"@type":"PropertyValueSpecification","valueRequired":true,"valueName":"search_term_string"}}],"inLanguage":"fr-FR"}]}},"_links":{"self":[{"href":"https:\/\/rueducosmetic.fr\/index.php\/wp-json\/wp\/v2\/product\/1043"}],"collection":[{"href":"https:\/\/rueducosmetic.fr\/index.php\/wp-json\/wp\/v2\/product"}],"about":[{"href":"https:\/\/rueducosmetic.fr\/index.php\/wp-json\/wp\/v2\/types\/product"}],"replies":[{"embeddable":true,"href":"https:\/\/rueducosmetic.fr\/index.php\/wp-json\/wp\/v2\/comments?post=1043"}],"wp:featuredmedia":[{"embeddable":true,"href":"https:\/\/rueducosmetic.fr\/index.php\/wp-json\/wp\/v2\/media\/1044"}],"wp:attachment":[{"href":"https:\/\/rueducosmetic.fr\/index.php\/wp-json\/wp\/v2\/media?parent=1043"}],"wp:term":[{"taxonomy":"product_cat","embeddable":true,"href":"https:\/\/rueducosmetic.fr\/index.php\/wp-json\/wp\/v2\/product_cat?post=1043"},{"taxonomy":"product_tag","embeddable":true,"href":"https:\/\/rueducosmetic.fr\/index.php\/wp-json\/wp\/v2\/product_tag?post=1043"}],"curies":[{"name":"wp","href":"https:\/\/api.w.org\/{rel}","templated":true}]}}