{"id":1045,"date":"2021-11-17T22:47:57","date_gmt":"2021-11-17T21:47:57","guid":{"rendered":"http:\/\/rueducosmetic.fr\/?post_type=product&#038;p=1045"},"modified":"2021-11-20T17:11:19","modified_gmt":"2021-11-20T16:11:19","slug":"rosebaie-amla-kit","status":"publish","type":"product","link":"https:\/\/rueducosmetic.fr\/index.php\/produit\/rosebaie-amla-kit\/","title":{"rendered":"Gamme K\u00e9ratine X Amla"},"content":{"rendered":"<p>Composition :<\/p>\n<p>Shampoing :\u00a0 Aqua (Water), Sodium C14-16 Olefin Sulfonate, Sodium Cocoamphoacetate, Cocamidopropyl Betaine, Glycerin, Polyquaternium-7, Hydrolized Keratin, Phyllanthus Emblica Fruit Extract, Betain, Parfum (Fragrance), Glycol Distearate, Benzyl Alcohol, Benzoic Acid, Dehydroacetic Acid, Tocopherol, Cocamide Mea, Laureth-10, Citric Acid, Disodium Edta, Benzyl Salicylate, Hydroxycitronellal, Linalool.<\/p>\n<p>Masque\u00a0: Aqua (Water), Cetearyl Alcohol,Cetrimonium Chloride, Behentrimonium, Chloride, Betain, Myristyl Alcohol, Hydrolized Keratin, Phyllanthus Emblica Fruit Extract, Glycerin, Parfum (Fragrance), Benzyl Alcohol, Benzoic Acid, Dehydroacetic Acid, Tocopherol, Disodium Edta, Citric Acid, Hydroxycitro- nellal, Limonene.<\/p>\n","protected":false},"excerpt":{"rendered":"<ul>\n<li>Gamme \u00e9dition limit\u00e9e sans sulfate ni parab\u00e8ne :<br \/>\nun shampoing \u00e0 la k\u00e9ratine et \u00e0 l\u2019extrait de Amla (500ml)<\/li>\n<li>un masque \u00e0 la k\u00e9ratine et \u00e0 l\u2019extrait de Amla (500ml)<\/li>\n<\/ul>\n<p>Des ingr\u00e9dients s\u00e9lectionn\u00e9s pour des produits haut de gamme.<br \/>\n\u201d Devenez la plus belle personne que vous \u00eates, obtenez la chevelure de vos r\u00eaves \u201d<\/p>\n<p>Le Shampoing Rosebaie \u00e0 la k\u00e9ratine et \u00e0 l\u2019huile d\u2019amla \u00e9limine les impuret\u00e9s, prot\u00e8ge des agressions, renforce et revitalise la fibre capillaire. Vos cheveux seront brillants et adoucis.<br \/>\nAppliquez des racines jusqu\u2019 aux pointes sur cheveux mouill\u00e9s. Rincez \u00e0 l\u2019eau. Optimisez votre r\u00e9sultat \u00e0 l\u2019aide du masque de la gamme Rosebaie. Sans sulfate, sans parab\u00e8ne. Convient \u00e0 tout type de cheveux.<\/p>\n","protected":false},"featured_media":1046,"comment_status":"open","ping_status":"closed","template":"","meta":{"site-sidebar-layout":"default","site-content-layout":"default","ast-main-header-display":"","ast-hfb-above-header-display":"","ast-hfb-below-header-display":"","ast-hfb-mobile-header-display":"","site-post-title":"","ast-breadcrumbs-content":"","ast-featured-img":"","footer-sml-layout":"","theme-transparent-header-meta":"default","adv-header-id-meta":"","stick-header-meta":"","header-above-stick-meta":"","header-main-stick-meta":"","header-below-stick-meta":"","spay_email":""},"product_cat":[35,34],"product_tag":[],"yoast_head":"<!-- This site is optimized with the Yoast SEO plugin v24.5 - https:\/\/yoast.com\/wordpress\/plugins\/seo\/ -->\n<title>Gamme K\u00e9ratine X Amla - RueduCosmetic<\/title>\n<meta name=\"robots\" content=\"index, follow, max-snippet:-1, max-image-preview:large, max-video-preview:-1\" \/>\n<link rel=\"canonical\" href=\"https:\/\/rueducosmetic.fr\/index.php\/produit\/rosebaie-amla-kit\/\" \/>\n<meta property=\"og:locale\" content=\"fr_FR\" \/>\n<meta property=\"og:type\" content=\"article\" \/>\n<meta property=\"og:title\" content=\"Gamme K\u00e9ratine X Amla - RueduCosmetic\" \/>\n<meta property=\"og:description\" content=\"Gamme \u00e9dition limit\u00e9e sans sulfate ni parab\u00e8ne : un shampoing \u00e0 la k\u00e9ratine et \u00e0 l\u2019extrait de Amla (500ml)  un masque \u00e0 la k\u00e9ratine et \u00e0 l\u2019extrait de Amla (500ml)  Des ingr\u00e9dients s\u00e9lectionn\u00e9s pour des produits haut de gamme. \u201d Devenez la plus belle personne que vous \u00eates, obtenez la chevelure de vos r\u00eaves \u201d  Le Shampoing Rosebaie \u00e0 la k\u00e9ratine et \u00e0 l\u2019huile d\u2019amla \u00e9limine les impuret\u00e9s, prot\u00e8ge des agressions, renforce et revitalise la fibre capillaire. Vos cheveux seront brillants et adoucis. Appliquez des racines jusqu\u2019 aux pointes sur cheveux mouill\u00e9s. Rincez \u00e0 l\u2019eau. Optimisez votre r\u00e9sultat \u00e0 l\u2019aide du masque de la gamme Rosebaie. Sans sulfate, sans parab\u00e8ne. Convient \u00e0 tout type de cheveux.\" \/>\n<meta property=\"og:url\" content=\"https:\/\/rueducosmetic.fr\/index.php\/produit\/rosebaie-amla-kit\/\" \/>\n<meta property=\"og:site_name\" content=\"RueduCosmetic\" \/>\n<meta property=\"article:modified_time\" content=\"2021-11-20T16:11:19+00:00\" \/>\n<meta property=\"og:image\" content=\"https:\/\/rueducosmetic.fr\/wp-content\/uploads\/2021\/11\/ROSEBAIE_AMLA-kit.jpg\" \/>\n\t<meta property=\"og:image:width\" content=\"2000\" \/>\n\t<meta property=\"og:image:height\" content=\"2000\" \/>\n\t<meta property=\"og:image:type\" content=\"image\/jpeg\" \/>\n<meta name=\"twitter:card\" content=\"summary_large_image\" \/>\n<meta name=\"twitter:label1\" content=\"Dur\u00e9e de lecture estim\u00e9e\" \/>\n\t<meta name=\"twitter:data1\" content=\"1 minute\" \/>\n<script type=\"application\/ld+json\" class=\"yoast-schema-graph\">{\"@context\":\"https:\/\/schema.org\",\"@graph\":[{\"@type\":\"WebPage\",\"@id\":\"https:\/\/rueducosmetic.fr\/index.php\/produit\/rosebaie-amla-kit\/\",\"url\":\"https:\/\/rueducosmetic.fr\/index.php\/produit\/rosebaie-amla-kit\/\",\"name\":\"Gamme K\u00e9ratine X Amla - RueduCosmetic\",\"isPartOf\":{\"@id\":\"https:\/\/rueducosmetic.fr\/#website\"},\"primaryImageOfPage\":{\"@id\":\"https:\/\/rueducosmetic.fr\/index.php\/produit\/rosebaie-amla-kit\/#primaryimage\"},\"image\":{\"@id\":\"https:\/\/rueducosmetic.fr\/index.php\/produit\/rosebaie-amla-kit\/#primaryimage\"},\"thumbnailUrl\":\"https:\/\/rueducosmetic.fr\/wp-content\/uploads\/2021\/11\/ROSEBAIE_AMLA-kit.jpg\",\"datePublished\":\"2021-11-17T21:47:57+00:00\",\"dateModified\":\"2021-11-20T16:11:19+00:00\",\"breadcrumb\":{\"@id\":\"https:\/\/rueducosmetic.fr\/index.php\/produit\/rosebaie-amla-kit\/#breadcrumb\"},\"inLanguage\":\"fr-FR\",\"potentialAction\":[{\"@type\":\"ReadAction\",\"target\":[\"https:\/\/rueducosmetic.fr\/index.php\/produit\/rosebaie-amla-kit\/\"]}]},{\"@type\":\"ImageObject\",\"inLanguage\":\"fr-FR\",\"@id\":\"https:\/\/rueducosmetic.fr\/index.php\/produit\/rosebaie-amla-kit\/#primaryimage\",\"url\":\"https:\/\/rueducosmetic.fr\/wp-content\/uploads\/2021\/11\/ROSEBAIE_AMLA-kit.jpg\",\"contentUrl\":\"https:\/\/rueducosmetic.fr\/wp-content\/uploads\/2021\/11\/ROSEBAIE_AMLA-kit.jpg\",\"width\":2000,\"height\":2000,\"caption\":\"Soin pour cheveux\"},{\"@type\":\"BreadcrumbList\",\"@id\":\"https:\/\/rueducosmetic.fr\/index.php\/produit\/rosebaie-amla-kit\/#breadcrumb\",\"itemListElement\":[{\"@type\":\"ListItem\",\"position\":1,\"name\":\"Accueil\",\"item\":\"https:\/\/rueducosmetic.fr\/\"},{\"@type\":\"ListItem\",\"position\":2,\"name\":\"Shop\",\"item\":\"https:\/\/rueducosmetic.fr\/index.php\/shop\/\"},{\"@type\":\"ListItem\",\"position\":3,\"name\":\"Gamme K\u00e9ratine X Amla\"}]},{\"@type\":\"WebSite\",\"@id\":\"https:\/\/rueducosmetic.fr\/#website\",\"url\":\"https:\/\/rueducosmetic.fr\/\",\"name\":\"RueduCosmetic\",\"description\":\"Just another Fashion Designer Template\",\"potentialAction\":[{\"@type\":\"SearchAction\",\"target\":{\"@type\":\"EntryPoint\",\"urlTemplate\":\"https:\/\/rueducosmetic.fr\/?s={search_term_string}\"},\"query-input\":{\"@type\":\"PropertyValueSpecification\",\"valueRequired\":true,\"valueName\":\"search_term_string\"}}],\"inLanguage\":\"fr-FR\"}]}<\/script>\n<!-- \/ Yoast SEO plugin. -->","yoast_head_json":{"title":"Gamme K\u00e9ratine X Amla - RueduCosmetic","robots":{"index":"index","follow":"follow","max-snippet":"max-snippet:-1","max-image-preview":"max-image-preview:large","max-video-preview":"max-video-preview:-1"},"canonical":"https:\/\/rueducosmetic.fr\/index.php\/produit\/rosebaie-amla-kit\/","og_locale":"fr_FR","og_type":"article","og_title":"Gamme K\u00e9ratine X Amla - RueduCosmetic","og_description":"Gamme \u00e9dition limit\u00e9e sans sulfate ni parab\u00e8ne : un shampoing \u00e0 la k\u00e9ratine et \u00e0 l\u2019extrait de Amla (500ml)  un masque \u00e0 la k\u00e9ratine et \u00e0 l\u2019extrait de Amla (500ml)  Des ingr\u00e9dients s\u00e9lectionn\u00e9s pour des produits haut de gamme. \u201d Devenez la plus belle personne que vous \u00eates, obtenez la chevelure de vos r\u00eaves \u201d  Le Shampoing Rosebaie \u00e0 la k\u00e9ratine et \u00e0 l\u2019huile d\u2019amla \u00e9limine les impuret\u00e9s, prot\u00e8ge des agressions, renforce et revitalise la fibre capillaire. Vos cheveux seront brillants et adoucis. Appliquez des racines jusqu\u2019 aux pointes sur cheveux mouill\u00e9s. Rincez \u00e0 l\u2019eau. Optimisez votre r\u00e9sultat \u00e0 l\u2019aide du masque de la gamme Rosebaie. Sans sulfate, sans parab\u00e8ne. Convient \u00e0 tout type de cheveux.","og_url":"https:\/\/rueducosmetic.fr\/index.php\/produit\/rosebaie-amla-kit\/","og_site_name":"RueduCosmetic","article_modified_time":"2021-11-20T16:11:19+00:00","og_image":[{"width":2000,"height":2000,"url":"https:\/\/rueducosmetic.fr\/wp-content\/uploads\/2021\/11\/ROSEBAIE_AMLA-kit.jpg","type":"image\/jpeg"}],"twitter_card":"summary_large_image","twitter_misc":{"Dur\u00e9e de lecture estim\u00e9e":"1 minute"},"schema":{"@context":"https:\/\/schema.org","@graph":[{"@type":"WebPage","@id":"https:\/\/rueducosmetic.fr\/index.php\/produit\/rosebaie-amla-kit\/","url":"https:\/\/rueducosmetic.fr\/index.php\/produit\/rosebaie-amla-kit\/","name":"Gamme K\u00e9ratine X Amla - RueduCosmetic","isPartOf":{"@id":"https:\/\/rueducosmetic.fr\/#website"},"primaryImageOfPage":{"@id":"https:\/\/rueducosmetic.fr\/index.php\/produit\/rosebaie-amla-kit\/#primaryimage"},"image":{"@id":"https:\/\/rueducosmetic.fr\/index.php\/produit\/rosebaie-amla-kit\/#primaryimage"},"thumbnailUrl":"https:\/\/rueducosmetic.fr\/wp-content\/uploads\/2021\/11\/ROSEBAIE_AMLA-kit.jpg","datePublished":"2021-11-17T21:47:57+00:00","dateModified":"2021-11-20T16:11:19+00:00","breadcrumb":{"@id":"https:\/\/rueducosmetic.fr\/index.php\/produit\/rosebaie-amla-kit\/#breadcrumb"},"inLanguage":"fr-FR","potentialAction":[{"@type":"ReadAction","target":["https:\/\/rueducosmetic.fr\/index.php\/produit\/rosebaie-amla-kit\/"]}]},{"@type":"ImageObject","inLanguage":"fr-FR","@id":"https:\/\/rueducosmetic.fr\/index.php\/produit\/rosebaie-amla-kit\/#primaryimage","url":"https:\/\/rueducosmetic.fr\/wp-content\/uploads\/2021\/11\/ROSEBAIE_AMLA-kit.jpg","contentUrl":"https:\/\/rueducosmetic.fr\/wp-content\/uploads\/2021\/11\/ROSEBAIE_AMLA-kit.jpg","width":2000,"height":2000,"caption":"Soin pour cheveux"},{"@type":"BreadcrumbList","@id":"https:\/\/rueducosmetic.fr\/index.php\/produit\/rosebaie-amla-kit\/#breadcrumb","itemListElement":[{"@type":"ListItem","position":1,"name":"Accueil","item":"https:\/\/rueducosmetic.fr\/"},{"@type":"ListItem","position":2,"name":"Shop","item":"https:\/\/rueducosmetic.fr\/index.php\/shop\/"},{"@type":"ListItem","position":3,"name":"Gamme K\u00e9ratine X Amla"}]},{"@type":"WebSite","@id":"https:\/\/rueducosmetic.fr\/#website","url":"https:\/\/rueducosmetic.fr\/","name":"RueduCosmetic","description":"Just another Fashion Designer Template","potentialAction":[{"@type":"SearchAction","target":{"@type":"EntryPoint","urlTemplate":"https:\/\/rueducosmetic.fr\/?s={search_term_string}"},"query-input":{"@type":"PropertyValueSpecification","valueRequired":true,"valueName":"search_term_string"}}],"inLanguage":"fr-FR"}]}},"_links":{"self":[{"href":"https:\/\/rueducosmetic.fr\/index.php\/wp-json\/wp\/v2\/product\/1045"}],"collection":[{"href":"https:\/\/rueducosmetic.fr\/index.php\/wp-json\/wp\/v2\/product"}],"about":[{"href":"https:\/\/rueducosmetic.fr\/index.php\/wp-json\/wp\/v2\/types\/product"}],"replies":[{"embeddable":true,"href":"https:\/\/rueducosmetic.fr\/index.php\/wp-json\/wp\/v2\/comments?post=1045"}],"wp:featuredmedia":[{"embeddable":true,"href":"https:\/\/rueducosmetic.fr\/index.php\/wp-json\/wp\/v2\/media\/1046"}],"wp:attachment":[{"href":"https:\/\/rueducosmetic.fr\/index.php\/wp-json\/wp\/v2\/media?parent=1045"}],"wp:term":[{"taxonomy":"product_cat","embeddable":true,"href":"https:\/\/rueducosmetic.fr\/index.php\/wp-json\/wp\/v2\/product_cat?post=1045"},{"taxonomy":"product_tag","embeddable":true,"href":"https:\/\/rueducosmetic.fr\/index.php\/wp-json\/wp\/v2\/product_tag?post=1045"}],"curies":[{"name":"wp","href":"https:\/\/api.w.org\/{rel}","templated":true}]}}