{"id":1047,"date":"2021-11-17T22:48:09","date_gmt":"2021-11-17T21:48:09","guid":{"rendered":"http:\/\/rueducosmetic.fr\/?post_type=product&#038;p=1047"},"modified":"2021-11-20T17:11:19","modified_gmt":"2021-11-20T16:11:19","slug":"rosebaie-coco-kit","status":"publish","type":"product","link":"https:\/\/rueducosmetic.fr\/index.php\/produit\/rosebaie-coco-kit\/","title":{"rendered":"GAMME COCO"},"content":{"rendered":"<p>Composition :<\/p>\n<p>Shampoing :\u00a0 Aqua (Water), Sodium C14-16 Olefin Sulfonate, Cocamidopropyl Betaine, Sodium Cocoamphoacetate, Polyquaternium-7, Cocos Nucifera (Coconut) Oil, Hydrolyzed Keratin, Coco-Glucoide, Glycerin, Betaine, Lecithin, Parfum (Fragrance), Hydroxypropyl Guar Hydroxypropyltrimonium Chloride, Benzyl Alcohol, Benzoic Acid, Dehydroacetic Acid, Tocopherol, Disodium Edta, Hexyl Cinnamal.<\/p>\n<p>Masque :\u00a0 Aqua (Water), Cetearyl Alcohol, Cetrimonium Chloride, Propylene Glycol, Myristyl Alcohol,Cocos Nucifera (Coconut) Oil, Hydrolyzed Keratin, Parfum (Fragrance), PEG-115M, Benzyl Alcohol, Benzoic Acid, Dehydroacetic Acid, Tocopherol, Disodium Edta, Citric acid, Hexyl Cinnamal.<\/p>\n<p>S\u00e9rum\u00a0: Cyclopentasiloxane, Dimethiconol, Cocos Nucifera (Coconut) Oil, Hydrolyzed Keratin, Parfum (Fragrance), CI 12700 (Solvent Yellow 16), Hexyl Cinnamal, Amyl Cinnamal, Coumarin, Cinnamyl Alcohol<\/p>\n<p>&nbsp;<\/p>\n","protected":false},"excerpt":{"rendered":"<p>Gamme professionnelle sans sulfates et sans parabens :<\/p>\n<ul>\n<li>un shampoing \u00e0 la k\u00e9ratine et \u00e0 l\u2019huile de Coco (500ml)<\/li>\n<li>un masque \u00e0 la k\u00e9ratine et \u00e0 l\u2019huile de Coco (500ml)<\/li>\n<li>un s\u00e9rum cristal professionnels \u00e0 l\u2019huile de Coco (100ml)<\/li>\n<\/ul>\n","protected":false},"featured_media":1048,"comment_status":"open","ping_status":"closed","template":"","meta":{"site-sidebar-layout":"default","site-content-layout":"default","ast-main-header-display":"","ast-hfb-above-header-display":"","ast-hfb-below-header-display":"","ast-hfb-mobile-header-display":"","site-post-title":"","ast-breadcrumbs-content":"","ast-featured-img":"","footer-sml-layout":"","theme-transparent-header-meta":"default","adv-header-id-meta":"","stick-header-meta":"","header-above-stick-meta":"","header-main-stick-meta":"","header-below-stick-meta":"","spay_email":""},"product_cat":[35,34],"product_tag":[],"yoast_head":"<!-- This site is optimized with the Yoast SEO plugin v24.5 - https:\/\/yoast.com\/wordpress\/plugins\/seo\/ -->\n<title>GAMME COCO - RueduCosmetic<\/title>\n<meta name=\"robots\" content=\"index, follow, max-snippet:-1, max-image-preview:large, max-video-preview:-1\" \/>\n<link rel=\"canonical\" href=\"https:\/\/rueducosmetic.fr\/index.php\/produit\/rosebaie-coco-kit\/\" \/>\n<meta property=\"og:locale\" content=\"fr_FR\" \/>\n<meta property=\"og:type\" content=\"article\" \/>\n<meta property=\"og:title\" content=\"GAMME COCO - RueduCosmetic\" \/>\n<meta property=\"og:description\" content=\"Gamme professionnelle sans sulfates et sans parabens :   un shampoing \u00e0 la k\u00e9ratine et \u00e0 l\u2019huile de Coco (500ml)  un masque \u00e0 la k\u00e9ratine et \u00e0 l\u2019huile de Coco (500ml)  un s\u00e9rum cristal professionnels \u00e0 l\u2019huile de Coco (100ml)\" \/>\n<meta property=\"og:url\" content=\"https:\/\/rueducosmetic.fr\/index.php\/produit\/rosebaie-coco-kit\/\" \/>\n<meta property=\"og:site_name\" content=\"RueduCosmetic\" \/>\n<meta property=\"article:modified_time\" content=\"2021-11-20T16:11:19+00:00\" \/>\n<meta property=\"og:image\" content=\"https:\/\/rueducosmetic.fr\/wp-content\/uploads\/2021\/11\/rosebaie-coco-kit.jpg\" \/>\n\t<meta property=\"og:image:width\" content=\"1000\" \/>\n\t<meta property=\"og:image:height\" content=\"1000\" \/>\n\t<meta property=\"og:image:type\" content=\"image\/jpeg\" \/>\n<meta name=\"twitter:card\" content=\"summary_large_image\" \/>\n<script type=\"application\/ld+json\" class=\"yoast-schema-graph\">{\"@context\":\"https:\/\/schema.org\",\"@graph\":[{\"@type\":\"WebPage\",\"@id\":\"https:\/\/rueducosmetic.fr\/index.php\/produit\/rosebaie-coco-kit\/\",\"url\":\"https:\/\/rueducosmetic.fr\/index.php\/produit\/rosebaie-coco-kit\/\",\"name\":\"GAMME COCO - RueduCosmetic\",\"isPartOf\":{\"@id\":\"https:\/\/rueducosmetic.fr\/#website\"},\"primaryImageOfPage\":{\"@id\":\"https:\/\/rueducosmetic.fr\/index.php\/produit\/rosebaie-coco-kit\/#primaryimage\"},\"image\":{\"@id\":\"https:\/\/rueducosmetic.fr\/index.php\/produit\/rosebaie-coco-kit\/#primaryimage\"},\"thumbnailUrl\":\"https:\/\/rueducosmetic.fr\/wp-content\/uploads\/2021\/11\/rosebaie-coco-kit.jpg\",\"datePublished\":\"2021-11-17T21:48:09+00:00\",\"dateModified\":\"2021-11-20T16:11:19+00:00\",\"breadcrumb\":{\"@id\":\"https:\/\/rueducosmetic.fr\/index.php\/produit\/rosebaie-coco-kit\/#breadcrumb\"},\"inLanguage\":\"fr-FR\",\"potentialAction\":[{\"@type\":\"ReadAction\",\"target\":[\"https:\/\/rueducosmetic.fr\/index.php\/produit\/rosebaie-coco-kit\/\"]}]},{\"@type\":\"ImageObject\",\"inLanguage\":\"fr-FR\",\"@id\":\"https:\/\/rueducosmetic.fr\/index.php\/produit\/rosebaie-coco-kit\/#primaryimage\",\"url\":\"https:\/\/rueducosmetic.fr\/wp-content\/uploads\/2021\/11\/rosebaie-coco-kit.jpg\",\"contentUrl\":\"https:\/\/rueducosmetic.fr\/wp-content\/uploads\/2021\/11\/rosebaie-coco-kit.jpg\",\"width\":1000,\"height\":1000,\"caption\":\"Soin pour cheveux\"},{\"@type\":\"BreadcrumbList\",\"@id\":\"https:\/\/rueducosmetic.fr\/index.php\/produit\/rosebaie-coco-kit\/#breadcrumb\",\"itemListElement\":[{\"@type\":\"ListItem\",\"position\":1,\"name\":\"Accueil\",\"item\":\"https:\/\/rueducosmetic.fr\/\"},{\"@type\":\"ListItem\",\"position\":2,\"name\":\"Shop\",\"item\":\"https:\/\/rueducosmetic.fr\/index.php\/shop\/\"},{\"@type\":\"ListItem\",\"position\":3,\"name\":\"GAMME COCO\"}]},{\"@type\":\"WebSite\",\"@id\":\"https:\/\/rueducosmetic.fr\/#website\",\"url\":\"https:\/\/rueducosmetic.fr\/\",\"name\":\"RueduCosmetic\",\"description\":\"Just another Fashion Designer Template\",\"potentialAction\":[{\"@type\":\"SearchAction\",\"target\":{\"@type\":\"EntryPoint\",\"urlTemplate\":\"https:\/\/rueducosmetic.fr\/?s={search_term_string}\"},\"query-input\":{\"@type\":\"PropertyValueSpecification\",\"valueRequired\":true,\"valueName\":\"search_term_string\"}}],\"inLanguage\":\"fr-FR\"}]}<\/script>\n<!-- \/ Yoast SEO plugin. -->","yoast_head_json":{"title":"GAMME COCO - RueduCosmetic","robots":{"index":"index","follow":"follow","max-snippet":"max-snippet:-1","max-image-preview":"max-image-preview:large","max-video-preview":"max-video-preview:-1"},"canonical":"https:\/\/rueducosmetic.fr\/index.php\/produit\/rosebaie-coco-kit\/","og_locale":"fr_FR","og_type":"article","og_title":"GAMME COCO - RueduCosmetic","og_description":"Gamme professionnelle sans sulfates et sans parabens :   un shampoing \u00e0 la k\u00e9ratine et \u00e0 l\u2019huile de Coco (500ml)  un masque \u00e0 la k\u00e9ratine et \u00e0 l\u2019huile de Coco (500ml)  un s\u00e9rum cristal professionnels \u00e0 l\u2019huile de Coco (100ml)","og_url":"https:\/\/rueducosmetic.fr\/index.php\/produit\/rosebaie-coco-kit\/","og_site_name":"RueduCosmetic","article_modified_time":"2021-11-20T16:11:19+00:00","og_image":[{"width":1000,"height":1000,"url":"https:\/\/rueducosmetic.fr\/wp-content\/uploads\/2021\/11\/rosebaie-coco-kit.jpg","type":"image\/jpeg"}],"twitter_card":"summary_large_image","schema":{"@context":"https:\/\/schema.org","@graph":[{"@type":"WebPage","@id":"https:\/\/rueducosmetic.fr\/index.php\/produit\/rosebaie-coco-kit\/","url":"https:\/\/rueducosmetic.fr\/index.php\/produit\/rosebaie-coco-kit\/","name":"GAMME COCO - RueduCosmetic","isPartOf":{"@id":"https:\/\/rueducosmetic.fr\/#website"},"primaryImageOfPage":{"@id":"https:\/\/rueducosmetic.fr\/index.php\/produit\/rosebaie-coco-kit\/#primaryimage"},"image":{"@id":"https:\/\/rueducosmetic.fr\/index.php\/produit\/rosebaie-coco-kit\/#primaryimage"},"thumbnailUrl":"https:\/\/rueducosmetic.fr\/wp-content\/uploads\/2021\/11\/rosebaie-coco-kit.jpg","datePublished":"2021-11-17T21:48:09+00:00","dateModified":"2021-11-20T16:11:19+00:00","breadcrumb":{"@id":"https:\/\/rueducosmetic.fr\/index.php\/produit\/rosebaie-coco-kit\/#breadcrumb"},"inLanguage":"fr-FR","potentialAction":[{"@type":"ReadAction","target":["https:\/\/rueducosmetic.fr\/index.php\/produit\/rosebaie-coco-kit\/"]}]},{"@type":"ImageObject","inLanguage":"fr-FR","@id":"https:\/\/rueducosmetic.fr\/index.php\/produit\/rosebaie-coco-kit\/#primaryimage","url":"https:\/\/rueducosmetic.fr\/wp-content\/uploads\/2021\/11\/rosebaie-coco-kit.jpg","contentUrl":"https:\/\/rueducosmetic.fr\/wp-content\/uploads\/2021\/11\/rosebaie-coco-kit.jpg","width":1000,"height":1000,"caption":"Soin pour cheveux"},{"@type":"BreadcrumbList","@id":"https:\/\/rueducosmetic.fr\/index.php\/produit\/rosebaie-coco-kit\/#breadcrumb","itemListElement":[{"@type":"ListItem","position":1,"name":"Accueil","item":"https:\/\/rueducosmetic.fr\/"},{"@type":"ListItem","position":2,"name":"Shop","item":"https:\/\/rueducosmetic.fr\/index.php\/shop\/"},{"@type":"ListItem","position":3,"name":"GAMME COCO"}]},{"@type":"WebSite","@id":"https:\/\/rueducosmetic.fr\/#website","url":"https:\/\/rueducosmetic.fr\/","name":"RueduCosmetic","description":"Just another Fashion Designer Template","potentialAction":[{"@type":"SearchAction","target":{"@type":"EntryPoint","urlTemplate":"https:\/\/rueducosmetic.fr\/?s={search_term_string}"},"query-input":{"@type":"PropertyValueSpecification","valueRequired":true,"valueName":"search_term_string"}}],"inLanguage":"fr-FR"}]}},"_links":{"self":[{"href":"https:\/\/rueducosmetic.fr\/index.php\/wp-json\/wp\/v2\/product\/1047"}],"collection":[{"href":"https:\/\/rueducosmetic.fr\/index.php\/wp-json\/wp\/v2\/product"}],"about":[{"href":"https:\/\/rueducosmetic.fr\/index.php\/wp-json\/wp\/v2\/types\/product"}],"replies":[{"embeddable":true,"href":"https:\/\/rueducosmetic.fr\/index.php\/wp-json\/wp\/v2\/comments?post=1047"}],"wp:featuredmedia":[{"embeddable":true,"href":"https:\/\/rueducosmetic.fr\/index.php\/wp-json\/wp\/v2\/media\/1048"}],"wp:attachment":[{"href":"https:\/\/rueducosmetic.fr\/index.php\/wp-json\/wp\/v2\/media?parent=1047"}],"wp:term":[{"taxonomy":"product_cat","embeddable":true,"href":"https:\/\/rueducosmetic.fr\/index.php\/wp-json\/wp\/v2\/product_cat?post=1047"},{"taxonomy":"product_tag","embeddable":true,"href":"https:\/\/rueducosmetic.fr\/index.php\/wp-json\/wp\/v2\/product_tag?post=1047"}],"curies":[{"name":"wp","href":"https:\/\/api.w.org\/{rel}","templated":true}]}}