{"id":1049,"date":"2021-11-17T22:48:49","date_gmt":"2021-11-17T21:48:49","guid":{"rendered":"http:\/\/rueducosmetic.fr\/?post_type=product&#038;p=1049"},"modified":"2021-11-20T17:10:09","modified_gmt":"2021-11-20T16:10:09","slug":"rosebaie-paris-kit","status":"publish","type":"product","link":"https:\/\/rueducosmetic.fr\/index.php\/produit\/rosebaie-paris-kit\/","title":{"rendered":"Gamme FIGUE DE BARBARIE"},"content":{"rendered":"<p>RoseBaie &#8211; Gamme FIGUE DE BARBARIE<\/p>\n<p>Composition : \u00a0Aqua (Water), Sodium C14-16 Olefin Sulfonate, Cocamidopropyl Betaine, Sodium Cocoamphoacetate, Polyquaternium-7, Ricinus Communis (Castor) Seed Oil, Hydrolyzed Keratin, Coco-Glucoide, Glycerin, Betaine, Lecithin, Parfum (Fragrance), Hydroxypropyl Guar Hydroxypropyltrimonium Chloride, Benzyl Alcohol, Benzoic Acid, Dehydroacetic Acid, Tocopherol, Disodium Edta.<\/p>\n<p>Masque\u00a0: Aqua (Water), Cetearyl Alcohol, Cetrimonium Chloride, Propylene Glycol, Myristyl Alcohol, Ricinus Communis (Castor) Seed Oil, Hydrolyzed Keratin, Parfum (Fragrance), PEG-115M, Benzyl Alcohol, Benzoic Acid, Dehydroacetic Acid, Tocopherol, Disodium Edta, Citric acid.<\/p>\n<p>S\u00e9rum\u00a0: Cyclopentasiloxane, Dimethiconol, Ricinus Communis (Castor) Seed Oil, Hydrolyzed Keratin, Parfum (Fragrance), CI 60725 (Violet 2), CI 61565 (Green 6) Coumarin, Hydroxycitronellal, Limonene, Linalool.<\/p>\n","protected":false},"excerpt":{"rendered":"<ul>\n<li>Gamme professionnelle sans sulfates et sans parab\u00e8ne :<br \/>\nun Shampoing \u00e0 la K\u00e9ratine et \u00e0 l\u2019huile de Figue de Barbarie (500ml)<\/li>\n<li>un Masque \u00e0 la K\u00e9ratine et \u00e0 l\u2019huile de Figue de Barbarie (500ml)<\/li>\n<li>un S\u00e9rum Cristal Professionnels \u00e0 l\u2019huile nourrissante de Figue de Barbarie (100ml)<\/li>\n<\/ul>\n","protected":false},"featured_media":1050,"comment_status":"open","ping_status":"closed","template":"","meta":{"site-sidebar-layout":"default","site-content-layout":"default","ast-main-header-display":"","ast-hfb-above-header-display":"","ast-hfb-below-header-display":"","ast-hfb-mobile-header-display":"","site-post-title":"","ast-breadcrumbs-content":"","ast-featured-img":"","footer-sml-layout":"","theme-transparent-header-meta":"default","adv-header-id-meta":"","stick-header-meta":"","header-above-stick-meta":"","header-main-stick-meta":"","header-below-stick-meta":"","spay_email":""},"product_cat":[35,34],"product_tag":[],"yoast_head":"<!-- This site is optimized with the Yoast SEO plugin v24.5 - https:\/\/yoast.com\/wordpress\/plugins\/seo\/ -->\n<title>Gamme FIGUE DE BARBARIE - RueduCosmetic<\/title>\n<meta name=\"robots\" content=\"index, follow, max-snippet:-1, max-image-preview:large, max-video-preview:-1\" \/>\n<link rel=\"canonical\" href=\"https:\/\/rueducosmetic.fr\/index.php\/produit\/rosebaie-paris-kit\/\" \/>\n<meta property=\"og:locale\" content=\"fr_FR\" \/>\n<meta property=\"og:type\" content=\"article\" \/>\n<meta property=\"og:title\" content=\"Gamme FIGUE DE BARBARIE - RueduCosmetic\" \/>\n<meta property=\"og:description\" content=\"Gamme professionnelle sans sulfates et sans parab\u00e8ne : un Shampoing \u00e0 la K\u00e9ratine et \u00e0 l\u2019huile de Figue de Barbarie (500ml)  un Masque \u00e0 la K\u00e9ratine et \u00e0 l\u2019huile de Figue de Barbarie (500ml)  un S\u00e9rum Cristal Professionnels \u00e0 l\u2019huile nourrissante de Figue de Barbarie (100ml)\" \/>\n<meta property=\"og:url\" content=\"https:\/\/rueducosmetic.fr\/index.php\/produit\/rosebaie-paris-kit\/\" \/>\n<meta property=\"og:site_name\" content=\"RueduCosmetic\" \/>\n<meta property=\"article:modified_time\" content=\"2021-11-20T16:10:09+00:00\" \/>\n<meta property=\"og:image\" content=\"https:\/\/rueducosmetic.fr\/wp-content\/uploads\/2021\/11\/Rosebaie-Paris-figue-de-barbarie.jpg\" \/>\n\t<meta property=\"og:image:width\" content=\"600\" \/>\n\t<meta property=\"og:image:height\" content=\"600\" \/>\n\t<meta property=\"og:image:type\" content=\"image\/jpeg\" \/>\n<meta name=\"twitter:card\" content=\"summary_large_image\" \/>\n<script type=\"application\/ld+json\" class=\"yoast-schema-graph\">{\"@context\":\"https:\/\/schema.org\",\"@graph\":[{\"@type\":\"WebPage\",\"@id\":\"https:\/\/rueducosmetic.fr\/index.php\/produit\/rosebaie-paris-kit\/\",\"url\":\"https:\/\/rueducosmetic.fr\/index.php\/produit\/rosebaie-paris-kit\/\",\"name\":\"Gamme FIGUE DE BARBARIE - RueduCosmetic\",\"isPartOf\":{\"@id\":\"https:\/\/rueducosmetic.fr\/#website\"},\"primaryImageOfPage\":{\"@id\":\"https:\/\/rueducosmetic.fr\/index.php\/produit\/rosebaie-paris-kit\/#primaryimage\"},\"image\":{\"@id\":\"https:\/\/rueducosmetic.fr\/index.php\/produit\/rosebaie-paris-kit\/#primaryimage\"},\"thumbnailUrl\":\"https:\/\/rueducosmetic.fr\/wp-content\/uploads\/2021\/11\/Rosebaie-Paris-figue-de-barbarie.jpg\",\"datePublished\":\"2021-11-17T21:48:49+00:00\",\"dateModified\":\"2021-11-20T16:10:09+00:00\",\"breadcrumb\":{\"@id\":\"https:\/\/rueducosmetic.fr\/index.php\/produit\/rosebaie-paris-kit\/#breadcrumb\"},\"inLanguage\":\"fr-FR\",\"potentialAction\":[{\"@type\":\"ReadAction\",\"target\":[\"https:\/\/rueducosmetic.fr\/index.php\/produit\/rosebaie-paris-kit\/\"]}]},{\"@type\":\"ImageObject\",\"inLanguage\":\"fr-FR\",\"@id\":\"https:\/\/rueducosmetic.fr\/index.php\/produit\/rosebaie-paris-kit\/#primaryimage\",\"url\":\"https:\/\/rueducosmetic.fr\/wp-content\/uploads\/2021\/11\/Rosebaie-Paris-figue-de-barbarie.jpg\",\"contentUrl\":\"https:\/\/rueducosmetic.fr\/wp-content\/uploads\/2021\/11\/Rosebaie-Paris-figue-de-barbarie.jpg\",\"width\":600,\"height\":600,\"caption\":\"Soin pour cheveux\"},{\"@type\":\"BreadcrumbList\",\"@id\":\"https:\/\/rueducosmetic.fr\/index.php\/produit\/rosebaie-paris-kit\/#breadcrumb\",\"itemListElement\":[{\"@type\":\"ListItem\",\"position\":1,\"name\":\"Accueil\",\"item\":\"https:\/\/rueducosmetic.fr\/\"},{\"@type\":\"ListItem\",\"position\":2,\"name\":\"Shop\",\"item\":\"https:\/\/rueducosmetic.fr\/index.php\/shop\/\"},{\"@type\":\"ListItem\",\"position\":3,\"name\":\"Gamme FIGUE DE BARBARIE\"}]},{\"@type\":\"WebSite\",\"@id\":\"https:\/\/rueducosmetic.fr\/#website\",\"url\":\"https:\/\/rueducosmetic.fr\/\",\"name\":\"RueduCosmetic\",\"description\":\"Just another Fashion Designer Template\",\"potentialAction\":[{\"@type\":\"SearchAction\",\"target\":{\"@type\":\"EntryPoint\",\"urlTemplate\":\"https:\/\/rueducosmetic.fr\/?s={search_term_string}\"},\"query-input\":{\"@type\":\"PropertyValueSpecification\",\"valueRequired\":true,\"valueName\":\"search_term_string\"}}],\"inLanguage\":\"fr-FR\"}]}<\/script>\n<!-- \/ Yoast SEO plugin. -->","yoast_head_json":{"title":"Gamme FIGUE DE BARBARIE - RueduCosmetic","robots":{"index":"index","follow":"follow","max-snippet":"max-snippet:-1","max-image-preview":"max-image-preview:large","max-video-preview":"max-video-preview:-1"},"canonical":"https:\/\/rueducosmetic.fr\/index.php\/produit\/rosebaie-paris-kit\/","og_locale":"fr_FR","og_type":"article","og_title":"Gamme FIGUE DE BARBARIE - RueduCosmetic","og_description":"Gamme professionnelle sans sulfates et sans parab\u00e8ne : un Shampoing \u00e0 la K\u00e9ratine et \u00e0 l\u2019huile de Figue de Barbarie (500ml)  un Masque \u00e0 la K\u00e9ratine et \u00e0 l\u2019huile de Figue de Barbarie (500ml)  un S\u00e9rum Cristal Professionnels \u00e0 l\u2019huile nourrissante de Figue de Barbarie (100ml)","og_url":"https:\/\/rueducosmetic.fr\/index.php\/produit\/rosebaie-paris-kit\/","og_site_name":"RueduCosmetic","article_modified_time":"2021-11-20T16:10:09+00:00","og_image":[{"width":600,"height":600,"url":"https:\/\/rueducosmetic.fr\/wp-content\/uploads\/2021\/11\/Rosebaie-Paris-figue-de-barbarie.jpg","type":"image\/jpeg"}],"twitter_card":"summary_large_image","schema":{"@context":"https:\/\/schema.org","@graph":[{"@type":"WebPage","@id":"https:\/\/rueducosmetic.fr\/index.php\/produit\/rosebaie-paris-kit\/","url":"https:\/\/rueducosmetic.fr\/index.php\/produit\/rosebaie-paris-kit\/","name":"Gamme FIGUE DE BARBARIE - RueduCosmetic","isPartOf":{"@id":"https:\/\/rueducosmetic.fr\/#website"},"primaryImageOfPage":{"@id":"https:\/\/rueducosmetic.fr\/index.php\/produit\/rosebaie-paris-kit\/#primaryimage"},"image":{"@id":"https:\/\/rueducosmetic.fr\/index.php\/produit\/rosebaie-paris-kit\/#primaryimage"},"thumbnailUrl":"https:\/\/rueducosmetic.fr\/wp-content\/uploads\/2021\/11\/Rosebaie-Paris-figue-de-barbarie.jpg","datePublished":"2021-11-17T21:48:49+00:00","dateModified":"2021-11-20T16:10:09+00:00","breadcrumb":{"@id":"https:\/\/rueducosmetic.fr\/index.php\/produit\/rosebaie-paris-kit\/#breadcrumb"},"inLanguage":"fr-FR","potentialAction":[{"@type":"ReadAction","target":["https:\/\/rueducosmetic.fr\/index.php\/produit\/rosebaie-paris-kit\/"]}]},{"@type":"ImageObject","inLanguage":"fr-FR","@id":"https:\/\/rueducosmetic.fr\/index.php\/produit\/rosebaie-paris-kit\/#primaryimage","url":"https:\/\/rueducosmetic.fr\/wp-content\/uploads\/2021\/11\/Rosebaie-Paris-figue-de-barbarie.jpg","contentUrl":"https:\/\/rueducosmetic.fr\/wp-content\/uploads\/2021\/11\/Rosebaie-Paris-figue-de-barbarie.jpg","width":600,"height":600,"caption":"Soin pour cheveux"},{"@type":"BreadcrumbList","@id":"https:\/\/rueducosmetic.fr\/index.php\/produit\/rosebaie-paris-kit\/#breadcrumb","itemListElement":[{"@type":"ListItem","position":1,"name":"Accueil","item":"https:\/\/rueducosmetic.fr\/"},{"@type":"ListItem","position":2,"name":"Shop","item":"https:\/\/rueducosmetic.fr\/index.php\/shop\/"},{"@type":"ListItem","position":3,"name":"Gamme FIGUE DE BARBARIE"}]},{"@type":"WebSite","@id":"https:\/\/rueducosmetic.fr\/#website","url":"https:\/\/rueducosmetic.fr\/","name":"RueduCosmetic","description":"Just another Fashion Designer Template","potentialAction":[{"@type":"SearchAction","target":{"@type":"EntryPoint","urlTemplate":"https:\/\/rueducosmetic.fr\/?s={search_term_string}"},"query-input":{"@type":"PropertyValueSpecification","valueRequired":true,"valueName":"search_term_string"}}],"inLanguage":"fr-FR"}]}},"_links":{"self":[{"href":"https:\/\/rueducosmetic.fr\/index.php\/wp-json\/wp\/v2\/product\/1049"}],"collection":[{"href":"https:\/\/rueducosmetic.fr\/index.php\/wp-json\/wp\/v2\/product"}],"about":[{"href":"https:\/\/rueducosmetic.fr\/index.php\/wp-json\/wp\/v2\/types\/product"}],"replies":[{"embeddable":true,"href":"https:\/\/rueducosmetic.fr\/index.php\/wp-json\/wp\/v2\/comments?post=1049"}],"wp:featuredmedia":[{"embeddable":true,"href":"https:\/\/rueducosmetic.fr\/index.php\/wp-json\/wp\/v2\/media\/1050"}],"wp:attachment":[{"href":"https:\/\/rueducosmetic.fr\/index.php\/wp-json\/wp\/v2\/media?parent=1049"}],"wp:term":[{"taxonomy":"product_cat","embeddable":true,"href":"https:\/\/rueducosmetic.fr\/index.php\/wp-json\/wp\/v2\/product_cat?post=1049"},{"taxonomy":"product_tag","embeddable":true,"href":"https:\/\/rueducosmetic.fr\/index.php\/wp-json\/wp\/v2\/product_tag?post=1049"}],"curies":[{"name":"wp","href":"https:\/\/api.w.org\/{rel}","templated":true}]}}