{"id":1060,"date":"2021-11-17T22:57:02","date_gmt":"2021-11-17T21:57:02","guid":{"rendered":"http:\/\/rueducosmetic.fr\/?post_type=product&#038;p=1060"},"modified":"2022-07-27T10:26:21","modified_gmt":"2022-07-27T08:26:21","slug":"mosco-vaporisateur-lotus-blanc","status":"publish","type":"product","link":"https:\/\/rueducosmetic.fr\/index.php\/produit\/mosco-vaporisateur-lotus-blanc\/","title":{"rendered":"MOSCO Spray d\u00e9sodorisant &#8211; Lotus Blanc"},"content":{"rendered":"<p>Spray d\u00e9sodorisant pour les tissus et linges de maison pour une exp\u00e9rience parfum\u00e9e.<br \/>\nLe parfum du Lotus Blanc est savoureux, exotique et l\u00e9g\u00e8rement balsamique .<br \/>\nRecommand\u00e9 apr\u00e8s le lavage quand le linge est encore humide. A vaporiser \u00e0 30 cm environs.<\/p>\n","protected":false},"excerpt":{"rendered":"<p>Spray d\u00e9sodorisant MOSCO 250ml<\/p>\n","protected":false},"featured_media":1061,"comment_status":"open","ping_status":"closed","template":"","meta":{"site-sidebar-layout":"default","site-content-layout":"default","ast-main-header-display":"","ast-hfb-above-header-display":"","ast-hfb-below-header-display":"","ast-hfb-mobile-header-display":"","site-post-title":"","ast-breadcrumbs-content":"","ast-featured-img":"","footer-sml-layout":"","theme-transparent-header-meta":"default","adv-header-id-meta":"","stick-header-meta":"","header-above-stick-meta":"","header-main-stick-meta":"","header-below-stick-meta":"","spay_email":""},"product_cat":[36],"product_tag":[],"yoast_head":"<!-- This site is optimized with the Yoast SEO plugin v24.5 - https:\/\/yoast.com\/wordpress\/plugins\/seo\/ -->\n<title>MOSCO Spray d\u00e9sodorisant - Lotus Blanc - RueduCosmetic<\/title>\n<meta name=\"robots\" content=\"index, follow, max-snippet:-1, max-image-preview:large, max-video-preview:-1\" \/>\n<link rel=\"canonical\" href=\"https:\/\/rueducosmetic.fr\/index.php\/produit\/mosco-vaporisateur-lotus-blanc\/\" \/>\n<meta property=\"og:locale\" content=\"fr_FR\" \/>\n<meta property=\"og:type\" content=\"article\" \/>\n<meta property=\"og:title\" content=\"MOSCO Spray d\u00e9sodorisant - Lotus Blanc - RueduCosmetic\" \/>\n<meta property=\"og:description\" content=\"Spray d\u00e9sodorisant MOSCO 250ml\" \/>\n<meta property=\"og:url\" content=\"https:\/\/rueducosmetic.fr\/index.php\/produit\/mosco-vaporisateur-lotus-blanc\/\" \/>\n<meta property=\"og:site_name\" content=\"RueduCosmetic\" \/>\n<meta property=\"article:modified_time\" content=\"2022-07-27T08:26:21+00:00\" \/>\n<meta property=\"og:image\" content=\"https:\/\/rueducosmetic.fr\/wp-content\/uploads\/2021\/11\/spray-desodorisant-linge-mosco-lotus-blanc-250.jpg\" \/>\n\t<meta property=\"og:image:width\" content=\"700\" \/>\n\t<meta property=\"og:image:height\" content=\"700\" \/>\n\t<meta property=\"og:image:type\" content=\"image\/jpeg\" \/>\n<meta name=\"twitter:card\" content=\"summary_large_image\" \/>\n<script type=\"application\/ld+json\" class=\"yoast-schema-graph\">{\"@context\":\"https:\/\/schema.org\",\"@graph\":[{\"@type\":\"WebPage\",\"@id\":\"https:\/\/rueducosmetic.fr\/index.php\/produit\/mosco-vaporisateur-lotus-blanc\/\",\"url\":\"https:\/\/rueducosmetic.fr\/index.php\/produit\/mosco-vaporisateur-lotus-blanc\/\",\"name\":\"MOSCO Spray d\u00e9sodorisant - Lotus Blanc - RueduCosmetic\",\"isPartOf\":{\"@id\":\"https:\/\/rueducosmetic.fr\/#website\"},\"primaryImageOfPage\":{\"@id\":\"https:\/\/rueducosmetic.fr\/index.php\/produit\/mosco-vaporisateur-lotus-blanc\/#primaryimage\"},\"image\":{\"@id\":\"https:\/\/rueducosmetic.fr\/index.php\/produit\/mosco-vaporisateur-lotus-blanc\/#primaryimage\"},\"thumbnailUrl\":\"https:\/\/rueducosmetic.fr\/wp-content\/uploads\/2021\/11\/spray-desodorisant-linge-mosco-lotus-blanc-250.jpg\",\"datePublished\":\"2021-11-17T21:57:02+00:00\",\"dateModified\":\"2022-07-27T08:26:21+00:00\",\"breadcrumb\":{\"@id\":\"https:\/\/rueducosmetic.fr\/index.php\/produit\/mosco-vaporisateur-lotus-blanc\/#breadcrumb\"},\"inLanguage\":\"fr-FR\",\"potentialAction\":[{\"@type\":\"ReadAction\",\"target\":[\"https:\/\/rueducosmetic.fr\/index.php\/produit\/mosco-vaporisateur-lotus-blanc\/\"]}]},{\"@type\":\"ImageObject\",\"inLanguage\":\"fr-FR\",\"@id\":\"https:\/\/rueducosmetic.fr\/index.php\/produit\/mosco-vaporisateur-lotus-blanc\/#primaryimage\",\"url\":\"https:\/\/rueducosmetic.fr\/wp-content\/uploads\/2021\/11\/spray-desodorisant-linge-mosco-lotus-blanc-250.jpg\",\"contentUrl\":\"https:\/\/rueducosmetic.fr\/wp-content\/uploads\/2021\/11\/spray-desodorisant-linge-mosco-lotus-blanc-250.jpg\",\"width\":700,\"height\":700,\"caption\":\"Spray d\u00e9sodorisant pour les tissus et linges de maison pour une exp\u00e9rience parfum\u00e9e. Le parfum du Lotus Blanc est savoureux, exotique et l\u00e9g\u00e8rement balsamique . Recommand\u00e9 apr\u00e8s le lavage quand le linge est encore humide. A vaporiser \u00e0 30 cm environs.\"},{\"@type\":\"BreadcrumbList\",\"@id\":\"https:\/\/rueducosmetic.fr\/index.php\/produit\/mosco-vaporisateur-lotus-blanc\/#breadcrumb\",\"itemListElement\":[{\"@type\":\"ListItem\",\"position\":1,\"name\":\"Accueil\",\"item\":\"https:\/\/rueducosmetic.fr\/\"},{\"@type\":\"ListItem\",\"position\":2,\"name\":\"Shop\",\"item\":\"https:\/\/rueducosmetic.fr\/index.php\/shop\/\"},{\"@type\":\"ListItem\",\"position\":3,\"name\":\"MOSCO Spray d\u00e9sodorisant &#8211; Lotus Blanc\"}]},{\"@type\":\"WebSite\",\"@id\":\"https:\/\/rueducosmetic.fr\/#website\",\"url\":\"https:\/\/rueducosmetic.fr\/\",\"name\":\"RueduCosmetic\",\"description\":\"Just another Fashion Designer Template\",\"potentialAction\":[{\"@type\":\"SearchAction\",\"target\":{\"@type\":\"EntryPoint\",\"urlTemplate\":\"https:\/\/rueducosmetic.fr\/?s={search_term_string}\"},\"query-input\":{\"@type\":\"PropertyValueSpecification\",\"valueRequired\":true,\"valueName\":\"search_term_string\"}}],\"inLanguage\":\"fr-FR\"}]}<\/script>\n<!-- \/ Yoast SEO plugin. -->","yoast_head_json":{"title":"MOSCO Spray d\u00e9sodorisant - Lotus Blanc - RueduCosmetic","robots":{"index":"index","follow":"follow","max-snippet":"max-snippet:-1","max-image-preview":"max-image-preview:large","max-video-preview":"max-video-preview:-1"},"canonical":"https:\/\/rueducosmetic.fr\/index.php\/produit\/mosco-vaporisateur-lotus-blanc\/","og_locale":"fr_FR","og_type":"article","og_title":"MOSCO Spray d\u00e9sodorisant - Lotus Blanc - RueduCosmetic","og_description":"Spray d\u00e9sodorisant MOSCO 250ml","og_url":"https:\/\/rueducosmetic.fr\/index.php\/produit\/mosco-vaporisateur-lotus-blanc\/","og_site_name":"RueduCosmetic","article_modified_time":"2022-07-27T08:26:21+00:00","og_image":[{"width":700,"height":700,"url":"https:\/\/rueducosmetic.fr\/wp-content\/uploads\/2021\/11\/spray-desodorisant-linge-mosco-lotus-blanc-250.jpg","type":"image\/jpeg"}],"twitter_card":"summary_large_image","schema":{"@context":"https:\/\/schema.org","@graph":[{"@type":"WebPage","@id":"https:\/\/rueducosmetic.fr\/index.php\/produit\/mosco-vaporisateur-lotus-blanc\/","url":"https:\/\/rueducosmetic.fr\/index.php\/produit\/mosco-vaporisateur-lotus-blanc\/","name":"MOSCO Spray d\u00e9sodorisant - Lotus Blanc - RueduCosmetic","isPartOf":{"@id":"https:\/\/rueducosmetic.fr\/#website"},"primaryImageOfPage":{"@id":"https:\/\/rueducosmetic.fr\/index.php\/produit\/mosco-vaporisateur-lotus-blanc\/#primaryimage"},"image":{"@id":"https:\/\/rueducosmetic.fr\/index.php\/produit\/mosco-vaporisateur-lotus-blanc\/#primaryimage"},"thumbnailUrl":"https:\/\/rueducosmetic.fr\/wp-content\/uploads\/2021\/11\/spray-desodorisant-linge-mosco-lotus-blanc-250.jpg","datePublished":"2021-11-17T21:57:02+00:00","dateModified":"2022-07-27T08:26:21+00:00","breadcrumb":{"@id":"https:\/\/rueducosmetic.fr\/index.php\/produit\/mosco-vaporisateur-lotus-blanc\/#breadcrumb"},"inLanguage":"fr-FR","potentialAction":[{"@type":"ReadAction","target":["https:\/\/rueducosmetic.fr\/index.php\/produit\/mosco-vaporisateur-lotus-blanc\/"]}]},{"@type":"ImageObject","inLanguage":"fr-FR","@id":"https:\/\/rueducosmetic.fr\/index.php\/produit\/mosco-vaporisateur-lotus-blanc\/#primaryimage","url":"https:\/\/rueducosmetic.fr\/wp-content\/uploads\/2021\/11\/spray-desodorisant-linge-mosco-lotus-blanc-250.jpg","contentUrl":"https:\/\/rueducosmetic.fr\/wp-content\/uploads\/2021\/11\/spray-desodorisant-linge-mosco-lotus-blanc-250.jpg","width":700,"height":700,"caption":"Spray d\u00e9sodorisant pour les tissus et linges de maison pour une exp\u00e9rience parfum\u00e9e. Le parfum du Lotus Blanc est savoureux, exotique et l\u00e9g\u00e8rement balsamique . Recommand\u00e9 apr\u00e8s le lavage quand le linge est encore humide. A vaporiser \u00e0 30 cm environs."},{"@type":"BreadcrumbList","@id":"https:\/\/rueducosmetic.fr\/index.php\/produit\/mosco-vaporisateur-lotus-blanc\/#breadcrumb","itemListElement":[{"@type":"ListItem","position":1,"name":"Accueil","item":"https:\/\/rueducosmetic.fr\/"},{"@type":"ListItem","position":2,"name":"Shop","item":"https:\/\/rueducosmetic.fr\/index.php\/shop\/"},{"@type":"ListItem","position":3,"name":"MOSCO Spray d\u00e9sodorisant &#8211; Lotus Blanc"}]},{"@type":"WebSite","@id":"https:\/\/rueducosmetic.fr\/#website","url":"https:\/\/rueducosmetic.fr\/","name":"RueduCosmetic","description":"Just another Fashion Designer Template","potentialAction":[{"@type":"SearchAction","target":{"@type":"EntryPoint","urlTemplate":"https:\/\/rueducosmetic.fr\/?s={search_term_string}"},"query-input":{"@type":"PropertyValueSpecification","valueRequired":true,"valueName":"search_term_string"}}],"inLanguage":"fr-FR"}]}},"_links":{"self":[{"href":"https:\/\/rueducosmetic.fr\/index.php\/wp-json\/wp\/v2\/product\/1060"}],"collection":[{"href":"https:\/\/rueducosmetic.fr\/index.php\/wp-json\/wp\/v2\/product"}],"about":[{"href":"https:\/\/rueducosmetic.fr\/index.php\/wp-json\/wp\/v2\/types\/product"}],"replies":[{"embeddable":true,"href":"https:\/\/rueducosmetic.fr\/index.php\/wp-json\/wp\/v2\/comments?post=1060"}],"wp:featuredmedia":[{"embeddable":true,"href":"https:\/\/rueducosmetic.fr\/index.php\/wp-json\/wp\/v2\/media\/1061"}],"wp:attachment":[{"href":"https:\/\/rueducosmetic.fr\/index.php\/wp-json\/wp\/v2\/media?parent=1060"}],"wp:term":[{"taxonomy":"product_cat","embeddable":true,"href":"https:\/\/rueducosmetic.fr\/index.php\/wp-json\/wp\/v2\/product_cat?post=1060"},{"taxonomy":"product_tag","embeddable":true,"href":"https:\/\/rueducosmetic.fr\/index.php\/wp-json\/wp\/v2\/product_tag?post=1060"}],"curies":[{"name":"wp","href":"https:\/\/api.w.org\/{rel}","templated":true}]}}