{"id":1064,"date":"2021-11-17T22:58:04","date_gmt":"2021-11-17T21:58:04","guid":{"rendered":"http:\/\/rueducosmetic.fr\/?post_type=product&#038;p=1064"},"modified":"2026-01-09T11:11:57","modified_gmt":"2026-01-09T10:11:57","slug":"mosco-fleurs-de-maison-cotton-frais","status":"publish","type":"product","link":"https:\/\/rueducosmetic.fr\/index.php\/produit\/mosco-fleurs-de-maison-cotton-frais\/","title":{"rendered":"Fleurs de maison \u2013 Coton Frais"},"content":{"rendered":"<p>Un \u00e9l\u00e9ment magnifiquement con\u00e7u pour la salle de bain, il assure une diffusion exceptionnelle du parfum.<\/p>\n","protected":false},"excerpt":{"rendered":"<p>Pot en PVC avec 3 roses de savon<\/p>\n","protected":false},"featured_media":1065,"comment_status":"open","ping_status":"closed","template":"","meta":{"site-sidebar-layout":"default","site-content-layout":"default","ast-main-header-display":"","ast-hfb-above-header-display":"","ast-hfb-below-header-display":"","ast-hfb-mobile-header-display":"","site-post-title":"","ast-breadcrumbs-content":"","ast-featured-img":"","footer-sml-layout":"","theme-transparent-header-meta":"default","adv-header-id-meta":"","stick-header-meta":"","header-above-stick-meta":"","header-main-stick-meta":"","header-below-stick-meta":"","spay_email":""},"product_cat":[36],"product_tag":[],"yoast_head":"<!-- This site is optimized with the Yoast SEO plugin v24.5 - https:\/\/yoast.com\/wordpress\/plugins\/seo\/ -->\n<title>Fleurs de maison \u2013 Coton Frais - RueduCosmetic<\/title>\n<meta name=\"robots\" content=\"index, follow, max-snippet:-1, max-image-preview:large, max-video-preview:-1\" \/>\n<link rel=\"canonical\" href=\"https:\/\/rueducosmetic.fr\/index.php\/produit\/mosco-fleurs-de-maison-cotton-frais\/\" \/>\n<meta property=\"og:locale\" content=\"fr_FR\" \/>\n<meta property=\"og:type\" content=\"article\" \/>\n<meta property=\"og:title\" content=\"Fleurs de maison \u2013 Coton Frais - RueduCosmetic\" \/>\n<meta property=\"og:description\" content=\"Pot en PVC avec 3 roses de savon\" \/>\n<meta property=\"og:url\" content=\"https:\/\/rueducosmetic.fr\/index.php\/produit\/mosco-fleurs-de-maison-cotton-frais\/\" \/>\n<meta property=\"og:site_name\" content=\"RueduCosmetic\" \/>\n<meta property=\"article:modified_time\" content=\"2026-01-09T10:11:57+00:00\" \/>\n<meta property=\"og:image\" content=\"https:\/\/rueducosmetic.fr\/wp-content\/uploads\/2021\/11\/fleurs-de-maison-coton-frais-e1637417747667.jpg\" \/>\n\t<meta property=\"og:image:width\" content=\"100\" \/>\n\t<meta property=\"og:image:height\" content=\"129\" \/>\n\t<meta property=\"og:image:type\" content=\"image\/jpeg\" \/>\n<meta name=\"twitter:card\" content=\"summary_large_image\" \/>\n<script type=\"application\/ld+json\" class=\"yoast-schema-graph\">{\"@context\":\"https:\/\/schema.org\",\"@graph\":[{\"@type\":\"WebPage\",\"@id\":\"https:\/\/rueducosmetic.fr\/index.php\/produit\/mosco-fleurs-de-maison-cotton-frais\/\",\"url\":\"https:\/\/rueducosmetic.fr\/index.php\/produit\/mosco-fleurs-de-maison-cotton-frais\/\",\"name\":\"Fleurs de maison \u2013 Coton Frais - RueduCosmetic\",\"isPartOf\":{\"@id\":\"https:\/\/rueducosmetic.fr\/#website\"},\"primaryImageOfPage\":{\"@id\":\"https:\/\/rueducosmetic.fr\/index.php\/produit\/mosco-fleurs-de-maison-cotton-frais\/#primaryimage\"},\"image\":{\"@id\":\"https:\/\/rueducosmetic.fr\/index.php\/produit\/mosco-fleurs-de-maison-cotton-frais\/#primaryimage\"},\"thumbnailUrl\":\"https:\/\/rueducosmetic.fr\/wp-content\/uploads\/2021\/11\/fleurs-de-maison-coton-frais-e1637417747667.jpg\",\"datePublished\":\"2021-11-17T21:58:04+00:00\",\"dateModified\":\"2026-01-09T10:11:57+00:00\",\"breadcrumb\":{\"@id\":\"https:\/\/rueducosmetic.fr\/index.php\/produit\/mosco-fleurs-de-maison-cotton-frais\/#breadcrumb\"},\"inLanguage\":\"fr-FR\",\"potentialAction\":[{\"@type\":\"ReadAction\",\"target\":[\"https:\/\/rueducosmetic.fr\/index.php\/produit\/mosco-fleurs-de-maison-cotton-frais\/\"]}]},{\"@type\":\"ImageObject\",\"inLanguage\":\"fr-FR\",\"@id\":\"https:\/\/rueducosmetic.fr\/index.php\/produit\/mosco-fleurs-de-maison-cotton-frais\/#primaryimage\",\"url\":\"https:\/\/rueducosmetic.fr\/wp-content\/uploads\/2021\/11\/fleurs-de-maison-coton-frais-e1637417747667.jpg\",\"contentUrl\":\"https:\/\/rueducosmetic.fr\/wp-content\/uploads\/2021\/11\/fleurs-de-maison-coton-frais-e1637417747667.jpg\",\"width\":100,\"height\":129,\"caption\":\"Un \u00e9l\u00e9ment magnifiquement con\u00e7u pour la salle de bain, il assure une diffusion exceptionnelle du parfum.\"},{\"@type\":\"BreadcrumbList\",\"@id\":\"https:\/\/rueducosmetic.fr\/index.php\/produit\/mosco-fleurs-de-maison-cotton-frais\/#breadcrumb\",\"itemListElement\":[{\"@type\":\"ListItem\",\"position\":1,\"name\":\"Accueil\",\"item\":\"https:\/\/rueducosmetic.fr\/\"},{\"@type\":\"ListItem\",\"position\":2,\"name\":\"Shop\",\"item\":\"https:\/\/rueducosmetic.fr\/index.php\/shop\/\"},{\"@type\":\"ListItem\",\"position\":3,\"name\":\"Fleurs de maison \u2013 Coton Frais\"}]},{\"@type\":\"WebSite\",\"@id\":\"https:\/\/rueducosmetic.fr\/#website\",\"url\":\"https:\/\/rueducosmetic.fr\/\",\"name\":\"RueduCosmetic\",\"description\":\"Just another Fashion Designer Template\",\"potentialAction\":[{\"@type\":\"SearchAction\",\"target\":{\"@type\":\"EntryPoint\",\"urlTemplate\":\"https:\/\/rueducosmetic.fr\/?s={search_term_string}\"},\"query-input\":{\"@type\":\"PropertyValueSpecification\",\"valueRequired\":true,\"valueName\":\"search_term_string\"}}],\"inLanguage\":\"fr-FR\"}]}<\/script>\n<!-- \/ Yoast SEO plugin. -->","yoast_head_json":{"title":"Fleurs de maison \u2013 Coton Frais - RueduCosmetic","robots":{"index":"index","follow":"follow","max-snippet":"max-snippet:-1","max-image-preview":"max-image-preview:large","max-video-preview":"max-video-preview:-1"},"canonical":"https:\/\/rueducosmetic.fr\/index.php\/produit\/mosco-fleurs-de-maison-cotton-frais\/","og_locale":"fr_FR","og_type":"article","og_title":"Fleurs de maison \u2013 Coton Frais - RueduCosmetic","og_description":"Pot en PVC avec 3 roses de savon","og_url":"https:\/\/rueducosmetic.fr\/index.php\/produit\/mosco-fleurs-de-maison-cotton-frais\/","og_site_name":"RueduCosmetic","article_modified_time":"2026-01-09T10:11:57+00:00","og_image":[{"width":100,"height":129,"url":"https:\/\/rueducosmetic.fr\/wp-content\/uploads\/2021\/11\/fleurs-de-maison-coton-frais-e1637417747667.jpg","type":"image\/jpeg"}],"twitter_card":"summary_large_image","schema":{"@context":"https:\/\/schema.org","@graph":[{"@type":"WebPage","@id":"https:\/\/rueducosmetic.fr\/index.php\/produit\/mosco-fleurs-de-maison-cotton-frais\/","url":"https:\/\/rueducosmetic.fr\/index.php\/produit\/mosco-fleurs-de-maison-cotton-frais\/","name":"Fleurs de maison \u2013 Coton Frais - RueduCosmetic","isPartOf":{"@id":"https:\/\/rueducosmetic.fr\/#website"},"primaryImageOfPage":{"@id":"https:\/\/rueducosmetic.fr\/index.php\/produit\/mosco-fleurs-de-maison-cotton-frais\/#primaryimage"},"image":{"@id":"https:\/\/rueducosmetic.fr\/index.php\/produit\/mosco-fleurs-de-maison-cotton-frais\/#primaryimage"},"thumbnailUrl":"https:\/\/rueducosmetic.fr\/wp-content\/uploads\/2021\/11\/fleurs-de-maison-coton-frais-e1637417747667.jpg","datePublished":"2021-11-17T21:58:04+00:00","dateModified":"2026-01-09T10:11:57+00:00","breadcrumb":{"@id":"https:\/\/rueducosmetic.fr\/index.php\/produit\/mosco-fleurs-de-maison-cotton-frais\/#breadcrumb"},"inLanguage":"fr-FR","potentialAction":[{"@type":"ReadAction","target":["https:\/\/rueducosmetic.fr\/index.php\/produit\/mosco-fleurs-de-maison-cotton-frais\/"]}]},{"@type":"ImageObject","inLanguage":"fr-FR","@id":"https:\/\/rueducosmetic.fr\/index.php\/produit\/mosco-fleurs-de-maison-cotton-frais\/#primaryimage","url":"https:\/\/rueducosmetic.fr\/wp-content\/uploads\/2021\/11\/fleurs-de-maison-coton-frais-e1637417747667.jpg","contentUrl":"https:\/\/rueducosmetic.fr\/wp-content\/uploads\/2021\/11\/fleurs-de-maison-coton-frais-e1637417747667.jpg","width":100,"height":129,"caption":"Un \u00e9l\u00e9ment magnifiquement con\u00e7u pour la salle de bain, il assure une diffusion exceptionnelle du parfum."},{"@type":"BreadcrumbList","@id":"https:\/\/rueducosmetic.fr\/index.php\/produit\/mosco-fleurs-de-maison-cotton-frais\/#breadcrumb","itemListElement":[{"@type":"ListItem","position":1,"name":"Accueil","item":"https:\/\/rueducosmetic.fr\/"},{"@type":"ListItem","position":2,"name":"Shop","item":"https:\/\/rueducosmetic.fr\/index.php\/shop\/"},{"@type":"ListItem","position":3,"name":"Fleurs de maison \u2013 Coton Frais"}]},{"@type":"WebSite","@id":"https:\/\/rueducosmetic.fr\/#website","url":"https:\/\/rueducosmetic.fr\/","name":"RueduCosmetic","description":"Just another Fashion Designer Template","potentialAction":[{"@type":"SearchAction","target":{"@type":"EntryPoint","urlTemplate":"https:\/\/rueducosmetic.fr\/?s={search_term_string}"},"query-input":{"@type":"PropertyValueSpecification","valueRequired":true,"valueName":"search_term_string"}}],"inLanguage":"fr-FR"}]}},"_links":{"self":[{"href":"https:\/\/rueducosmetic.fr\/index.php\/wp-json\/wp\/v2\/product\/1064"}],"collection":[{"href":"https:\/\/rueducosmetic.fr\/index.php\/wp-json\/wp\/v2\/product"}],"about":[{"href":"https:\/\/rueducosmetic.fr\/index.php\/wp-json\/wp\/v2\/types\/product"}],"replies":[{"embeddable":true,"href":"https:\/\/rueducosmetic.fr\/index.php\/wp-json\/wp\/v2\/comments?post=1064"}],"wp:featuredmedia":[{"embeddable":true,"href":"https:\/\/rueducosmetic.fr\/index.php\/wp-json\/wp\/v2\/media\/1065"}],"wp:attachment":[{"href":"https:\/\/rueducosmetic.fr\/index.php\/wp-json\/wp\/v2\/media?parent=1064"}],"wp:term":[{"taxonomy":"product_cat","embeddable":true,"href":"https:\/\/rueducosmetic.fr\/index.php\/wp-json\/wp\/v2\/product_cat?post=1064"},{"taxonomy":"product_tag","embeddable":true,"href":"https:\/\/rueducosmetic.fr\/index.php\/wp-json\/wp\/v2\/product_tag?post=1064"}],"curies":[{"name":"wp","href":"https:\/\/api.w.org\/{rel}","templated":true}]}}