{"id":1071,"date":"2021-11-17T23:00:16","date_gmt":"2021-11-17T22:00:16","guid":{"rendered":"http:\/\/rueducosmetic.fr\/?post_type=product&#038;p=1071"},"modified":"2021-11-21T14:13:30","modified_gmt":"2021-11-21T13:13:30","slug":"meili-parfum-de-linge-musky-musk","status":"publish","type":"product","link":"https:\/\/rueducosmetic.fr\/index.php\/produit\/meili-parfum-de-linge-musky-musk\/","title":{"rendered":"Parfum de linge Musky Musk"},"content":{"rendered":"<p>Parfum de linge Meili &#8211; MUSKY MUSK<strong><br \/>\n<\/strong><\/p>\n","protected":false},"excerpt":{"rendered":"<p>Vue d&rsquo;ensemble :<br \/>\nUn voile de douceur parfum\u00e9 \u00e0 vaporiser sur vos draps, oreillers, rideaux, canap\u00e9 ou v\u00eatements, pour recr\u00e9er une atmosph\u00e8re r\u00e9confortante de fra\u00eecheur.<br \/>\nConvient \u00e0 tous types de textiles<\/p>\n<p>Famille Olfactive :\u00a0MUSK BLANC<\/p>\n<p>Usage :<br \/>\nTenir le vaporisateur \u00e0 la verticale pour pulv\u00e9riser<br \/>\nL\u2019op\u00e9ration peut \u00eatre r\u00e9p\u00e9t\u00e9 pour une odeur plus prononc\u00e9e.<\/p>\n","protected":false},"featured_media":1072,"comment_status":"open","ping_status":"closed","template":"","meta":{"site-sidebar-layout":"default","site-content-layout":"default","ast-main-header-display":"","ast-hfb-above-header-display":"","ast-hfb-below-header-display":"","ast-hfb-mobile-header-display":"","site-post-title":"","ast-breadcrumbs-content":"","ast-featured-img":"","footer-sml-layout":"","theme-transparent-header-meta":"default","adv-header-id-meta":"","stick-header-meta":"","header-above-stick-meta":"","header-main-stick-meta":"","header-below-stick-meta":"","spay_email":""},"product_cat":[38,36],"product_tag":[],"yoast_head":"<!-- This site is optimized with the Yoast SEO plugin v24.5 - https:\/\/yoast.com\/wordpress\/plugins\/seo\/ -->\n<title>Parfum de linge Musky Musk - RueduCosmetic<\/title>\n<meta name=\"description\" content=\"Vue d&#039;ensemble :Un voile de douceur parfum\u00e9 \u00e0 vaporiser sur vos draps, oreillers, rideaux, canap\u00e9 ou v\u00eatements, pour recr\u00e9er une atmosph\u00e8re r\u00e9confortante de fra\u00eecheur. Convient \u00e0 tous types de textiles. Famille Olfactive :\u00a0MUSK BLANC. Usage :Tenir le vaporisateur \u00e0 la verticale pour pulv\u00e9riser L&#039;op\u00e9ration peut \u00eatre r\u00e9p\u00e9t\u00e9 pour une odeur plus prononc\u00e9e. Retrouver notre produit sur le site :https:\/\/rueducosmetic.fr\/index.php\/produit\/meili-parfum-de-linge-musky-musk\/\" \/>\n<meta name=\"robots\" content=\"index, follow, max-snippet:-1, max-image-preview:large, max-video-preview:-1\" \/>\n<link rel=\"canonical\" href=\"https:\/\/rueducosmetic.fr\/index.php\/produit\/meili-parfum-de-linge-musky-musk\/\" \/>\n<meta property=\"og:locale\" content=\"fr_FR\" \/>\n<meta property=\"og:type\" content=\"article\" \/>\n<meta property=\"og:title\" content=\"Parfum de linge Musky Musk - RueduCosmetic\" \/>\n<meta property=\"og:description\" content=\"Vue d&#039;ensemble :Un voile de douceur parfum\u00e9 \u00e0 vaporiser sur vos draps, oreillers, rideaux, canap\u00e9 ou v\u00eatements, pour recr\u00e9er une atmosph\u00e8re r\u00e9confortante de fra\u00eecheur. Convient \u00e0 tous types de textiles. Famille Olfactive :\u00a0MUSK BLANC. Usage :Tenir le vaporisateur \u00e0 la verticale pour pulv\u00e9riser L&#039;op\u00e9ration peut \u00eatre r\u00e9p\u00e9t\u00e9 pour une odeur plus prononc\u00e9e. Retrouver notre produit sur le site :https:\/\/rueducosmetic.fr\/index.php\/produit\/meili-parfum-de-linge-musky-musk\/\" \/>\n<meta property=\"og:url\" content=\"https:\/\/rueducosmetic.fr\/index.php\/produit\/meili-parfum-de-linge-musky-musk\/\" \/>\n<meta property=\"og:site_name\" content=\"RueduCosmetic\" \/>\n<meta property=\"article:modified_time\" content=\"2021-11-21T13:13:30+00:00\" \/>\n<meta property=\"og:image\" content=\"https:\/\/rueducosmetic.fr\/wp-content\/uploads\/2021\/11\/parfum-de-linge-musky-musk.png\" \/>\n\t<meta property=\"og:image:width\" content=\"800\" \/>\n\t<meta property=\"og:image:height\" content=\"800\" \/>\n\t<meta property=\"og:image:type\" content=\"image\/png\" \/>\n<meta name=\"twitter:card\" content=\"summary_large_image\" \/>\n<script type=\"application\/ld+json\" class=\"yoast-schema-graph\">{\"@context\":\"https:\/\/schema.org\",\"@graph\":[{\"@type\":\"WebPage\",\"@id\":\"https:\/\/rueducosmetic.fr\/index.php\/produit\/meili-parfum-de-linge-musky-musk\/\",\"url\":\"https:\/\/rueducosmetic.fr\/index.php\/produit\/meili-parfum-de-linge-musky-musk\/\",\"name\":\"Parfum de linge Musky Musk - RueduCosmetic\",\"isPartOf\":{\"@id\":\"https:\/\/rueducosmetic.fr\/#website\"},\"primaryImageOfPage\":{\"@id\":\"https:\/\/rueducosmetic.fr\/index.php\/produit\/meili-parfum-de-linge-musky-musk\/#primaryimage\"},\"image\":{\"@id\":\"https:\/\/rueducosmetic.fr\/index.php\/produit\/meili-parfum-de-linge-musky-musk\/#primaryimage\"},\"thumbnailUrl\":\"https:\/\/rueducosmetic.fr\/wp-content\/uploads\/2021\/11\/parfum-de-linge-musky-musk.png\",\"datePublished\":\"2021-11-17T22:00:16+00:00\",\"dateModified\":\"2021-11-21T13:13:30+00:00\",\"description\":\"Vue d'ensemble :Un voile de douceur parfum\u00e9 \u00e0 vaporiser sur vos draps, oreillers, rideaux, canap\u00e9 ou v\u00eatements, pour recr\u00e9er une atmosph\u00e8re r\u00e9confortante de fra\u00eecheur. Convient \u00e0 tous types de textiles. Famille Olfactive :\u00a0MUSK BLANC. Usage :Tenir le vaporisateur \u00e0 la verticale pour pulv\u00e9riser L'op\u00e9ration peut \u00eatre r\u00e9p\u00e9t\u00e9 pour une odeur plus prononc\u00e9e. Retrouver notre produit sur le site :https:\/\/rueducosmetic.fr\/index.php\/produit\/meili-parfum-de-linge-musky-musk\/\",\"breadcrumb\":{\"@id\":\"https:\/\/rueducosmetic.fr\/index.php\/produit\/meili-parfum-de-linge-musky-musk\/#breadcrumb\"},\"inLanguage\":\"fr-FR\",\"potentialAction\":[{\"@type\":\"ReadAction\",\"target\":[\"https:\/\/rueducosmetic.fr\/index.php\/produit\/meili-parfum-de-linge-musky-musk\/\"]}]},{\"@type\":\"ImageObject\",\"inLanguage\":\"fr-FR\",\"@id\":\"https:\/\/rueducosmetic.fr\/index.php\/produit\/meili-parfum-de-linge-musky-musk\/#primaryimage\",\"url\":\"https:\/\/rueducosmetic.fr\/wp-content\/uploads\/2021\/11\/parfum-de-linge-musky-musk.png\",\"contentUrl\":\"https:\/\/rueducosmetic.fr\/wp-content\/uploads\/2021\/11\/parfum-de-linge-musky-musk.png\",\"width\":800,\"height\":800,\"caption\":\"spray d\u00e9sodorisant musky musk\"},{\"@type\":\"BreadcrumbList\",\"@id\":\"https:\/\/rueducosmetic.fr\/index.php\/produit\/meili-parfum-de-linge-musky-musk\/#breadcrumb\",\"itemListElement\":[{\"@type\":\"ListItem\",\"position\":1,\"name\":\"Accueil\",\"item\":\"https:\/\/rueducosmetic.fr\/\"},{\"@type\":\"ListItem\",\"position\":2,\"name\":\"Shop\",\"item\":\"https:\/\/rueducosmetic.fr\/index.php\/shop\/\"},{\"@type\":\"ListItem\",\"position\":3,\"name\":\"Parfum de linge Musky Musk\"}]},{\"@type\":\"WebSite\",\"@id\":\"https:\/\/rueducosmetic.fr\/#website\",\"url\":\"https:\/\/rueducosmetic.fr\/\",\"name\":\"RueduCosmetic\",\"description\":\"Just another Fashion Designer Template\",\"potentialAction\":[{\"@type\":\"SearchAction\",\"target\":{\"@type\":\"EntryPoint\",\"urlTemplate\":\"https:\/\/rueducosmetic.fr\/?s={search_term_string}\"},\"query-input\":{\"@type\":\"PropertyValueSpecification\",\"valueRequired\":true,\"valueName\":\"search_term_string\"}}],\"inLanguage\":\"fr-FR\"}]}<\/script>\n<!-- \/ Yoast SEO plugin. -->","yoast_head_json":{"title":"Parfum de linge Musky Musk - RueduCosmetic","description":"Vue d'ensemble :Un voile de douceur parfum\u00e9 \u00e0 vaporiser sur vos draps, oreillers, rideaux, canap\u00e9 ou v\u00eatements, pour recr\u00e9er une atmosph\u00e8re r\u00e9confortante de fra\u00eecheur. Convient \u00e0 tous types de textiles. Famille Olfactive :\u00a0MUSK BLANC. Usage :Tenir le vaporisateur \u00e0 la verticale pour pulv\u00e9riser L'op\u00e9ration peut \u00eatre r\u00e9p\u00e9t\u00e9 pour une odeur plus prononc\u00e9e. Retrouver notre produit sur le site :https:\/\/rueducosmetic.fr\/index.php\/produit\/meili-parfum-de-linge-musky-musk\/","robots":{"index":"index","follow":"follow","max-snippet":"max-snippet:-1","max-image-preview":"max-image-preview:large","max-video-preview":"max-video-preview:-1"},"canonical":"https:\/\/rueducosmetic.fr\/index.php\/produit\/meili-parfum-de-linge-musky-musk\/","og_locale":"fr_FR","og_type":"article","og_title":"Parfum de linge Musky Musk - RueduCosmetic","og_description":"Vue d'ensemble :Un voile de douceur parfum\u00e9 \u00e0 vaporiser sur vos draps, oreillers, rideaux, canap\u00e9 ou v\u00eatements, pour recr\u00e9er une atmosph\u00e8re r\u00e9confortante de fra\u00eecheur. Convient \u00e0 tous types de textiles. Famille Olfactive :\u00a0MUSK BLANC. Usage :Tenir le vaporisateur \u00e0 la verticale pour pulv\u00e9riser L'op\u00e9ration peut \u00eatre r\u00e9p\u00e9t\u00e9 pour une odeur plus prononc\u00e9e. Retrouver notre produit sur le site :https:\/\/rueducosmetic.fr\/index.php\/produit\/meili-parfum-de-linge-musky-musk\/","og_url":"https:\/\/rueducosmetic.fr\/index.php\/produit\/meili-parfum-de-linge-musky-musk\/","og_site_name":"RueduCosmetic","article_modified_time":"2021-11-21T13:13:30+00:00","og_image":[{"width":800,"height":800,"url":"https:\/\/rueducosmetic.fr\/wp-content\/uploads\/2021\/11\/parfum-de-linge-musky-musk.png","type":"image\/png"}],"twitter_card":"summary_large_image","schema":{"@context":"https:\/\/schema.org","@graph":[{"@type":"WebPage","@id":"https:\/\/rueducosmetic.fr\/index.php\/produit\/meili-parfum-de-linge-musky-musk\/","url":"https:\/\/rueducosmetic.fr\/index.php\/produit\/meili-parfum-de-linge-musky-musk\/","name":"Parfum de linge Musky Musk - RueduCosmetic","isPartOf":{"@id":"https:\/\/rueducosmetic.fr\/#website"},"primaryImageOfPage":{"@id":"https:\/\/rueducosmetic.fr\/index.php\/produit\/meili-parfum-de-linge-musky-musk\/#primaryimage"},"image":{"@id":"https:\/\/rueducosmetic.fr\/index.php\/produit\/meili-parfum-de-linge-musky-musk\/#primaryimage"},"thumbnailUrl":"https:\/\/rueducosmetic.fr\/wp-content\/uploads\/2021\/11\/parfum-de-linge-musky-musk.png","datePublished":"2021-11-17T22:00:16+00:00","dateModified":"2021-11-21T13:13:30+00:00","description":"Vue d'ensemble :Un voile de douceur parfum\u00e9 \u00e0 vaporiser sur vos draps, oreillers, rideaux, canap\u00e9 ou v\u00eatements, pour recr\u00e9er une atmosph\u00e8re r\u00e9confortante de fra\u00eecheur. Convient \u00e0 tous types de textiles. Famille Olfactive :\u00a0MUSK BLANC. Usage :Tenir le vaporisateur \u00e0 la verticale pour pulv\u00e9riser L'op\u00e9ration peut \u00eatre r\u00e9p\u00e9t\u00e9 pour une odeur plus prononc\u00e9e. Retrouver notre produit sur le site :https:\/\/rueducosmetic.fr\/index.php\/produit\/meili-parfum-de-linge-musky-musk\/","breadcrumb":{"@id":"https:\/\/rueducosmetic.fr\/index.php\/produit\/meili-parfum-de-linge-musky-musk\/#breadcrumb"},"inLanguage":"fr-FR","potentialAction":[{"@type":"ReadAction","target":["https:\/\/rueducosmetic.fr\/index.php\/produit\/meili-parfum-de-linge-musky-musk\/"]}]},{"@type":"ImageObject","inLanguage":"fr-FR","@id":"https:\/\/rueducosmetic.fr\/index.php\/produit\/meili-parfum-de-linge-musky-musk\/#primaryimage","url":"https:\/\/rueducosmetic.fr\/wp-content\/uploads\/2021\/11\/parfum-de-linge-musky-musk.png","contentUrl":"https:\/\/rueducosmetic.fr\/wp-content\/uploads\/2021\/11\/parfum-de-linge-musky-musk.png","width":800,"height":800,"caption":"spray d\u00e9sodorisant musky musk"},{"@type":"BreadcrumbList","@id":"https:\/\/rueducosmetic.fr\/index.php\/produit\/meili-parfum-de-linge-musky-musk\/#breadcrumb","itemListElement":[{"@type":"ListItem","position":1,"name":"Accueil","item":"https:\/\/rueducosmetic.fr\/"},{"@type":"ListItem","position":2,"name":"Shop","item":"https:\/\/rueducosmetic.fr\/index.php\/shop\/"},{"@type":"ListItem","position":3,"name":"Parfum de linge Musky Musk"}]},{"@type":"WebSite","@id":"https:\/\/rueducosmetic.fr\/#website","url":"https:\/\/rueducosmetic.fr\/","name":"RueduCosmetic","description":"Just another Fashion Designer Template","potentialAction":[{"@type":"SearchAction","target":{"@type":"EntryPoint","urlTemplate":"https:\/\/rueducosmetic.fr\/?s={search_term_string}"},"query-input":{"@type":"PropertyValueSpecification","valueRequired":true,"valueName":"search_term_string"}}],"inLanguage":"fr-FR"}]}},"_links":{"self":[{"href":"https:\/\/rueducosmetic.fr\/index.php\/wp-json\/wp\/v2\/product\/1071"}],"collection":[{"href":"https:\/\/rueducosmetic.fr\/index.php\/wp-json\/wp\/v2\/product"}],"about":[{"href":"https:\/\/rueducosmetic.fr\/index.php\/wp-json\/wp\/v2\/types\/product"}],"replies":[{"embeddable":true,"href":"https:\/\/rueducosmetic.fr\/index.php\/wp-json\/wp\/v2\/comments?post=1071"}],"wp:featuredmedia":[{"embeddable":true,"href":"https:\/\/rueducosmetic.fr\/index.php\/wp-json\/wp\/v2\/media\/1072"}],"wp:attachment":[{"href":"https:\/\/rueducosmetic.fr\/index.php\/wp-json\/wp\/v2\/media?parent=1071"}],"wp:term":[{"taxonomy":"product_cat","embeddable":true,"href":"https:\/\/rueducosmetic.fr\/index.php\/wp-json\/wp\/v2\/product_cat?post=1071"},{"taxonomy":"product_tag","embeddable":true,"href":"https:\/\/rueducosmetic.fr\/index.php\/wp-json\/wp\/v2\/product_tag?post=1071"}],"curies":[{"name":"wp","href":"https:\/\/api.w.org\/{rel}","templated":true}]}}