{"id":1077,"date":"2021-11-17T23:02:12","date_gmt":"2021-11-17T22:02:12","guid":{"rendered":"http:\/\/rueducosmetic.fr\/?post_type=product&#038;p=1077"},"modified":"2021-11-20T13:59:31","modified_gmt":"2021-11-20T12:59:31","slug":"meili-parfum-de-linge-serenity","status":"publish","type":"product","link":"https:\/\/rueducosmetic.fr\/index.php\/produit\/meili-parfum-de-linge-serenity\/","title":{"rendered":"Parfum de linge Serenity"},"content":{"rendered":"<p>MEILI SPRAY &#8211; Parfum de linge Serenity<\/p>\n","protected":false},"excerpt":{"rendered":"<p>Vue d&rsquo;ensemble :<br \/>\nUn voile de douceur parfum\u00e9 \u00e0 vaporiser sur vos draps, oreillers, rideaux, canap\u00e9 ou v\u00eatements, pour recr\u00e9er une atmosph\u00e8re r\u00e9confortante de fra\u00eecheur.<br \/>\nConvient \u00e0 tous types de textiles<\/p>\n<p>Famille Olfactive :\u00a0SENTEURS DE COTON FRAIS L\u00c9G\u00c8REMENT FRUIT\u00c9<\/p>\n<p>Usage :<br \/>\nTenir le vaporisateur \u00e0 la verticale pour pulv\u00e9riser<br \/>\nL\u2019op\u00e9ration peut \u00eatre r\u00e9p\u00e9t\u00e9 pour une odeur plus prononc\u00e9e.<\/p>\n","protected":false},"featured_media":1078,"comment_status":"open","ping_status":"closed","template":"","meta":{"site-sidebar-layout":"default","site-content-layout":"default","ast-main-header-display":"","ast-hfb-above-header-display":"","ast-hfb-below-header-display":"","ast-hfb-mobile-header-display":"","site-post-title":"","ast-breadcrumbs-content":"","ast-featured-img":"","footer-sml-layout":"","theme-transparent-header-meta":"default","adv-header-id-meta":"","stick-header-meta":"","header-above-stick-meta":"","header-main-stick-meta":"","header-below-stick-meta":"","spay_email":""},"product_cat":[38,36],"product_tag":[],"yoast_head":"<!-- This site is optimized with the Yoast SEO plugin v24.5 - https:\/\/yoast.com\/wordpress\/plugins\/seo\/ -->\n<title>Parfum de linge Serenity - RueduCosmetic<\/title>\n<meta name=\"description\" content=\"Parfum de linge Serenity. Spray Vaporisateur pour draps, oreillers, rideaux, canap\u00e9 ou v\u00eatements, pour recr\u00e9er une atmosph\u00e8re r\u00e9confortante de fra\u00eecheur.\" \/>\n<meta name=\"robots\" content=\"index, follow, max-snippet:-1, max-image-preview:large, max-video-preview:-1\" \/>\n<link rel=\"canonical\" href=\"https:\/\/rueducosmetic.fr\/index.php\/produit\/meili-parfum-de-linge-serenity\/\" \/>\n<meta property=\"og:locale\" content=\"fr_FR\" \/>\n<meta property=\"og:type\" content=\"article\" \/>\n<meta property=\"og:title\" content=\"Parfum de linge Serenity - RueduCosmetic\" \/>\n<meta property=\"og:description\" content=\"Parfum de linge Serenity. Spray Vaporisateur pour draps, oreillers, rideaux, canap\u00e9 ou v\u00eatements, pour recr\u00e9er une atmosph\u00e8re r\u00e9confortante de fra\u00eecheur.\" \/>\n<meta property=\"og:url\" content=\"https:\/\/rueducosmetic.fr\/index.php\/produit\/meili-parfum-de-linge-serenity\/\" \/>\n<meta property=\"og:site_name\" content=\"RueduCosmetic\" \/>\n<meta property=\"article:modified_time\" content=\"2021-11-20T12:59:31+00:00\" \/>\n<meta property=\"og:image\" content=\"https:\/\/rueducosmetic.fr\/wp-content\/uploads\/2021\/11\/parfum-de-linge-serenity.png\" \/>\n\t<meta property=\"og:image:width\" content=\"250\" \/>\n\t<meta property=\"og:image:height\" content=\"250\" \/>\n\t<meta property=\"og:image:type\" content=\"image\/png\" \/>\n<meta name=\"twitter:card\" content=\"summary_large_image\" \/>\n<meta name=\"twitter:label1\" content=\"Dur\u00e9e de lecture estim\u00e9e\" \/>\n\t<meta name=\"twitter:data1\" content=\"1 minute\" \/>\n<script type=\"application\/ld+json\" class=\"yoast-schema-graph\">{\"@context\":\"https:\/\/schema.org\",\"@graph\":[{\"@type\":\"WebPage\",\"@id\":\"https:\/\/rueducosmetic.fr\/index.php\/produit\/meili-parfum-de-linge-serenity\/\",\"url\":\"https:\/\/rueducosmetic.fr\/index.php\/produit\/meili-parfum-de-linge-serenity\/\",\"name\":\"Parfum de linge Serenity - RueduCosmetic\",\"isPartOf\":{\"@id\":\"https:\/\/rueducosmetic.fr\/#website\"},\"primaryImageOfPage\":{\"@id\":\"https:\/\/rueducosmetic.fr\/index.php\/produit\/meili-parfum-de-linge-serenity\/#primaryimage\"},\"image\":{\"@id\":\"https:\/\/rueducosmetic.fr\/index.php\/produit\/meili-parfum-de-linge-serenity\/#primaryimage\"},\"thumbnailUrl\":\"https:\/\/rueducosmetic.fr\/wp-content\/uploads\/2021\/11\/parfum-de-linge-serenity.png\",\"datePublished\":\"2021-11-17T22:02:12+00:00\",\"dateModified\":\"2021-11-20T12:59:31+00:00\",\"description\":\"Parfum de linge Serenity. Spray Vaporisateur pour draps, oreillers, rideaux, canap\u00e9 ou v\u00eatements, pour recr\u00e9er une atmosph\u00e8re r\u00e9confortante de fra\u00eecheur.\",\"breadcrumb\":{\"@id\":\"https:\/\/rueducosmetic.fr\/index.php\/produit\/meili-parfum-de-linge-serenity\/#breadcrumb\"},\"inLanguage\":\"fr-FR\",\"potentialAction\":[{\"@type\":\"ReadAction\",\"target\":[\"https:\/\/rueducosmetic.fr\/index.php\/produit\/meili-parfum-de-linge-serenity\/\"]}]},{\"@type\":\"ImageObject\",\"inLanguage\":\"fr-FR\",\"@id\":\"https:\/\/rueducosmetic.fr\/index.php\/produit\/meili-parfum-de-linge-serenity\/#primaryimage\",\"url\":\"https:\/\/rueducosmetic.fr\/wp-content\/uploads\/2021\/11\/parfum-de-linge-serenity.png\",\"contentUrl\":\"https:\/\/rueducosmetic.fr\/wp-content\/uploads\/2021\/11\/parfum-de-linge-serenity.png\",\"width\":250,\"height\":250,\"caption\":\"Parfum de linge Serenity\"},{\"@type\":\"BreadcrumbList\",\"@id\":\"https:\/\/rueducosmetic.fr\/index.php\/produit\/meili-parfum-de-linge-serenity\/#breadcrumb\",\"itemListElement\":[{\"@type\":\"ListItem\",\"position\":1,\"name\":\"Accueil\",\"item\":\"https:\/\/rueducosmetic.fr\/\"},{\"@type\":\"ListItem\",\"position\":2,\"name\":\"Shop\",\"item\":\"https:\/\/rueducosmetic.fr\/index.php\/shop\/\"},{\"@type\":\"ListItem\",\"position\":3,\"name\":\"Parfum de linge Serenity\"}]},{\"@type\":\"WebSite\",\"@id\":\"https:\/\/rueducosmetic.fr\/#website\",\"url\":\"https:\/\/rueducosmetic.fr\/\",\"name\":\"RueduCosmetic\",\"description\":\"Just another Fashion Designer Template\",\"potentialAction\":[{\"@type\":\"SearchAction\",\"target\":{\"@type\":\"EntryPoint\",\"urlTemplate\":\"https:\/\/rueducosmetic.fr\/?s={search_term_string}\"},\"query-input\":{\"@type\":\"PropertyValueSpecification\",\"valueRequired\":true,\"valueName\":\"search_term_string\"}}],\"inLanguage\":\"fr-FR\"}]}<\/script>\n<!-- \/ Yoast SEO plugin. -->","yoast_head_json":{"title":"Parfum de linge Serenity - RueduCosmetic","description":"Parfum de linge Serenity. Spray Vaporisateur pour draps, oreillers, rideaux, canap\u00e9 ou v\u00eatements, pour recr\u00e9er une atmosph\u00e8re r\u00e9confortante de fra\u00eecheur.","robots":{"index":"index","follow":"follow","max-snippet":"max-snippet:-1","max-image-preview":"max-image-preview:large","max-video-preview":"max-video-preview:-1"},"canonical":"https:\/\/rueducosmetic.fr\/index.php\/produit\/meili-parfum-de-linge-serenity\/","og_locale":"fr_FR","og_type":"article","og_title":"Parfum de linge Serenity - RueduCosmetic","og_description":"Parfum de linge Serenity. Spray Vaporisateur pour draps, oreillers, rideaux, canap\u00e9 ou v\u00eatements, pour recr\u00e9er une atmosph\u00e8re r\u00e9confortante de fra\u00eecheur.","og_url":"https:\/\/rueducosmetic.fr\/index.php\/produit\/meili-parfum-de-linge-serenity\/","og_site_name":"RueduCosmetic","article_modified_time":"2021-11-20T12:59:31+00:00","og_image":[{"width":250,"height":250,"url":"https:\/\/rueducosmetic.fr\/wp-content\/uploads\/2021\/11\/parfum-de-linge-serenity.png","type":"image\/png"}],"twitter_card":"summary_large_image","twitter_misc":{"Dur\u00e9e de lecture estim\u00e9e":"1 minute"},"schema":{"@context":"https:\/\/schema.org","@graph":[{"@type":"WebPage","@id":"https:\/\/rueducosmetic.fr\/index.php\/produit\/meili-parfum-de-linge-serenity\/","url":"https:\/\/rueducosmetic.fr\/index.php\/produit\/meili-parfum-de-linge-serenity\/","name":"Parfum de linge Serenity - RueduCosmetic","isPartOf":{"@id":"https:\/\/rueducosmetic.fr\/#website"},"primaryImageOfPage":{"@id":"https:\/\/rueducosmetic.fr\/index.php\/produit\/meili-parfum-de-linge-serenity\/#primaryimage"},"image":{"@id":"https:\/\/rueducosmetic.fr\/index.php\/produit\/meili-parfum-de-linge-serenity\/#primaryimage"},"thumbnailUrl":"https:\/\/rueducosmetic.fr\/wp-content\/uploads\/2021\/11\/parfum-de-linge-serenity.png","datePublished":"2021-11-17T22:02:12+00:00","dateModified":"2021-11-20T12:59:31+00:00","description":"Parfum de linge Serenity. Spray Vaporisateur pour draps, oreillers, rideaux, canap\u00e9 ou v\u00eatements, pour recr\u00e9er une atmosph\u00e8re r\u00e9confortante de fra\u00eecheur.","breadcrumb":{"@id":"https:\/\/rueducosmetic.fr\/index.php\/produit\/meili-parfum-de-linge-serenity\/#breadcrumb"},"inLanguage":"fr-FR","potentialAction":[{"@type":"ReadAction","target":["https:\/\/rueducosmetic.fr\/index.php\/produit\/meili-parfum-de-linge-serenity\/"]}]},{"@type":"ImageObject","inLanguage":"fr-FR","@id":"https:\/\/rueducosmetic.fr\/index.php\/produit\/meili-parfum-de-linge-serenity\/#primaryimage","url":"https:\/\/rueducosmetic.fr\/wp-content\/uploads\/2021\/11\/parfum-de-linge-serenity.png","contentUrl":"https:\/\/rueducosmetic.fr\/wp-content\/uploads\/2021\/11\/parfum-de-linge-serenity.png","width":250,"height":250,"caption":"Parfum de linge Serenity"},{"@type":"BreadcrumbList","@id":"https:\/\/rueducosmetic.fr\/index.php\/produit\/meili-parfum-de-linge-serenity\/#breadcrumb","itemListElement":[{"@type":"ListItem","position":1,"name":"Accueil","item":"https:\/\/rueducosmetic.fr\/"},{"@type":"ListItem","position":2,"name":"Shop","item":"https:\/\/rueducosmetic.fr\/index.php\/shop\/"},{"@type":"ListItem","position":3,"name":"Parfum de linge Serenity"}]},{"@type":"WebSite","@id":"https:\/\/rueducosmetic.fr\/#website","url":"https:\/\/rueducosmetic.fr\/","name":"RueduCosmetic","description":"Just another Fashion Designer Template","potentialAction":[{"@type":"SearchAction","target":{"@type":"EntryPoint","urlTemplate":"https:\/\/rueducosmetic.fr\/?s={search_term_string}"},"query-input":{"@type":"PropertyValueSpecification","valueRequired":true,"valueName":"search_term_string"}}],"inLanguage":"fr-FR"}]}},"_links":{"self":[{"href":"https:\/\/rueducosmetic.fr\/index.php\/wp-json\/wp\/v2\/product\/1077"}],"collection":[{"href":"https:\/\/rueducosmetic.fr\/index.php\/wp-json\/wp\/v2\/product"}],"about":[{"href":"https:\/\/rueducosmetic.fr\/index.php\/wp-json\/wp\/v2\/types\/product"}],"replies":[{"embeddable":true,"href":"https:\/\/rueducosmetic.fr\/index.php\/wp-json\/wp\/v2\/comments?post=1077"}],"wp:featuredmedia":[{"embeddable":true,"href":"https:\/\/rueducosmetic.fr\/index.php\/wp-json\/wp\/v2\/media\/1078"}],"wp:attachment":[{"href":"https:\/\/rueducosmetic.fr\/index.php\/wp-json\/wp\/v2\/media?parent=1077"}],"wp:term":[{"taxonomy":"product_cat","embeddable":true,"href":"https:\/\/rueducosmetic.fr\/index.php\/wp-json\/wp\/v2\/product_cat?post=1077"},{"taxonomy":"product_tag","embeddable":true,"href":"https:\/\/rueducosmetic.fr\/index.php\/wp-json\/wp\/v2\/product_tag?post=1077"}],"curies":[{"name":"wp","href":"https:\/\/api.w.org\/{rel}","templated":true}]}}