{"id":1501,"date":"2021-12-01T09:09:14","date_gmt":"2021-12-01T08:09:14","guid":{"rendered":"https:\/\/rueducosmetic.fr\/?post_type=product&#038;p=1501"},"modified":"2022-04-03T13:26:47","modified_gmt":"2022-04-03T11:26:47","slug":"maison-mousquet-pirate","status":"publish","type":"product","link":"https:\/\/rueducosmetic.fr\/index.php\/produit\/maison-mousquet-pirate\/","title":{"rendered":"Maison Le Mousquet &#8211; Pirate"},"content":{"rendered":"<p>PIRATE de\u00a0 MAISON LE MOUSQUET\u00a0 est un parfum Sucr\u00e9 Citronn\u00e9 pour homme et femme. PIRATE \u00e0 \u00e9t\u00e9 lanc\u00e9 en 2021.<\/p>\n<p>Les notes de t\u00eate sont Fruit de la passion, Poire , Bourgeon de cassis<\/p>\n<p>la note de coeur est Muguet;<\/p>\n<p>les notes de fond sont Musc, Vanille, citron sucr\u00e9 ,Patchouli et H\u00e9liotrope.<\/p>\n<p>&nbsp;<\/p>\n","protected":false},"excerpt":{"rendered":"<p>PIRATE de\u00a0 MAISON LE MOUSQUET\u00a0 est un parfum Sucr\u00e9 Citronn\u00e9 pour homme et femme. PIRATE \u00e0 \u00e9t\u00e9 lanc\u00e9 en 2021. Les notes de t\u00eate sont Fruit de la passion, Poire , Bourgeon de cassis la note de coeur est Muguet; les notes de fond sont Musc, Vanille, citron sucr\u00e9 ,Patchouli et H\u00e9liotrope. &nbsp;<\/p>\n","protected":false},"featured_media":1497,"comment_status":"open","ping_status":"closed","template":"","meta":{"site-sidebar-layout":"default","site-content-layout":"default","ast-main-header-display":"","ast-hfb-above-header-display":"","ast-hfb-below-header-display":"","ast-hfb-mobile-header-display":"","site-post-title":"","ast-breadcrumbs-content":"","ast-featured-img":"","footer-sml-layout":"","theme-transparent-header-meta":"default","adv-header-id-meta":"","stick-header-meta":"","header-above-stick-meta":"","header-main-stick-meta":"","header-below-stick-meta":"","spay_email":""},"product_cat":[29],"product_tag":[],"yoast_head":"<!-- This site is optimized with the Yoast SEO plugin v24.5 - https:\/\/yoast.com\/wordpress\/plugins\/seo\/ -->\n<title>Maison Le Mousquet - Pirate - RueduCosmetic<\/title>\n<meta name=\"robots\" content=\"index, follow, max-snippet:-1, max-image-preview:large, max-video-preview:-1\" \/>\n<link rel=\"canonical\" href=\"https:\/\/rueducosmetic.fr\/index.php\/produit\/maison-mousquet-pirate\/\" \/>\n<meta property=\"og:locale\" content=\"fr_FR\" \/>\n<meta property=\"og:type\" content=\"article\" \/>\n<meta property=\"og:title\" content=\"Maison Le Mousquet - Pirate - RueduCosmetic\" \/>\n<meta property=\"og:description\" content=\"PIRATE de\u00a0 MAISON LE MOUSQUET\u00a0 est un parfum Sucr\u00e9 Citronn\u00e9 pour homme et femme. PIRATE \u00e0 \u00e9t\u00e9 lanc\u00e9 en 2021. Les notes de t\u00eate sont Fruit de la passion, Poire , Bourgeon de cassis la note de coeur est Muguet; les notes de fond sont Musc, Vanille, citron sucr\u00e9 ,Patchouli et H\u00e9liotrope. &nbsp;\" \/>\n<meta property=\"og:url\" content=\"https:\/\/rueducosmetic.fr\/index.php\/produit\/maison-mousquet-pirate\/\" \/>\n<meta property=\"og:site_name\" content=\"RueduCosmetic\" \/>\n<meta property=\"article:modified_time\" content=\"2022-04-03T11:26:47+00:00\" \/>\n<meta property=\"og:image\" content=\"https:\/\/rueducosmetic.fr\/wp-content\/uploads\/2021\/12\/Screenshot_20211128_195337.jpg\" \/>\n\t<meta property=\"og:image:width\" content=\"1080\" \/>\n\t<meta property=\"og:image:height\" content=\"1072\" \/>\n\t<meta property=\"og:image:type\" content=\"image\/jpeg\" \/>\n<meta name=\"twitter:card\" content=\"summary_large_image\" \/>\n<meta name=\"twitter:label1\" content=\"Dur\u00e9e de lecture estim\u00e9e\" \/>\n\t<meta name=\"twitter:data1\" content=\"1 minute\" \/>\n<script type=\"application\/ld+json\" class=\"yoast-schema-graph\">{\"@context\":\"https:\/\/schema.org\",\"@graph\":[{\"@type\":\"WebPage\",\"@id\":\"https:\/\/rueducosmetic.fr\/index.php\/produit\/maison-mousquet-pirate\/\",\"url\":\"https:\/\/rueducosmetic.fr\/index.php\/produit\/maison-mousquet-pirate\/\",\"name\":\"Maison Le Mousquet - Pirate - RueduCosmetic\",\"isPartOf\":{\"@id\":\"https:\/\/rueducosmetic.fr\/#website\"},\"primaryImageOfPage\":{\"@id\":\"https:\/\/rueducosmetic.fr\/index.php\/produit\/maison-mousquet-pirate\/#primaryimage\"},\"image\":{\"@id\":\"https:\/\/rueducosmetic.fr\/index.php\/produit\/maison-mousquet-pirate\/#primaryimage\"},\"thumbnailUrl\":\"https:\/\/rueducosmetic.fr\/wp-content\/uploads\/2021\/12\/Screenshot_20211128_195337.jpg\",\"datePublished\":\"2021-12-01T08:09:14+00:00\",\"dateModified\":\"2022-04-03T11:26:47+00:00\",\"breadcrumb\":{\"@id\":\"https:\/\/rueducosmetic.fr\/index.php\/produit\/maison-mousquet-pirate\/#breadcrumb\"},\"inLanguage\":\"fr-FR\",\"potentialAction\":[{\"@type\":\"ReadAction\",\"target\":[\"https:\/\/rueducosmetic.fr\/index.php\/produit\/maison-mousquet-pirate\/\"]}]},{\"@type\":\"ImageObject\",\"inLanguage\":\"fr-FR\",\"@id\":\"https:\/\/rueducosmetic.fr\/index.php\/produit\/maison-mousquet-pirate\/#primaryimage\",\"url\":\"https:\/\/rueducosmetic.fr\/wp-content\/uploads\/2021\/12\/Screenshot_20211128_195337.jpg\",\"contentUrl\":\"https:\/\/rueducosmetic.fr\/wp-content\/uploads\/2021\/12\/Screenshot_20211128_195337.jpg\",\"width\":1080,\"height\":1072},{\"@type\":\"BreadcrumbList\",\"@id\":\"https:\/\/rueducosmetic.fr\/index.php\/produit\/maison-mousquet-pirate\/#breadcrumb\",\"itemListElement\":[{\"@type\":\"ListItem\",\"position\":1,\"name\":\"Accueil\",\"item\":\"https:\/\/rueducosmetic.fr\/\"},{\"@type\":\"ListItem\",\"position\":2,\"name\":\"Shop\",\"item\":\"https:\/\/rueducosmetic.fr\/index.php\/shop\/\"},{\"@type\":\"ListItem\",\"position\":3,\"name\":\"Maison Le Mousquet &#8211; Pirate\"}]},{\"@type\":\"WebSite\",\"@id\":\"https:\/\/rueducosmetic.fr\/#website\",\"url\":\"https:\/\/rueducosmetic.fr\/\",\"name\":\"RueduCosmetic\",\"description\":\"Just another Fashion Designer Template\",\"potentialAction\":[{\"@type\":\"SearchAction\",\"target\":{\"@type\":\"EntryPoint\",\"urlTemplate\":\"https:\/\/rueducosmetic.fr\/?s={search_term_string}\"},\"query-input\":{\"@type\":\"PropertyValueSpecification\",\"valueRequired\":true,\"valueName\":\"search_term_string\"}}],\"inLanguage\":\"fr-FR\"}]}<\/script>\n<!-- \/ Yoast SEO plugin. -->","yoast_head_json":{"title":"Maison Le Mousquet - Pirate - RueduCosmetic","robots":{"index":"index","follow":"follow","max-snippet":"max-snippet:-1","max-image-preview":"max-image-preview:large","max-video-preview":"max-video-preview:-1"},"canonical":"https:\/\/rueducosmetic.fr\/index.php\/produit\/maison-mousquet-pirate\/","og_locale":"fr_FR","og_type":"article","og_title":"Maison Le Mousquet - Pirate - RueduCosmetic","og_description":"PIRATE de\u00a0 MAISON LE MOUSQUET\u00a0 est un parfum Sucr\u00e9 Citronn\u00e9 pour homme et femme. PIRATE \u00e0 \u00e9t\u00e9 lanc\u00e9 en 2021. Les notes de t\u00eate sont Fruit de la passion, Poire , Bourgeon de cassis la note de coeur est Muguet; les notes de fond sont Musc, Vanille, citron sucr\u00e9 ,Patchouli et H\u00e9liotrope. &nbsp;","og_url":"https:\/\/rueducosmetic.fr\/index.php\/produit\/maison-mousquet-pirate\/","og_site_name":"RueduCosmetic","article_modified_time":"2022-04-03T11:26:47+00:00","og_image":[{"width":1080,"height":1072,"url":"https:\/\/rueducosmetic.fr\/wp-content\/uploads\/2021\/12\/Screenshot_20211128_195337.jpg","type":"image\/jpeg"}],"twitter_card":"summary_large_image","twitter_misc":{"Dur\u00e9e de lecture estim\u00e9e":"1 minute"},"schema":{"@context":"https:\/\/schema.org","@graph":[{"@type":"WebPage","@id":"https:\/\/rueducosmetic.fr\/index.php\/produit\/maison-mousquet-pirate\/","url":"https:\/\/rueducosmetic.fr\/index.php\/produit\/maison-mousquet-pirate\/","name":"Maison Le Mousquet - Pirate - RueduCosmetic","isPartOf":{"@id":"https:\/\/rueducosmetic.fr\/#website"},"primaryImageOfPage":{"@id":"https:\/\/rueducosmetic.fr\/index.php\/produit\/maison-mousquet-pirate\/#primaryimage"},"image":{"@id":"https:\/\/rueducosmetic.fr\/index.php\/produit\/maison-mousquet-pirate\/#primaryimage"},"thumbnailUrl":"https:\/\/rueducosmetic.fr\/wp-content\/uploads\/2021\/12\/Screenshot_20211128_195337.jpg","datePublished":"2021-12-01T08:09:14+00:00","dateModified":"2022-04-03T11:26:47+00:00","breadcrumb":{"@id":"https:\/\/rueducosmetic.fr\/index.php\/produit\/maison-mousquet-pirate\/#breadcrumb"},"inLanguage":"fr-FR","potentialAction":[{"@type":"ReadAction","target":["https:\/\/rueducosmetic.fr\/index.php\/produit\/maison-mousquet-pirate\/"]}]},{"@type":"ImageObject","inLanguage":"fr-FR","@id":"https:\/\/rueducosmetic.fr\/index.php\/produit\/maison-mousquet-pirate\/#primaryimage","url":"https:\/\/rueducosmetic.fr\/wp-content\/uploads\/2021\/12\/Screenshot_20211128_195337.jpg","contentUrl":"https:\/\/rueducosmetic.fr\/wp-content\/uploads\/2021\/12\/Screenshot_20211128_195337.jpg","width":1080,"height":1072},{"@type":"BreadcrumbList","@id":"https:\/\/rueducosmetic.fr\/index.php\/produit\/maison-mousquet-pirate\/#breadcrumb","itemListElement":[{"@type":"ListItem","position":1,"name":"Accueil","item":"https:\/\/rueducosmetic.fr\/"},{"@type":"ListItem","position":2,"name":"Shop","item":"https:\/\/rueducosmetic.fr\/index.php\/shop\/"},{"@type":"ListItem","position":3,"name":"Maison Le Mousquet &#8211; Pirate"}]},{"@type":"WebSite","@id":"https:\/\/rueducosmetic.fr\/#website","url":"https:\/\/rueducosmetic.fr\/","name":"RueduCosmetic","description":"Just another Fashion Designer Template","potentialAction":[{"@type":"SearchAction","target":{"@type":"EntryPoint","urlTemplate":"https:\/\/rueducosmetic.fr\/?s={search_term_string}"},"query-input":{"@type":"PropertyValueSpecification","valueRequired":true,"valueName":"search_term_string"}}],"inLanguage":"fr-FR"}]}},"_links":{"self":[{"href":"https:\/\/rueducosmetic.fr\/index.php\/wp-json\/wp\/v2\/product\/1501"}],"collection":[{"href":"https:\/\/rueducosmetic.fr\/index.php\/wp-json\/wp\/v2\/product"}],"about":[{"href":"https:\/\/rueducosmetic.fr\/index.php\/wp-json\/wp\/v2\/types\/product"}],"replies":[{"embeddable":true,"href":"https:\/\/rueducosmetic.fr\/index.php\/wp-json\/wp\/v2\/comments?post=1501"}],"wp:featuredmedia":[{"embeddable":true,"href":"https:\/\/rueducosmetic.fr\/index.php\/wp-json\/wp\/v2\/media\/1497"}],"wp:attachment":[{"href":"https:\/\/rueducosmetic.fr\/index.php\/wp-json\/wp\/v2\/media?parent=1501"}],"wp:term":[{"taxonomy":"product_cat","embeddable":true,"href":"https:\/\/rueducosmetic.fr\/index.php\/wp-json\/wp\/v2\/product_cat?post=1501"},{"taxonomy":"product_tag","embeddable":true,"href":"https:\/\/rueducosmetic.fr\/index.php\/wp-json\/wp\/v2\/product_tag?post=1501"}],"curies":[{"name":"wp","href":"https:\/\/api.w.org\/{rel}","templated":true}]}}