{"id":1502,"date":"2021-12-01T09:12:02","date_gmt":"2021-12-01T08:12:02","guid":{"rendered":"https:\/\/rueducosmetic.fr\/?post_type=product&#038;p=1502"},"modified":"2022-04-03T13:27:18","modified_gmt":"2022-04-03T11:27:18","slug":"maison-mousquet-diamant-rouge","status":"publish","type":"product","link":"https:\/\/rueducosmetic.fr\/index.php\/produit\/maison-mousquet-diamant-rouge\/","title":{"rendered":"Maison Le Mousquet &#8211; Diamant Rouge"},"content":{"rendered":"<p>DIAMANT ROUGE de Maison Le Mousquet\u00a0 est un parfum Ambre Sucr\u00e9 pour homme et femme .<\/p>\n<p>Tous les parfums de la Maison le Mousquet proposent une concentration \u00e0 25% sur un format unique de 50 ml. Cette concentration puissante permet une tenue ainsi qu&rsquo;un sillage extr\u00eamement performant.<\/p>\n<p>Les notes de t\u00eate sont Safran et jasmin<\/p>\n<p>Les notes de sont Amberwood et Ambre gris<\/p>\n<p>Les notes de fond Franboise<\/p>\n","protected":false},"excerpt":{"rendered":"<p>DIAMANT ROUGE de Maison Le Mousquet\u00a0 est un parfum Ambre Sucr\u00e9 pour homme et femme . Tous les parfums de la Maison le Mousquet proposent une concentration \u00e0 25% sur un format unique de 50 ml. Cette concentration puissante permet une tenue ainsi qu&rsquo;un sillage extr\u00eamement performant. Les notes de t\u00eate sont Safran et jasmin &hellip;<\/p>\n<p class=\"read-more\"> <a class=\"\" href=\"https:\/\/rueducosmetic.fr\/index.php\/produit\/maison-mousquet-diamant-rouge\/\"> <span class=\"screen-reader-text\">Maison Le Mousquet &#8211; Diamant Rouge<\/span> Lire la suite\u00a0\u00bb<\/a><\/p>\n","protected":false},"featured_media":1495,"comment_status":"open","ping_status":"closed","template":"","meta":{"site-sidebar-layout":"default","site-content-layout":"default","ast-main-header-display":"","ast-hfb-above-header-display":"","ast-hfb-below-header-display":"","ast-hfb-mobile-header-display":"","site-post-title":"","ast-breadcrumbs-content":"","ast-featured-img":"","footer-sml-layout":"","theme-transparent-header-meta":"default","adv-header-id-meta":"","stick-header-meta":"","header-above-stick-meta":"","header-main-stick-meta":"","header-below-stick-meta":"","spay_email":""},"product_cat":[29],"product_tag":[],"yoast_head":"<!-- This site is optimized with the Yoast SEO plugin v24.5 - https:\/\/yoast.com\/wordpress\/plugins\/seo\/ -->\n<title>Maison Le Mousquet - Diamant Rouge - RueduCosmetic<\/title>\n<meta name=\"robots\" content=\"index, follow, max-snippet:-1, max-image-preview:large, max-video-preview:-1\" \/>\n<link rel=\"canonical\" href=\"https:\/\/rueducosmetic.fr\/index.php\/produit\/maison-mousquet-diamant-rouge\/\" \/>\n<meta property=\"og:locale\" content=\"fr_FR\" \/>\n<meta property=\"og:type\" content=\"article\" \/>\n<meta property=\"og:title\" content=\"Maison Le Mousquet - Diamant Rouge - RueduCosmetic\" \/>\n<meta property=\"og:description\" content=\"DIAMANT ROUGE de Maison Le Mousquet\u00a0 est un parfum Ambre Sucr\u00e9 pour homme et femme . Tous les parfums de la Maison le Mousquet proposent une concentration \u00e0 25% sur un format unique de 50 ml. Cette concentration puissante permet une tenue ainsi qu&rsquo;un sillage extr\u00eamement performant. Les notes de t\u00eate sont Safran et jasmin &hellip; Maison Le Mousquet &#8211; Diamant Rouge Lire la suite\u00a0\u00bb\" \/>\n<meta property=\"og:url\" content=\"https:\/\/rueducosmetic.fr\/index.php\/produit\/maison-mousquet-diamant-rouge\/\" \/>\n<meta property=\"og:site_name\" content=\"RueduCosmetic\" \/>\n<meta property=\"article:modified_time\" content=\"2022-04-03T11:27:18+00:00\" \/>\n<meta property=\"og:image\" content=\"https:\/\/rueducosmetic.fr\/wp-content\/uploads\/2021\/12\/Screenshot_20211128_195405.jpg\" \/>\n\t<meta property=\"og:image:width\" content=\"1080\" \/>\n\t<meta property=\"og:image:height\" content=\"1054\" \/>\n\t<meta property=\"og:image:type\" content=\"image\/jpeg\" \/>\n<meta name=\"twitter:card\" content=\"summary_large_image\" \/>\n<meta name=\"twitter:label1\" content=\"Dur\u00e9e de lecture estim\u00e9e\" \/>\n\t<meta name=\"twitter:data1\" content=\"1 minute\" \/>\n<script type=\"application\/ld+json\" class=\"yoast-schema-graph\">{\"@context\":\"https:\/\/schema.org\",\"@graph\":[{\"@type\":\"WebPage\",\"@id\":\"https:\/\/rueducosmetic.fr\/index.php\/produit\/maison-mousquet-diamant-rouge\/\",\"url\":\"https:\/\/rueducosmetic.fr\/index.php\/produit\/maison-mousquet-diamant-rouge\/\",\"name\":\"Maison Le Mousquet - Diamant Rouge - RueduCosmetic\",\"isPartOf\":{\"@id\":\"https:\/\/rueducosmetic.fr\/#website\"},\"primaryImageOfPage\":{\"@id\":\"https:\/\/rueducosmetic.fr\/index.php\/produit\/maison-mousquet-diamant-rouge\/#primaryimage\"},\"image\":{\"@id\":\"https:\/\/rueducosmetic.fr\/index.php\/produit\/maison-mousquet-diamant-rouge\/#primaryimage\"},\"thumbnailUrl\":\"https:\/\/rueducosmetic.fr\/wp-content\/uploads\/2021\/12\/Screenshot_20211128_195405.jpg\",\"datePublished\":\"2021-12-01T08:12:02+00:00\",\"dateModified\":\"2022-04-03T11:27:18+00:00\",\"breadcrumb\":{\"@id\":\"https:\/\/rueducosmetic.fr\/index.php\/produit\/maison-mousquet-diamant-rouge\/#breadcrumb\"},\"inLanguage\":\"fr-FR\",\"potentialAction\":[{\"@type\":\"ReadAction\",\"target\":[\"https:\/\/rueducosmetic.fr\/index.php\/produit\/maison-mousquet-diamant-rouge\/\"]}]},{\"@type\":\"ImageObject\",\"inLanguage\":\"fr-FR\",\"@id\":\"https:\/\/rueducosmetic.fr\/index.php\/produit\/maison-mousquet-diamant-rouge\/#primaryimage\",\"url\":\"https:\/\/rueducosmetic.fr\/wp-content\/uploads\/2021\/12\/Screenshot_20211128_195405.jpg\",\"contentUrl\":\"https:\/\/rueducosmetic.fr\/wp-content\/uploads\/2021\/12\/Screenshot_20211128_195405.jpg\",\"width\":1080,\"height\":1054},{\"@type\":\"BreadcrumbList\",\"@id\":\"https:\/\/rueducosmetic.fr\/index.php\/produit\/maison-mousquet-diamant-rouge\/#breadcrumb\",\"itemListElement\":[{\"@type\":\"ListItem\",\"position\":1,\"name\":\"Accueil\",\"item\":\"https:\/\/rueducosmetic.fr\/\"},{\"@type\":\"ListItem\",\"position\":2,\"name\":\"Shop\",\"item\":\"https:\/\/rueducosmetic.fr\/index.php\/shop\/\"},{\"@type\":\"ListItem\",\"position\":3,\"name\":\"Maison Le Mousquet &#8211; Diamant Rouge\"}]},{\"@type\":\"WebSite\",\"@id\":\"https:\/\/rueducosmetic.fr\/#website\",\"url\":\"https:\/\/rueducosmetic.fr\/\",\"name\":\"RueduCosmetic\",\"description\":\"Just another Fashion Designer Template\",\"potentialAction\":[{\"@type\":\"SearchAction\",\"target\":{\"@type\":\"EntryPoint\",\"urlTemplate\":\"https:\/\/rueducosmetic.fr\/?s={search_term_string}\"},\"query-input\":{\"@type\":\"PropertyValueSpecification\",\"valueRequired\":true,\"valueName\":\"search_term_string\"}}],\"inLanguage\":\"fr-FR\"}]}<\/script>\n<!-- \/ Yoast SEO plugin. -->","yoast_head_json":{"title":"Maison Le Mousquet - Diamant Rouge - RueduCosmetic","robots":{"index":"index","follow":"follow","max-snippet":"max-snippet:-1","max-image-preview":"max-image-preview:large","max-video-preview":"max-video-preview:-1"},"canonical":"https:\/\/rueducosmetic.fr\/index.php\/produit\/maison-mousquet-diamant-rouge\/","og_locale":"fr_FR","og_type":"article","og_title":"Maison Le Mousquet - Diamant Rouge - RueduCosmetic","og_description":"DIAMANT ROUGE de Maison Le Mousquet\u00a0 est un parfum Ambre Sucr\u00e9 pour homme et femme . Tous les parfums de la Maison le Mousquet proposent une concentration \u00e0 25% sur un format unique de 50 ml. Cette concentration puissante permet une tenue ainsi qu&rsquo;un sillage extr\u00eamement performant. Les notes de t\u00eate sont Safran et jasmin &hellip; Maison Le Mousquet &#8211; Diamant Rouge Lire la suite\u00a0\u00bb","og_url":"https:\/\/rueducosmetic.fr\/index.php\/produit\/maison-mousquet-diamant-rouge\/","og_site_name":"RueduCosmetic","article_modified_time":"2022-04-03T11:27:18+00:00","og_image":[{"width":1080,"height":1054,"url":"https:\/\/rueducosmetic.fr\/wp-content\/uploads\/2021\/12\/Screenshot_20211128_195405.jpg","type":"image\/jpeg"}],"twitter_card":"summary_large_image","twitter_misc":{"Dur\u00e9e de lecture estim\u00e9e":"1 minute"},"schema":{"@context":"https:\/\/schema.org","@graph":[{"@type":"WebPage","@id":"https:\/\/rueducosmetic.fr\/index.php\/produit\/maison-mousquet-diamant-rouge\/","url":"https:\/\/rueducosmetic.fr\/index.php\/produit\/maison-mousquet-diamant-rouge\/","name":"Maison Le Mousquet - Diamant Rouge - RueduCosmetic","isPartOf":{"@id":"https:\/\/rueducosmetic.fr\/#website"},"primaryImageOfPage":{"@id":"https:\/\/rueducosmetic.fr\/index.php\/produit\/maison-mousquet-diamant-rouge\/#primaryimage"},"image":{"@id":"https:\/\/rueducosmetic.fr\/index.php\/produit\/maison-mousquet-diamant-rouge\/#primaryimage"},"thumbnailUrl":"https:\/\/rueducosmetic.fr\/wp-content\/uploads\/2021\/12\/Screenshot_20211128_195405.jpg","datePublished":"2021-12-01T08:12:02+00:00","dateModified":"2022-04-03T11:27:18+00:00","breadcrumb":{"@id":"https:\/\/rueducosmetic.fr\/index.php\/produit\/maison-mousquet-diamant-rouge\/#breadcrumb"},"inLanguage":"fr-FR","potentialAction":[{"@type":"ReadAction","target":["https:\/\/rueducosmetic.fr\/index.php\/produit\/maison-mousquet-diamant-rouge\/"]}]},{"@type":"ImageObject","inLanguage":"fr-FR","@id":"https:\/\/rueducosmetic.fr\/index.php\/produit\/maison-mousquet-diamant-rouge\/#primaryimage","url":"https:\/\/rueducosmetic.fr\/wp-content\/uploads\/2021\/12\/Screenshot_20211128_195405.jpg","contentUrl":"https:\/\/rueducosmetic.fr\/wp-content\/uploads\/2021\/12\/Screenshot_20211128_195405.jpg","width":1080,"height":1054},{"@type":"BreadcrumbList","@id":"https:\/\/rueducosmetic.fr\/index.php\/produit\/maison-mousquet-diamant-rouge\/#breadcrumb","itemListElement":[{"@type":"ListItem","position":1,"name":"Accueil","item":"https:\/\/rueducosmetic.fr\/"},{"@type":"ListItem","position":2,"name":"Shop","item":"https:\/\/rueducosmetic.fr\/index.php\/shop\/"},{"@type":"ListItem","position":3,"name":"Maison Le Mousquet &#8211; Diamant Rouge"}]},{"@type":"WebSite","@id":"https:\/\/rueducosmetic.fr\/#website","url":"https:\/\/rueducosmetic.fr\/","name":"RueduCosmetic","description":"Just another Fashion Designer Template","potentialAction":[{"@type":"SearchAction","target":{"@type":"EntryPoint","urlTemplate":"https:\/\/rueducosmetic.fr\/?s={search_term_string}"},"query-input":{"@type":"PropertyValueSpecification","valueRequired":true,"valueName":"search_term_string"}}],"inLanguage":"fr-FR"}]}},"_links":{"self":[{"href":"https:\/\/rueducosmetic.fr\/index.php\/wp-json\/wp\/v2\/product\/1502"}],"collection":[{"href":"https:\/\/rueducosmetic.fr\/index.php\/wp-json\/wp\/v2\/product"}],"about":[{"href":"https:\/\/rueducosmetic.fr\/index.php\/wp-json\/wp\/v2\/types\/product"}],"replies":[{"embeddable":true,"href":"https:\/\/rueducosmetic.fr\/index.php\/wp-json\/wp\/v2\/comments?post=1502"}],"wp:featuredmedia":[{"embeddable":true,"href":"https:\/\/rueducosmetic.fr\/index.php\/wp-json\/wp\/v2\/media\/1495"}],"wp:attachment":[{"href":"https:\/\/rueducosmetic.fr\/index.php\/wp-json\/wp\/v2\/media?parent=1502"}],"wp:term":[{"taxonomy":"product_cat","embeddable":true,"href":"https:\/\/rueducosmetic.fr\/index.php\/wp-json\/wp\/v2\/product_cat?post=1502"},{"taxonomy":"product_tag","embeddable":true,"href":"https:\/\/rueducosmetic.fr\/index.php\/wp-json\/wp\/v2\/product_tag?post=1502"}],"curies":[{"name":"wp","href":"https:\/\/api.w.org\/{rel}","templated":true}]}}