{"id":1644,"date":"2024-05-29T23:05:35","date_gmt":"2024-05-29T21:05:35","guid":{"rendered":"https:\/\/rueducosmetic.fr\/?post_type=product&#038;p=1644"},"modified":"2026-01-09T11:11:24","modified_gmt":"2026-01-09T10:11:24","slug":"maison-le-mousquet-liberta-spray-dambiance","status":"publish","type":"product","link":"https:\/\/rueducosmetic.fr\/index.php\/produit\/maison-le-mousquet-liberta-spray-dambiance\/","title":{"rendered":"Maison Le Mousquet &#8211; Liberta &#8211; Spray d&rsquo;ambiance"},"content":{"rendered":"<p>Liberta de Maison Le Mousquet est un spray dub de Libre de YSL.<\/p>\n<p>Tous les sprays de la Maison le Mousquet proposent une concentration \u00e0 25% sur un format unique de 50 ml. Cette concentration puissante permet une tenue ainsi qu&rsquo;un sillage extr\u00eamement performant.<\/p>\n<p>La note de t\u00eate est <strong>essence de n\u00e9roli<\/strong><\/p>\n<p>La note de c\u0153ur est <strong>extrait d&rsquo;orchid\u00e9e<\/strong><\/p>\n<p>La note de fond est <strong>extrait de vanille de madagascar<\/strong><\/p>\n","protected":false},"excerpt":{"rendered":"<p>Liberta de Maison Le Mousquet est un spray dub de Libre de YSL. Tous les sprays de la Maison le Mousquet proposent une concentration \u00e0 25% sur un format unique de 50 ml. Cette concentration puissante permet une tenue ainsi qu&rsquo;un sillage extr\u00eamement performant. La note de t\u00eate est essence de n\u00e9roli La note de &hellip;<\/p>\n<p class=\"read-more\"> <a class=\"\" href=\"https:\/\/rueducosmetic.fr\/index.php\/produit\/maison-le-mousquet-liberta-spray-dambiance\/\"> <span class=\"screen-reader-text\">Maison Le Mousquet &#8211; Liberta &#8211; Spray d&rsquo;ambiance<\/span> Lire la suite\u00a0\u00bb<\/a><\/p>\n","protected":false},"featured_media":1696,"comment_status":"open","ping_status":"closed","template":"","meta":{"site-sidebar-layout":"default","site-content-layout":"default","ast-main-header-display":"","ast-hfb-above-header-display":"","ast-hfb-below-header-display":"","ast-hfb-mobile-header-display":"","site-post-title":"","ast-breadcrumbs-content":"","ast-featured-img":"","footer-sml-layout":"","theme-transparent-header-meta":"default","adv-header-id-meta":"","stick-header-meta":"","header-above-stick-meta":"","header-main-stick-meta":"","header-below-stick-meta":"","spay_email":""},"product_cat":[39],"product_tag":[],"yoast_head":"<!-- This site is optimized with the Yoast SEO plugin v24.5 - https:\/\/yoast.com\/wordpress\/plugins\/seo\/ -->\n<title>Maison Le Mousquet - Liberta - Spray d&#039;ambiance - RueduCosmetic<\/title>\n<meta name=\"robots\" content=\"index, follow, max-snippet:-1, max-image-preview:large, max-video-preview:-1\" \/>\n<link rel=\"canonical\" href=\"https:\/\/rueducosmetic.fr\/index.php\/produit\/maison-le-mousquet-liberta-spray-dambiance\/\" \/>\n<meta property=\"og:locale\" content=\"fr_FR\" \/>\n<meta property=\"og:type\" content=\"article\" \/>\n<meta property=\"og:title\" content=\"Maison Le Mousquet - Liberta - Spray d&#039;ambiance - RueduCosmetic\" \/>\n<meta property=\"og:description\" content=\"Liberta de Maison Le Mousquet est un spray dub de Libre de YSL. Tous les sprays de la Maison le Mousquet proposent une concentration \u00e0 25% sur un format unique de 50 ml. Cette concentration puissante permet une tenue ainsi qu&rsquo;un sillage extr\u00eamement performant. La note de t\u00eate est essence de n\u00e9roli La note de &hellip; Maison Le Mousquet &#8211; Liberta &#8211; Spray d&rsquo;ambiance Lire la suite\u00a0\u00bb\" \/>\n<meta property=\"og:url\" content=\"https:\/\/rueducosmetic.fr\/index.php\/produit\/maison-le-mousquet-liberta-spray-dambiance\/\" \/>\n<meta property=\"og:site_name\" content=\"RueduCosmetic\" \/>\n<meta property=\"article:modified_time\" content=\"2026-01-09T10:11:24+00:00\" \/>\n<meta property=\"og:image\" content=\"https:\/\/rueducosmetic.fr\/wp-content\/uploads\/2024\/05\/18.png\" \/>\n\t<meta property=\"og:image:width\" content=\"1333\" \/>\n\t<meta property=\"og:image:height\" content=\"2000\" \/>\n\t<meta property=\"og:image:type\" content=\"image\/png\" \/>\n<meta name=\"twitter:card\" content=\"summary_large_image\" \/>\n<meta name=\"twitter:label1\" content=\"Dur\u00e9e de lecture estim\u00e9e\" \/>\n\t<meta name=\"twitter:data1\" content=\"1 minute\" \/>\n<script type=\"application\/ld+json\" class=\"yoast-schema-graph\">{\"@context\":\"https:\/\/schema.org\",\"@graph\":[{\"@type\":\"WebPage\",\"@id\":\"https:\/\/rueducosmetic.fr\/index.php\/produit\/maison-le-mousquet-liberta-spray-dambiance\/\",\"url\":\"https:\/\/rueducosmetic.fr\/index.php\/produit\/maison-le-mousquet-liberta-spray-dambiance\/\",\"name\":\"Maison Le Mousquet - Liberta - Spray d'ambiance - RueduCosmetic\",\"isPartOf\":{\"@id\":\"https:\/\/rueducosmetic.fr\/#website\"},\"primaryImageOfPage\":{\"@id\":\"https:\/\/rueducosmetic.fr\/index.php\/produit\/maison-le-mousquet-liberta-spray-dambiance\/#primaryimage\"},\"image\":{\"@id\":\"https:\/\/rueducosmetic.fr\/index.php\/produit\/maison-le-mousquet-liberta-spray-dambiance\/#primaryimage\"},\"thumbnailUrl\":\"https:\/\/rueducosmetic.fr\/wp-content\/uploads\/2024\/05\/18.png\",\"datePublished\":\"2024-05-29T21:05:35+00:00\",\"dateModified\":\"2026-01-09T10:11:24+00:00\",\"breadcrumb\":{\"@id\":\"https:\/\/rueducosmetic.fr\/index.php\/produit\/maison-le-mousquet-liberta-spray-dambiance\/#breadcrumb\"},\"inLanguage\":\"fr-FR\",\"potentialAction\":[{\"@type\":\"ReadAction\",\"target\":[\"https:\/\/rueducosmetic.fr\/index.php\/produit\/maison-le-mousquet-liberta-spray-dambiance\/\"]}]},{\"@type\":\"ImageObject\",\"inLanguage\":\"fr-FR\",\"@id\":\"https:\/\/rueducosmetic.fr\/index.php\/produit\/maison-le-mousquet-liberta-spray-dambiance\/#primaryimage\",\"url\":\"https:\/\/rueducosmetic.fr\/wp-content\/uploads\/2024\/05\/18.png\",\"contentUrl\":\"https:\/\/rueducosmetic.fr\/wp-content\/uploads\/2024\/05\/18.png\",\"width\":1333,\"height\":2000},{\"@type\":\"BreadcrumbList\",\"@id\":\"https:\/\/rueducosmetic.fr\/index.php\/produit\/maison-le-mousquet-liberta-spray-dambiance\/#breadcrumb\",\"itemListElement\":[{\"@type\":\"ListItem\",\"position\":1,\"name\":\"Accueil\",\"item\":\"https:\/\/rueducosmetic.fr\/\"},{\"@type\":\"ListItem\",\"position\":2,\"name\":\"Shop\",\"item\":\"https:\/\/rueducosmetic.fr\/index.php\/shop\/\"},{\"@type\":\"ListItem\",\"position\":3,\"name\":\"Maison Le Mousquet &#8211; Liberta &#8211; Spray d&rsquo;ambiance\"}]},{\"@type\":\"WebSite\",\"@id\":\"https:\/\/rueducosmetic.fr\/#website\",\"url\":\"https:\/\/rueducosmetic.fr\/\",\"name\":\"RueduCosmetic\",\"description\":\"Just another Fashion Designer Template\",\"potentialAction\":[{\"@type\":\"SearchAction\",\"target\":{\"@type\":\"EntryPoint\",\"urlTemplate\":\"https:\/\/rueducosmetic.fr\/?s={search_term_string}\"},\"query-input\":{\"@type\":\"PropertyValueSpecification\",\"valueRequired\":true,\"valueName\":\"search_term_string\"}}],\"inLanguage\":\"fr-FR\"}]}<\/script>\n<!-- \/ Yoast SEO plugin. -->","yoast_head_json":{"title":"Maison Le Mousquet - Liberta - Spray d'ambiance - RueduCosmetic","robots":{"index":"index","follow":"follow","max-snippet":"max-snippet:-1","max-image-preview":"max-image-preview:large","max-video-preview":"max-video-preview:-1"},"canonical":"https:\/\/rueducosmetic.fr\/index.php\/produit\/maison-le-mousquet-liberta-spray-dambiance\/","og_locale":"fr_FR","og_type":"article","og_title":"Maison Le Mousquet - Liberta - Spray d'ambiance - RueduCosmetic","og_description":"Liberta de Maison Le Mousquet est un spray dub de Libre de YSL. Tous les sprays de la Maison le Mousquet proposent une concentration \u00e0 25% sur un format unique de 50 ml. Cette concentration puissante permet une tenue ainsi qu&rsquo;un sillage extr\u00eamement performant. La note de t\u00eate est essence de n\u00e9roli La note de &hellip; Maison Le Mousquet &#8211; Liberta &#8211; Spray d&rsquo;ambiance Lire la suite\u00a0\u00bb","og_url":"https:\/\/rueducosmetic.fr\/index.php\/produit\/maison-le-mousquet-liberta-spray-dambiance\/","og_site_name":"RueduCosmetic","article_modified_time":"2026-01-09T10:11:24+00:00","og_image":[{"width":1333,"height":2000,"url":"https:\/\/rueducosmetic.fr\/wp-content\/uploads\/2024\/05\/18.png","type":"image\/png"}],"twitter_card":"summary_large_image","twitter_misc":{"Dur\u00e9e de lecture estim\u00e9e":"1 minute"},"schema":{"@context":"https:\/\/schema.org","@graph":[{"@type":"WebPage","@id":"https:\/\/rueducosmetic.fr\/index.php\/produit\/maison-le-mousquet-liberta-spray-dambiance\/","url":"https:\/\/rueducosmetic.fr\/index.php\/produit\/maison-le-mousquet-liberta-spray-dambiance\/","name":"Maison Le Mousquet - Liberta - Spray d'ambiance - RueduCosmetic","isPartOf":{"@id":"https:\/\/rueducosmetic.fr\/#website"},"primaryImageOfPage":{"@id":"https:\/\/rueducosmetic.fr\/index.php\/produit\/maison-le-mousquet-liberta-spray-dambiance\/#primaryimage"},"image":{"@id":"https:\/\/rueducosmetic.fr\/index.php\/produit\/maison-le-mousquet-liberta-spray-dambiance\/#primaryimage"},"thumbnailUrl":"https:\/\/rueducosmetic.fr\/wp-content\/uploads\/2024\/05\/18.png","datePublished":"2024-05-29T21:05:35+00:00","dateModified":"2026-01-09T10:11:24+00:00","breadcrumb":{"@id":"https:\/\/rueducosmetic.fr\/index.php\/produit\/maison-le-mousquet-liberta-spray-dambiance\/#breadcrumb"},"inLanguage":"fr-FR","potentialAction":[{"@type":"ReadAction","target":["https:\/\/rueducosmetic.fr\/index.php\/produit\/maison-le-mousquet-liberta-spray-dambiance\/"]}]},{"@type":"ImageObject","inLanguage":"fr-FR","@id":"https:\/\/rueducosmetic.fr\/index.php\/produit\/maison-le-mousquet-liberta-spray-dambiance\/#primaryimage","url":"https:\/\/rueducosmetic.fr\/wp-content\/uploads\/2024\/05\/18.png","contentUrl":"https:\/\/rueducosmetic.fr\/wp-content\/uploads\/2024\/05\/18.png","width":1333,"height":2000},{"@type":"BreadcrumbList","@id":"https:\/\/rueducosmetic.fr\/index.php\/produit\/maison-le-mousquet-liberta-spray-dambiance\/#breadcrumb","itemListElement":[{"@type":"ListItem","position":1,"name":"Accueil","item":"https:\/\/rueducosmetic.fr\/"},{"@type":"ListItem","position":2,"name":"Shop","item":"https:\/\/rueducosmetic.fr\/index.php\/shop\/"},{"@type":"ListItem","position":3,"name":"Maison Le Mousquet &#8211; Liberta &#8211; Spray d&rsquo;ambiance"}]},{"@type":"WebSite","@id":"https:\/\/rueducosmetic.fr\/#website","url":"https:\/\/rueducosmetic.fr\/","name":"RueduCosmetic","description":"Just another Fashion Designer Template","potentialAction":[{"@type":"SearchAction","target":{"@type":"EntryPoint","urlTemplate":"https:\/\/rueducosmetic.fr\/?s={search_term_string}"},"query-input":{"@type":"PropertyValueSpecification","valueRequired":true,"valueName":"search_term_string"}}],"inLanguage":"fr-FR"}]}},"_links":{"self":[{"href":"https:\/\/rueducosmetic.fr\/index.php\/wp-json\/wp\/v2\/product\/1644"}],"collection":[{"href":"https:\/\/rueducosmetic.fr\/index.php\/wp-json\/wp\/v2\/product"}],"about":[{"href":"https:\/\/rueducosmetic.fr\/index.php\/wp-json\/wp\/v2\/types\/product"}],"replies":[{"embeddable":true,"href":"https:\/\/rueducosmetic.fr\/index.php\/wp-json\/wp\/v2\/comments?post=1644"}],"wp:featuredmedia":[{"embeddable":true,"href":"https:\/\/rueducosmetic.fr\/index.php\/wp-json\/wp\/v2\/media\/1696"}],"wp:attachment":[{"href":"https:\/\/rueducosmetic.fr\/index.php\/wp-json\/wp\/v2\/media?parent=1644"}],"wp:term":[{"taxonomy":"product_cat","embeddable":true,"href":"https:\/\/rueducosmetic.fr\/index.php\/wp-json\/wp\/v2\/product_cat?post=1644"},{"taxonomy":"product_tag","embeddable":true,"href":"https:\/\/rueducosmetic.fr\/index.php\/wp-json\/wp\/v2\/product_tag?post=1644"}],"curies":[{"name":"wp","href":"https:\/\/api.w.org\/{rel}","templated":true}]}}